{"id":173,"date":"2023-12-30T18:31:09","date_gmt":"2023-12-30T16:31:09","guid":{"rendered":"https:\/\/webs.uab.cat\/gabrmn\/?page_id=173"},"modified":"2024-01-01T22:25:59","modified_gmt":"2024-01-01T20:25:59","slug":"2012-2","status":"publish","type":"page","link":"https:\/\/webs.uab.cat\/gabrmn\/2012-2\/","title":{"rendered":"2012"},"content":{"rendered":"\n<p><em>Juli\u00e0-Sap\u00e9 M, Coronel I<\/em>, Maj\u00f3s C, <strong>Candiota AP<\/strong>, Serrallonga M, Cos M, Aguilera C, Acebes JJ, Griffiths JR, <strong>Ar\u00fas C<\/strong>. Prospective diagnostic performance evaluation of single-voxel 1H MRS for typing and grading of brain tumours. NMR Biomed. 2012 Apr;25(4):661-73. <a href=\"https:\/\/analyticalsciencejournals.onlinelibrary.wiley.com\/doi\/10.1002\/nbm.1782\" target=\"_blank\" rel=\"noreferrer noopener\">doi: 10.1002\/nbm.1782<\/a>. Epub 2011 Sep 23. PMID: 21954036.<\/p>\n\n\n\n<p><em>Juli\u00e0-Sap\u00e9 M<\/em>, Lurgi M, <em>Mier M<\/em>, Estanyol F, Rafael X, <strong>Candiota AP<\/strong>, Barcel\u00f3 A, Garc\u00eda A, Mart\u00ednez-Bisbal MC, Ferrer-Luna R, Moreno-Torres \u00c1, Celda B, <strong>Ar\u00fas C<\/strong>. Strategies for annotation and curation of translational databases: the eTUMOUR project. Database (Oxford). 2012 Nov 22;2012:bas035. <a href=\"https:\/\/academic.oup.com\/database\/article\/doi\/10.1093\/database\/bas035\/437336?login=false\" target=\"_blank\" rel=\"noreferrer noopener\">doi: 10.1093\/database\/bas035<\/a>. PMID: 23180768; PMCID: PMC3504476.<\/p>\n\n\n\n<p>Castells X, Acebes JJ, Maj\u00f3s C, Boluda S, <em>Juli\u00e0-Sap\u00e9 M<\/em>, <strong>Candiota AP<\/strong>, Ari\u00f1o J, Barcel\u00f3 A, <strong>Ar\u00fas C<\/strong>. Development of robust discriminant equations for assessing subtypes of glioblastoma biopsies. Br J Cancer. 2012 May 22;106(11):1816-25. <a href=\"https:\/\/www.nature.com\/articles\/bjc2012174\" target=\"_blank\" rel=\"noreferrer noopener\">doi: 10.1038\/bjc.2012.174<\/a>. Epub 2012 May 8. PMID: 22568967; PMCID: PMC3364559.<\/p>\n\n\n\n<p><em>Sim\u00f5es RV, Ortega-Martorell S, Delgado-Go\u00f1i T, <\/em>Le Fur Y, Pumarola M, <strong>Candiota AP<\/strong>, <em>Mart\u00edn J,<\/em> Stoyanova R, Cozzone PJ, <em>Juli\u00e0-Sap\u00e9 M<\/em>, <strong>Ar\u00fas C<\/strong>. Improving the classification of brain tumors in mice with perturbation enhanced (PE)-MRSI. Integr Biol (Camb). 2012 Feb;4(2):183-91. <a href=\"https:\/\/academic.oup.com\/ib\/article-abstract\/4\/2\/183\/5210386?redirectedFrom=fulltext&amp;login=false\" target=\"_blank\" rel=\"noreferrer noopener\">doi: 10.1039\/c2ib00079b<\/a>. Epub 2011 Dec 23. PMID: 22193155.<\/p>\n\n\n\n<p>Cavalli S, Carbajo D, <em>Acosta M<\/em>, Lope-Piedrafita S, <strong>Candiota AP, Ar\u00fas C<\/strong>, Royo M, Albericio F. Efficient \u03b3-amino-proline-derived cell penetrating peptide-superparamagnetic iron oxide nanoparticle conjugates via aniline-catalyzed oxime chemistry as bimodal imaging nanoagents. Chem Commun (Camb). 2012 May 28;48(43):5322-4. <a href=\"https:\/\/pubs.rsc.org\/en\/content\/articlelanding\/2012\/CC\/c2cc17937g\" target=\"_blank\" rel=\"noreferrer noopener\">doi: 10.1039\/c2cc17937g<\/a>. Epub 2012 Apr 20. PMID: 22516929.<\/p>\n\n\n\n<p><em>Davila M<\/em>, <strong>Candiota AP,<\/strong> Pumarola M, <strong>Arus C. <\/strong>Minimization of spectral pattern changes during HRMAS experiments at 37 degrees celsius by prior focused microwave irradiation. MAGMA. 2012 Oct;25(5):401-10. <a href=\"https:\/\/link.springer.com\/article\/10.1007\/s10334-012-0303-1\" target=\"_blank\" rel=\"noreferrer noopener\">doi: 10.1007\/s10334-012-0303-1<\/a>. PMID: 22286777.<\/p>\n\n\n\n<p><em>Mart\u00edn-Sitjar J, Delgado-Go\u00f1i T, Caba\u00f1as ME<\/em>, Tzen J,<strong> Ar\u00fas C.<\/strong> Influence of the spinning rate in the HR-MAS pattern of mobile lipids in C6 glioma cells and in artificial oil bodies. MAGMA. 2012 Dec;25(6):487-96. <a href=\"https:\/\/link.springer.com\/article\/10.1007\/s10334-012-0327-6\" target=\"_blank\" rel=\"noreferrer noopener\">doi: 10.1007\/s10334-012-0327-6<\/a>. Epub 2012 Jul 20. PMID: 23011574.<\/p>\n\n\n\n<p><em>Ortega-Martorell S<\/em>, Lisboa PJ, Vellido A, <em>Sim\u00f5es RV<\/em>, Pumarola M, <em>Juli\u00e0-Sap\u00e9 M<\/em>, <strong>Ar\u00fas C.<\/strong> Convex non-negative matrix factorization for brain tumor delimitation from MRSI data. PLoS One. 2012;7(10):e47824. <a href=\"https:\/\/journals.plos.org\/plosone\/article?id=10.1371\/journal.pone.0047824\" target=\"_blank\" rel=\"noreferrer noopener\">doi: 10.1371\/journal.pone.0047824<\/a>. Epub 2012 Oct 23. PMID: 23110107; PMCID: PMC3479143.<\/p>\n\n\n\n<p><em>Ortega-Martorell S,<\/em> Lisboa PJ, Vellido A, <em>Juli\u00e0-Sap\u00e9 M<\/em>, <strong>Ar\u00fas C<\/strong>. Non-negative matrix factorisation methods for the spectral decomposition of MRS data from human brain tumours. BMC Bioinformatics. 2012 Mar 8;13:38. <a href=\"https:\/\/bmcbioinformatics.biomedcentral.com\/articles\/10.1186\/1471-2105-13-38\" target=\"_blank\" rel=\"noreferrer noopener\">doi: 10.1186\/1471-2105-13-38<\/a>. PMID: 22401579; PMCID: PMC3364901.<\/p>\n\n\n\n<p>Vellido A, Romero E, <em>Juli\u00e0-Sap\u00e9 M,<\/em> Maj\u00f3s C, Moreno-Torres \u00c1, Pujol J, <strong>Ar\u00fas C.<\/strong> Robust discrimination of glioblastomas from metastatic brain tumors on the basis of single-voxel (1)H MRS. NMR Biomed. 2012 Jun;25(6):819-28. <a href=\"https:\/\/analyticalsciencejournals.onlinelibrary.wiley.com\/doi\/10.1002\/nbm.1797\" target=\"_blank\" rel=\"noreferrer noopener\">doi: 10.1002\/nbm.1797<\/a>. Epub 2011 Nov 13. PMID: 22081447.<\/p>\n","protected":false},"excerpt":{"rendered":"<p>Juli\u00e0-Sap\u00e9 M, Coronel I, Maj\u00f3s C, Candiota AP, Serrallonga M, Cos M, Aguilera C, Acebes JJ, Griffiths JR, Ar\u00fas C. Prospective diagnostic performance evaluation of single-voxel 1H MRS for typing and grading of brain tumours. NMR Biomed. 2012 Apr;25(4):661-73. doi: 10.1002\/nbm.1782. Epub 2011 Sep 23. PMID: 21954036. Juli\u00e0-Sap\u00e9 M, Lurgi M, Mier M, Estanyol F, [&hellip;]<\/p>\n","protected":false},"author":2658,"featured_media":0,"parent":0,"menu_order":0,"comment_status":"closed","ping_status":"closed","template":"","meta":{"footnotes":""},"class_list":["post-173","page","type-page","status-publish","hentry"],"_links":{"self":[{"href":"https:\/\/webs.uab.cat\/gabrmn\/wp-json\/wp\/v2\/pages\/173","targetHints":{"allow":["GET"]}}],"collection":[{"href":"https:\/\/webs.uab.cat\/gabrmn\/wp-json\/wp\/v2\/pages"}],"about":[{"href":"https:\/\/webs.uab.cat\/gabrmn\/wp-json\/wp\/v2\/types\/page"}],"author":[{"embeddable":true,"href":"https:\/\/webs.uab.cat\/gabrmn\/wp-json\/wp\/v2\/users\/2658"}],"replies":[{"embeddable":true,"href":"https:\/\/webs.uab.cat\/gabrmn\/wp-json\/wp\/v2\/comments?post=173"}],"version-history":[{"count":2,"href":"https:\/\/webs.uab.cat\/gabrmn\/wp-json\/wp\/v2\/pages\/173\/revisions"}],"predecessor-version":[{"id":418,"href":"https:\/\/webs.uab.cat\/gabrmn\/wp-json\/wp\/v2\/pages\/173\/revisions\/418"}],"wp:attachment":[{"href":"https:\/\/webs.uab.cat\/gabrmn\/wp-json\/wp\/v2\/media?parent=173"}],"curies":[{"name":"wp","href":"https:\/\/api.w.org\/{rel}","templated":true}]}}