{"id":188,"date":"2023-12-30T19:06:04","date_gmt":"2023-12-30T17:06:04","guid":{"rendered":"https:\/\/webs.uab.cat\/gabrmn\/?page_id=188"},"modified":"2023-12-30T19:06:04","modified_gmt":"2023-12-30T17:06:04","slug":"2011-2","status":"publish","type":"page","link":"https:\/\/webs.uab.cat\/gabrmn\/2011-2\/","title":{"rendered":"2011"},"content":{"rendered":"\n<p><strong>Candiota AP, <\/strong>Maj\u00f3s C, <em>Juli\u00e0-Sap\u00e9 M, Caba\u00f1as M<\/em>, Acebes JJ, <em>Moreno-Torres A<\/em>, Griffiths JR, <strong>Ar\u00fas C<\/strong>. Non-invasive grading of astrocytic tumours from the relative contents of myo-inositol and glycine measured by in vivo MRS. JBR-BTR. 2011 Nov-Dec;94(6):319-29. <a href=\"https:\/\/jbsr.be\/articles\/10.5334\/jbr-btr.698\">doi: 10.5334\/jbr-btr.698<\/a>. PMID: 22338386.<\/p>\n\n\n\n<p>Tortajada S, Fuster-Garcia E, Vicente J, Wesseling P, Howe FA, <em>Juli\u00e0-Sap\u00e9 M<\/em>, <strong>Candiota AP<\/strong>, Monle\u00f3n D, <em>Moreno-Torres A, <\/em>Pujol J, Griffiths JR, Wright A, Peet AC, Mart\u00ednez-Bisbal MC, Celda B, <strong>Ar\u00fas C,<\/strong> Robles M, Garc\u00eda-G\u00f3mez JM. Incremental Gaussian Discriminant Analysis based on Graybill and Deal weighted combination of estimators for brain tumour diagnosis. J Biomed Inform. 2011 Aug;44(4):677-87. <a href=\"https:\/\/www.sciencedirect.com\/science\/article\/pii\/S1532046411000384?via%3Dihub\">doi: 10.1016\/j.jbi.2011.02.009<\/a>. Epub 2011 Mar 4. PMID: 21377545.<\/p>\n\n\n\n<p>Maj\u00f3s C, Bruna J, <em>Juli\u00e0-Sap\u00e9 M<\/em>, Cos M, Camins A, Gil M, Acebes JJ, Aguilera C, <strong>Ar\u00fas C<\/strong>. Proton MR spectroscopy provides relevant prognostic information in high-grade astrocytomas. AJNR Am J Neuroradiol. 2011 Jan;32(1):74-80. <a href=\"https:\/\/www.ajnr.org\/content\/32\/1\/74.long\">doi: 10.3174\/ajnr.A2251<\/a>. Epub 2010 Oct 28. PMID: 21030477; PMCID: PMC7964967.<\/p>\n\n\n\n<p>Fuster-Garcia E, Navarro C, Vicente J, Tortajada S, Garc\u00eda-G\u00f3mez JM, S\u00e1ez C, Calvar J, Griffiths J, <em>Juli\u00e0-Sap\u00e9 M<\/em>, Howe FA, Pujol J, Peet AC, Heerschap A, <em>Moreno-Torres A,<\/em> Mart\u00ednez-Bisbal MC, Mart\u00ednez-Granados B, Wesseling P, Semmler W, Capellades J, Maj\u00f3s C, Alberich-Bayarri A, Capdevila A, Monle\u00f3n D, Mart\u00ed-Bonmat\u00ed L, <strong>Ar\u00fas C<\/strong>, Celda B, Robles M. Compatibility between 3T 1H SV-MRS data and automatic brain tumour diagnosis support systems based on databases of 1.5T 1H SV-MRS spectra. MAGMA. 2011 Feb;24(1):35-42. <a href=\"https:\/\/link.springer.com\/article\/10.1007\/s10334-010-0241-8\">doi: 10.1007\/s10334-010-0241-8<\/a>. Epub 2011 Jan 20. PMID: 21249420.<\/p>\n","protected":false},"excerpt":{"rendered":"<p>Candiota AP, Maj\u00f3s C, Juli\u00e0-Sap\u00e9 M, Caba\u00f1as M, Acebes JJ, Moreno-Torres A, Griffiths JR, Ar\u00fas C. Non-invasive grading of astrocytic tumours from the relative contents of myo-inositol and glycine measured by in vivo MRS. JBR-BTR. 2011 Nov-Dec;94(6):319-29. doi: 10.5334\/jbr-btr.698. PMID: 22338386. Tortajada S, Fuster-Garcia E, Vicente J, Wesseling P, Howe FA, Juli\u00e0-Sap\u00e9 M, Candiota AP, [&hellip;]<\/p>\n","protected":false},"author":2658,"featured_media":0,"parent":0,"menu_order":0,"comment_status":"closed","ping_status":"closed","template":"","meta":{"footnotes":""},"class_list":["post-188","page","type-page","status-publish","hentry"],"_links":{"self":[{"href":"https:\/\/webs.uab.cat\/gabrmn\/wp-json\/wp\/v2\/pages\/188","targetHints":{"allow":["GET"]}}],"collection":[{"href":"https:\/\/webs.uab.cat\/gabrmn\/wp-json\/wp\/v2\/pages"}],"about":[{"href":"https:\/\/webs.uab.cat\/gabrmn\/wp-json\/wp\/v2\/types\/page"}],"author":[{"embeddable":true,"href":"https:\/\/webs.uab.cat\/gabrmn\/wp-json\/wp\/v2\/users\/2658"}],"replies":[{"embeddable":true,"href":"https:\/\/webs.uab.cat\/gabrmn\/wp-json\/wp\/v2\/comments?post=188"}],"version-history":[{"count":1,"href":"https:\/\/webs.uab.cat\/gabrmn\/wp-json\/wp\/v2\/pages\/188\/revisions"}],"predecessor-version":[{"id":189,"href":"https:\/\/webs.uab.cat\/gabrmn\/wp-json\/wp\/v2\/pages\/188\/revisions\/189"}],"wp:attachment":[{"href":"https:\/\/webs.uab.cat\/gabrmn\/wp-json\/wp\/v2\/media?parent=188"}],"curies":[{"name":"wp","href":"https:\/\/api.w.org\/{rel}","templated":true}]}}