{"id":191,"date":"2023-12-30T19:13:04","date_gmt":"2023-12-30T17:13:04","guid":{"rendered":"https:\/\/webs.uab.cat\/gabrmn\/?page_id=191"},"modified":"2024-01-01T22:26:26","modified_gmt":"2024-01-01T20:26:26","slug":"2010-2","status":"publish","type":"page","link":"https:\/\/webs.uab.cat\/gabrmn\/2010-2\/","title":{"rendered":"2010"},"content":{"rendered":"\n<p><em>Valverde-Saub\u00ed D,<\/em> <strong>Candiota AP,<\/strong> Molins MA, Feliz M, Godino O, <em>D\u00e1vila M<\/em>, Acebes JJ, <strong>Ar\u00fas C<\/strong>. Short-term temperature effect on the HRMAS spectra of human brain tumor biopsies and their pattern recognition analysis. MAGMA. 2010 Sep;23(4):203-15. <a href=\"https:\/\/link.springer.com\/article\/10.1007\/s10334-010-0218-7\" target=\"_blank\" rel=\"noreferrer noopener\">doi: 10.1007\/s10334-010-0218-7<\/a>. Epub 2010 Jun 13. PMID: 20549297.<\/p>\n\n\n\n<p>Castells X, Acebes JJ, Boluda S, <em>Moreno-Torres A<\/em>, Pujol J, <em>Juli\u00e0-Sap\u00e9 M<\/em>, <strong>Candiota AP<\/strong>, Ari\u00f1o J, Barcel\u00f3 A, <strong>Ar\u00fas C.<\/strong> Development of a predictor for human brain tumors based on gene expression values obtained from two types of microarray technologies. OMICS. 2010 Apr;14(2):157-64. <a href=\"https:\/\/digital.csic.es\/handle\/10261\/76114\" target=\"_blank\" rel=\"noreferrer noopener\">doi: 10.1089\/omi.2009.0093<\/a>. PMID: 20235875.<\/p>\n\n\n\n<p><em>Sim\u00f5es RV, Delgado-Go\u00f1i T<\/em>, Lope-Piedrafita S, <strong>Ar\u00fas C.<\/strong> 1H-MRSI pattern perturbation in a mouse glioma: the effects of acute hyperglycemia and moderate hypothermia. NMR Biomed. 2010 Jan;23(1):23-33. <a href=\"https:\/\/analyticalsciencejournals.onlinelibrary.wiley.com\/doi\/10.1002\/nbm.1421\" target=\"_blank\" rel=\"noreferrer noopener\">doi: 10.1002\/nbm.1421<\/a>. PMID: 19670263.<\/p>\n\n\n\n<p><em>Ortega-Martorell S, Olier I, Juli\u00e0-Sap\u00e9 M, <\/em><strong>Ar\u00fas C.<\/strong> SpectraClassifier 1.0: a user friendly, automated MRS-based classifier-development system. BMC Bioinformatics. 2010 Feb 24;11:106. <a href=\"https:\/\/bmcbioinformatics.biomedcentral.com\/articles\/10.1186\/1471-2105-11-106\" target=\"_blank\" rel=\"noreferrer noopener\">doi: 10.1186\/1471-2105-11-106<\/a>. PMID: 20181285; PMCID: PMC2846905.<\/p>\n\n\n\n<p><em>Quintero M, Caba\u00f1as ME<\/em>, <strong>Ar\u00fas C. <\/strong>13C-labelling studies indicate compartmentalized synthesis of triacylglycerols in C6 rat glioma cells. Biochim Biophys Acta. 2010 Jul;1801(7):693-701. <a href=\"https:\/\/www.sciencedirect.com\/science\/article\/abs\/pii\/S1388198110000697?via%3Dihub\" target=\"_blank\" rel=\"noreferrer noopener\">doi: 10.1016\/j.bbalip.2010.03.013<\/a>. Epub 2010 Apr 7. PMID: 20380892.<\/p>\n\n\n\n<p><em>P\u00e9rez-Ruiz A, Juli\u00e0-Sap\u00e9 M, Mercadal G, Olier I,<\/em> Maj\u00f3s C, <strong>Ar\u00fas C.<\/strong> The INTERPRET Decision-Support System version 3.0 for evaluation of Magnetic Resonance Spectroscopy data from human brain tumours and other abnormal brain masses. BMC Bioinformatics. 2010 Nov 29;11:581. <a href=\"https:\/\/bmcbioinformatics.biomedcentral.com\/articles\/10.1186\/1471-2105-11-581\" target=\"_blank\" rel=\"noreferrer noopener\">doi: 10.1186\/1471-2105-11-581<\/a>. PMID: 21114820; PMCID: PMC3004884.<\/p>\n","protected":false},"excerpt":{"rendered":"<p>Valverde-Saub\u00ed D, Candiota AP, Molins MA, Feliz M, Godino O, D\u00e1vila M, Acebes JJ, Ar\u00fas C. Short-term temperature effect on the HRMAS spectra of human brain tumor biopsies and their pattern recognition analysis. MAGMA. 2010 Sep;23(4):203-15. doi: 10.1007\/s10334-010-0218-7. Epub 2010 Jun 13. PMID: 20549297. Castells X, Acebes JJ, Boluda S, Moreno-Torres A, Pujol J, Juli\u00e0-Sap\u00e9 [&hellip;]<\/p>\n","protected":false},"author":2658,"featured_media":0,"parent":0,"menu_order":0,"comment_status":"closed","ping_status":"closed","template":"","meta":{"footnotes":""},"class_list":["post-191","page","type-page","status-publish","hentry"],"_links":{"self":[{"href":"https:\/\/webs.uab.cat\/gabrmn\/wp-json\/wp\/v2\/pages\/191","targetHints":{"allow":["GET"]}}],"collection":[{"href":"https:\/\/webs.uab.cat\/gabrmn\/wp-json\/wp\/v2\/pages"}],"about":[{"href":"https:\/\/webs.uab.cat\/gabrmn\/wp-json\/wp\/v2\/types\/page"}],"author":[{"embeddable":true,"href":"https:\/\/webs.uab.cat\/gabrmn\/wp-json\/wp\/v2\/users\/2658"}],"replies":[{"embeddable":true,"href":"https:\/\/webs.uab.cat\/gabrmn\/wp-json\/wp\/v2\/comments?post=191"}],"version-history":[{"count":2,"href":"https:\/\/webs.uab.cat\/gabrmn\/wp-json\/wp\/v2\/pages\/191\/revisions"}],"predecessor-version":[{"id":419,"href":"https:\/\/webs.uab.cat\/gabrmn\/wp-json\/wp\/v2\/pages\/191\/revisions\/419"}],"wp:attachment":[{"href":"https:\/\/webs.uab.cat\/gabrmn\/wp-json\/wp\/v2\/media?parent=191"}],"curies":[{"name":"wp","href":"https:\/\/api.w.org\/{rel}","templated":true}]}}