{"id":197,"date":"2023-12-30T19:23:13","date_gmt":"2023-12-30T17:23:13","guid":{"rendered":"https:\/\/webs.uab.cat\/gabrmn\/?page_id=197"},"modified":"2024-01-01T22:27:05","modified_gmt":"2024-01-01T20:27:05","slug":"2008-2","status":"publish","type":"page","link":"https:\/\/webs.uab.cat\/gabrmn\/2008-2\/","title":{"rendered":"2008"},"content":{"rendered":"\n<p><em>Sim\u00f5es RV<\/em>, Garc\u00eda-Mart\u00edn ML, Cerd\u00e1n S, <strong>Ar\u00fas C<\/strong>. Perturbation of mouse glioma MRS pattern by induced acute hyperglycemia. NMR Biomed. 2008 Mar;21(3):251-64. <a href=\"https:\/\/analyticalsciencejournals.onlinelibrary.wiley.com\/doi\/10.1002\/nbm.1188\" target=\"_blank\" rel=\"noreferrer noopener\">doi: 10.1002\/nbm.1188<\/a>. PMID: 17600847.<\/p>\n\n\n\n<p>van der Graaf M, <em>Juli\u00e0-Sap\u00e9 M<\/em>, Howe FA, Ziegler A, Maj\u00f3s C, <em>Moreno-Torres A<\/em>, Rijpkema M,<em> Acosta D<\/em>, Opstad KS, van der Meulen YM, <strong>Ar\u00fas C<\/strong>, Heerschap A. MRS quality assessment in a multicentre study on MRS-based classification of brain tumours. NMR Biomed. 2008 Feb;21(2):148-58. <a href=\"https:\/\/analyticalsciencejournals.onlinelibrary.wiley.com\/doi\/10.1002\/nbm.1172\" target=\"_blank\" rel=\"noreferrer noopener\">doi: 10.1002\/nbm.1172<\/a>. PMID: 17458918.<\/p>\n\n\n\n<p><em>Sim\u00f5es RV<\/em>, Martinez-Aranda A, Mart\u00edn B, Cerd\u00e1n S, Sierra A, <strong>Ar\u00fas C<\/strong>. Preliminary characterization of an experimental breast cancer cells brain metastasis mouse model by MRI\/MRS. MAGMA. 2008 Jul;21(4):237-49. <a href=\"https:\/\/link.springer.com\/article\/10.1007\/s10334-008-0114-6\" target=\"_blank\" rel=\"noreferrer noopener\">doi: 10.1007\/s10334-008-0114-6<\/a>. Epub 2008 May 31. PMID: 18516631.<\/p>\n\n\n\n<p>Wright AJ, <strong>Ar\u00fas C<\/strong>, Wijnen JP, <em>Moreno-Torres A<\/em>, Griffiths JR, Celda B, Howe FA. Automated quality control protocol for MR spectra of brain tumors. Magn Reson Med. 2008 Jun;59(6):1274-81. <a href=\"https:\/\/onlinelibrary.wiley.com\/doi\/10.1002\/mrm.21533\" target=\"_blank\" rel=\"noreferrer noopener\">doi: 10.1002\/mrm.21533<\/a>. PMID: 18506793.<\/p>\n\n\n\n<p>Garc\u00eda-G\u00f3mez JM, Tortajada S, Vidal C, <em>Juli\u00e0-Sap\u00e9 M<\/em>, Luts J, <em>Moreno-Torres A,<\/em> Van Huffel S, <strong>Ar\u00fas C<\/strong>, Robles M. The effect of combining two echo times in automatic brain tumor classification by MRS. NMR Biomed. 2008 Nov;21(10):1112-25. <a href=\"https:\/\/analyticalsciencejournals.onlinelibrary.wiley.com\/doi\/10.1002\/nbm.1288\" target=\"_blank\" rel=\"noreferrer noopener\">doi: 10.1002\/nbm.1288<\/a>. PMID: 18759382.<\/p>\n","protected":false},"excerpt":{"rendered":"<p>Sim\u00f5es RV, Garc\u00eda-Mart\u00edn ML, Cerd\u00e1n S, Ar\u00fas C. Perturbation of mouse glioma MRS pattern by induced acute hyperglycemia. NMR Biomed. 2008 Mar;21(3):251-64. doi: 10.1002\/nbm.1188. PMID: 17600847. van der Graaf M, Juli\u00e0-Sap\u00e9 M, Howe FA, Ziegler A, Maj\u00f3s C, Moreno-Torres A, Rijpkema M, Acosta D, Opstad KS, van der Meulen YM, Ar\u00fas C, Heerschap A. MRS [&hellip;]<\/p>\n","protected":false},"author":2658,"featured_media":0,"parent":0,"menu_order":0,"comment_status":"closed","ping_status":"closed","template":"","meta":{"footnotes":""},"class_list":["post-197","page","type-page","status-publish","hentry"],"_links":{"self":[{"href":"https:\/\/webs.uab.cat\/gabrmn\/wp-json\/wp\/v2\/pages\/197","targetHints":{"allow":["GET"]}}],"collection":[{"href":"https:\/\/webs.uab.cat\/gabrmn\/wp-json\/wp\/v2\/pages"}],"about":[{"href":"https:\/\/webs.uab.cat\/gabrmn\/wp-json\/wp\/v2\/types\/page"}],"author":[{"embeddable":true,"href":"https:\/\/webs.uab.cat\/gabrmn\/wp-json\/wp\/v2\/users\/2658"}],"replies":[{"embeddable":true,"href":"https:\/\/webs.uab.cat\/gabrmn\/wp-json\/wp\/v2\/comments?post=197"}],"version-history":[{"count":2,"href":"https:\/\/webs.uab.cat\/gabrmn\/wp-json\/wp\/v2\/pages\/197\/revisions"}],"predecessor-version":[{"id":421,"href":"https:\/\/webs.uab.cat\/gabrmn\/wp-json\/wp\/v2\/pages\/197\/revisions\/421"}],"wp:attachment":[{"href":"https:\/\/webs.uab.cat\/gabrmn\/wp-json\/wp\/v2\/media?parent=197"}],"curies":[{"name":"wp","href":"https:\/\/api.w.org\/{rel}","templated":true}]}}