{"id":2,"date":"2023-05-02T12:52:18","date_gmt":"2023-05-02T10:52:18","guid":{"rendered":"https:\/\/webs.uab.cat\/gabrmn\/?page_id=2"},"modified":"2026-04-02T20:00:56","modified_gmt":"2026-04-02T18:00:56","slug":"pagina-exemple","status":"publish","type":"page","link":"https:\/\/webs.uab.cat\/gabrmn\/","title":{"rendered":"Grup d&#8217;Aplicacions Biom\u00e8diques                         de la RMN"},"content":{"rendered":"\n<p><\/p>\n\n\n\n<p>El Grup d&#8217;Aplicacions Biom\u00e8diques de la RMN existeix des de 1985, amb una reconeguda traject\u00f2ria relacionada a la resson\u00e0ncia magn\u00e8tica i les seves aplicacions a la biologia, bioqu\u00edmica i medicina.  L&#8217;expertise del grup es dona tant a nivell in vitro\/ex vivo amb an\u00e0lisi de mostres i extractes, com a nivell in vivo, explorant el potencial d&#8217;imatge i espectroscopia per resson\u00e0ncia magn\u00e8tica.<\/p>\n\n\n\n<p>Actualment, el grup \u00e9s liderat per la Dra. <a href=\"https:\/\/webs.uab.cat\/gabrmn\/ana-paula-candiota\/\">Ana Paula Candiota<\/a>, qui succeeix el que fins 2023 va ser l&#8217;IP de grup, el Prof. <a href=\"https:\/\/webs.uab.cat\/gabrmn\/carles-arus\/\">Carles Ar\u00fas<\/a>. El grup orienta ara la seva recerca al seguiment no invasiu de la ter\u00e0pia del c\u00e0ncer en models precl\u00ednics, principalment de glioblastoma, utilitzant t\u00e8cniques de resson\u00e0ncia magn\u00e8tica. L&#8217;estudi de noves ter\u00e0pies, aix\u00ed com les modificacions al microambient tumoral i el seu impacte en el seguiment no invasiu, son camps a destacar en la recerca del grup en el present.<\/p>\n\n\n\n<p>Consulteu el men\u00fa per informar-vos de la ubicaci\u00f3, composici\u00f3 actual del grup, projectes de recerca i articles a destacar. <\/p>\n","protected":false},"excerpt":{"rendered":"<p>El Grup d&#8217;Aplicacions Biom\u00e8diques de la RMN existeix des de 1985, amb una reconeguda traject\u00f2ria relacionada a la resson\u00e0ncia magn\u00e8tica i les seves aplicacions a la biologia, bioqu\u00edmica i medicina. L&#8217;expertise del grup es dona tant a nivell in vitro\/ex vivo amb an\u00e0lisi de mostres i extractes, com a nivell in vivo, explorant el potencial [&hellip;]<\/p>\n","protected":false},"author":2658,"featured_media":0,"parent":0,"menu_order":0,"comment_status":"closed","ping_status":"open","template":"","meta":{"footnotes":""},"class_list":["post-2","page","type-page","status-publish","hentry"],"_links":{"self":[{"href":"https:\/\/webs.uab.cat\/gabrmn\/wp-json\/wp\/v2\/pages\/2","targetHints":{"allow":["GET"]}}],"collection":[{"href":"https:\/\/webs.uab.cat\/gabrmn\/wp-json\/wp\/v2\/pages"}],"about":[{"href":"https:\/\/webs.uab.cat\/gabrmn\/wp-json\/wp\/v2\/types\/page"}],"author":[{"embeddable":true,"href":"https:\/\/webs.uab.cat\/gabrmn\/wp-json\/wp\/v2\/users\/2658"}],"replies":[{"embeddable":true,"href":"https:\/\/webs.uab.cat\/gabrmn\/wp-json\/wp\/v2\/comments?post=2"}],"version-history":[{"count":10,"href":"https:\/\/webs.uab.cat\/gabrmn\/wp-json\/wp\/v2\/pages\/2\/revisions"}],"predecessor-version":[{"id":1130,"href":"https:\/\/webs.uab.cat\/gabrmn\/wp-json\/wp\/v2\/pages\/2\/revisions\/1130"}],"wp:attachment":[{"href":"https:\/\/webs.uab.cat\/gabrmn\/wp-json\/wp\/v2\/media?parent=2"}],"curies":[{"name":"wp","href":"https:\/\/api.w.org\/{rel}","templated":true}]}}