{"id":200,"date":"2023-12-30T19:29:37","date_gmt":"2023-12-30T17:29:37","guid":{"rendered":"https:\/\/webs.uab.cat\/gabrmn\/?page_id=200"},"modified":"2024-01-01T22:27:30","modified_gmt":"2024-01-01T20:27:30","slug":"2007-2","status":"publish","type":"page","link":"https:\/\/webs.uab.cat\/gabrmn\/2007-2\/","title":{"rendered":"2007"},"content":{"rendered":"\n<p>Rodr\u00edguez E, <em>Simoes RV<\/em>, Roig A, Molins E, Nedelko N, Slawska-Waniewska A, Aime S, <strong>Ar\u00fas C<\/strong>, <em>Caba\u00f1as ME<\/em>, Sanfeliu C, Cerd\u00e1n S, Garc\u00eda-Mart\u00edn ML. An iron-based T1 contrast agent made of iron-phosphate complexes: in vitro and in vivo studies. MAGMA. 2007 Feb;20(1):27-37. <a href=\"https:\/\/link.springer.com\/article\/10.1007\/s10334-006-0066-7\" target=\"_blank\" rel=\"noreferrer noopener\">doi: 10.1007\/s10334-006-0066-7<\/a>. Epub 2007 Feb 1. PMID: 17268782.<\/p>\n\n\n\n<p>Lu C, Devos A, Suykens JA, <strong>Ar\u00fas C,<\/strong> Van Huffel S. Bagging linear sparse Bayesian learning models for variable selection in cancer diagnosis. IEEE Trans Inf Technol Biomed. 2007 May;11(3):338-47. <a href=\"https:\/\/ieeexplore.ieee.org\/document\/4167897\" target=\"_blank\" rel=\"noreferrer noopener\">doi: 10.1109\/titb.2006.889702<\/a>. PMID: 17521084.<\/p>\n\n\n\n<p><em>Oriol A, Valverde D<\/em>, Capellades J, <em>Caba\u00f1as ME<\/em>, Ribera JM, <strong>Ar\u00fas C<\/strong>. In vivo quantification of response to treatment in patients with multiple myeloma by 1H magnetic resonance spectroscopy of bone marrow. MAGMA. 2007 Apr;20(2):93-101. <a href=\"https:\/\/link.springer.com\/article\/10.1007\/s10334-007-0072-4\" target=\"_blank\" rel=\"noreferrer noopener\">doi: 10.1007\/s10334-007-0072-4<\/a>. Epub 2007 Apr 5. PMID: 17410391.<\/p>\n\n\n\n<p><em>Quintero M, Caba\u00f1as ME<\/em>, <strong>Ar\u00fas C<\/strong>. A possible cellular explanation for the NMR-visible mobile lipid (ML) changes in cultured C6 glioma cells with growth. Biochim Biophys Acta. 2007 Jan;1771(1):31-44. <a href=\"https:\/\/linkinghub.elsevier.com\/retrieve\/pii\/S1388-1981(06)00301-5\" target=\"_blank\" rel=\"noreferrer noopener\">doi: 10.1016\/j.bbalip.2006.10.003<\/a>. Epub 2006 Oct 28. PMID: 17150408.<\/p>\n\n\n\n<p>Poullet JB, Martinez-Bisbal MC, <em>Valverde D<\/em>, Monleon D, Celda B, Ar\u00fas C, Van Huffel S. Quantification and classification of high-resolution magic angle spinning data for brain tumor diagnosis. Annu Int Conf IEEE Eng Med Biol Soc. 2007;2007:5407-10. <a href=\"https:\/\/ieeexplore.ieee.org\/document\/4353565\" target=\"_blank\" rel=\"noreferrer noopener\">doi: 10.1109\/IEMBS.2007.4353565<\/a>. PMID: 18003231.<\/p>\n","protected":false},"excerpt":{"rendered":"<p>Rodr\u00edguez E, Simoes RV, Roig A, Molins E, Nedelko N, Slawska-Waniewska A, Aime S, Ar\u00fas C, Caba\u00f1as ME, Sanfeliu C, Cerd\u00e1n S, Garc\u00eda-Mart\u00edn ML. An iron-based T1 contrast agent made of iron-phosphate complexes: in vitro and in vivo studies. MAGMA. 2007 Feb;20(1):27-37. doi: 10.1007\/s10334-006-0066-7. Epub 2007 Feb 1. PMID: 17268782. Lu C, Devos A, Suykens [&hellip;]<\/p>\n","protected":false},"author":2658,"featured_media":0,"parent":0,"menu_order":0,"comment_status":"closed","ping_status":"closed","template":"","meta":{"footnotes":""},"class_list":["post-200","page","type-page","status-publish","hentry"],"_links":{"self":[{"href":"https:\/\/webs.uab.cat\/gabrmn\/wp-json\/wp\/v2\/pages\/200","targetHints":{"allow":["GET"]}}],"collection":[{"href":"https:\/\/webs.uab.cat\/gabrmn\/wp-json\/wp\/v2\/pages"}],"about":[{"href":"https:\/\/webs.uab.cat\/gabrmn\/wp-json\/wp\/v2\/types\/page"}],"author":[{"embeddable":true,"href":"https:\/\/webs.uab.cat\/gabrmn\/wp-json\/wp\/v2\/users\/2658"}],"replies":[{"embeddable":true,"href":"https:\/\/webs.uab.cat\/gabrmn\/wp-json\/wp\/v2\/comments?post=200"}],"version-history":[{"count":2,"href":"https:\/\/webs.uab.cat\/gabrmn\/wp-json\/wp\/v2\/pages\/200\/revisions"}],"predecessor-version":[{"id":422,"href":"https:\/\/webs.uab.cat\/gabrmn\/wp-json\/wp\/v2\/pages\/200\/revisions\/422"}],"wp:attachment":[{"href":"https:\/\/webs.uab.cat\/gabrmn\/wp-json\/wp\/v2\/media?parent=200"}],"curies":[{"name":"wp","href":"https:\/\/api.w.org\/{rel}","templated":true}]}}