{"id":203,"date":"2023-12-30T19:36:03","date_gmt":"2023-12-30T17:36:03","guid":{"rendered":"https:\/\/webs.uab.cat\/gabrmn\/?page_id=203"},"modified":"2024-01-01T22:27:52","modified_gmt":"2024-01-01T20:27:52","slug":"2006-2","status":"publish","type":"page","link":"https:\/\/webs.uab.cat\/gabrmn\/2006-2\/","title":{"rendered":"2006"},"content":{"rendered":"\n<p><em>Valverde D, Quintero MR<\/em>, <strong>Candiota AP<\/strong>, Badiella L, <em>Caba\u00f1as ME<\/em>, <strong>Ar\u00fas C<\/strong>. Analysis of the changes in the 1H NMR spectral pattern of perchloric acid extracts of C6 cells with growth. NMR Biomed. 2006 Apr;19(2):223-30. <a href=\"https:\/\/analyticalsciencejournals.onlinelibrary.wiley.com\/doi\/10.1002\/nbm.1024\" target=\"_blank\" rel=\"noreferrer noopener\">doi: 10.1002\/nbm.1024<\/a>. PMID: 16485320.<\/p>\n\n\n\n<p><em>Juli\u00e0-Sap\u00e9 M, Acosta D, Mier M<\/em>, <strong>Ar\u00f9s C<\/strong>, Watson D; INTERPRET consortium. A multi-centre, web-accessible and quality control-checked database of in vivo MR spectra of brain tumour patients. MAGMA. 2006 Feb;19(1):22-33. <a href=\"https:\/\/link.springer.com\/article\/10.1007\/s10334-005-0023-x\" target=\"_blank\" rel=\"noreferrer noopener\">doi: 10.1007\/s10334-005-0023-x<\/a>. Epub 2006 Feb 14. PMID: 16477436.<\/p>\n\n\n\n<p><em>Juli\u00e0-Sap\u00e9 M, Acosta D<\/em>, Maj\u00f3s C, <em>Moreno-Torres A<\/em>, Wesseling P, Acebes JJ, Griffiths JR, <strong>Ar\u00fas C<\/strong>. Comparison between neuroimaging classifications and histopathological diagnoses using an international multicenter brain tumor magnetic resonance imaging database. J Neurosurg. 2006 Jul;105(1):6-14. <a href=\"https:\/\/thejns.org\/view\/journals\/j-neurosurg\/105\/1\/article-p6.xml\" target=\"_blank\" rel=\"noreferrer noopener\">doi: 10.3171\/jns.2006.105.1.6<\/a>. PMID: 16874886.<\/p>\n\n\n\n<p>Tate AR, Underwood J, <em>Acosta DM, Juli\u00e0-Sap\u00e9 M<\/em>, Maj\u00f3s C, <em>Moreno-Torres A<\/em>, Howe FA, van der Graaf M, Lefournier V, Murphy MM, Loosemore A, Ladroue C, Wesseling P, Luc Bosson J, <em>Caba\u00f1as ME<\/em>, Simonetti AW, Gajewicz W, Calvar J, Capdevila A, Wilkins PR, Bell BA, R\u00e9my C, Heerschap A, Watson D, Griffiths JR, <strong>Ar\u00fas C<\/strong>. Development of a decision support system for diagnosis and grading of brain tumours using in vivo magnetic resonance single voxel spectra. NMR Biomed. 2006 Jun;19(4):411-34. <a href=\"https:\/\/analyticalsciencejournals.onlinelibrary.wiley.com\/doi\/10.1002\/nbm.1016\" target=\"_blank\" rel=\"noreferrer noopener\">doi: 10.1002\/nbm.1016<\/a>. PMID: 16763971.<\/p>\n","protected":false},"excerpt":{"rendered":"<p>Valverde D, Quintero MR, Candiota AP, Badiella L, Caba\u00f1as ME, Ar\u00fas C. Analysis of the changes in the 1H NMR spectral pattern of perchloric acid extracts of C6 cells with growth. NMR Biomed. 2006 Apr;19(2):223-30. doi: 10.1002\/nbm.1024. PMID: 16485320. Juli\u00e0-Sap\u00e9 M, Acosta D, Mier M, Ar\u00f9s C, Watson D; INTERPRET consortium. A multi-centre, web-accessible and [&hellip;]<\/p>\n","protected":false},"author":2658,"featured_media":0,"parent":0,"menu_order":0,"comment_status":"closed","ping_status":"closed","template":"","meta":{"footnotes":""},"class_list":["post-203","page","type-page","status-publish","hentry"],"_links":{"self":[{"href":"https:\/\/webs.uab.cat\/gabrmn\/wp-json\/wp\/v2\/pages\/203","targetHints":{"allow":["GET"]}}],"collection":[{"href":"https:\/\/webs.uab.cat\/gabrmn\/wp-json\/wp\/v2\/pages"}],"about":[{"href":"https:\/\/webs.uab.cat\/gabrmn\/wp-json\/wp\/v2\/types\/page"}],"author":[{"embeddable":true,"href":"https:\/\/webs.uab.cat\/gabrmn\/wp-json\/wp\/v2\/users\/2658"}],"replies":[{"embeddable":true,"href":"https:\/\/webs.uab.cat\/gabrmn\/wp-json\/wp\/v2\/comments?post=203"}],"version-history":[{"count":2,"href":"https:\/\/webs.uab.cat\/gabrmn\/wp-json\/wp\/v2\/pages\/203\/revisions"}],"predecessor-version":[{"id":423,"href":"https:\/\/webs.uab.cat\/gabrmn\/wp-json\/wp\/v2\/pages\/203\/revisions\/423"}],"wp:attachment":[{"href":"https:\/\/webs.uab.cat\/gabrmn\/wp-json\/wp\/v2\/media?parent=203"}],"curies":[{"name":"wp","href":"https:\/\/api.w.org\/{rel}","templated":true}]}}