{"id":206,"date":"2023-12-30T19:37:43","date_gmt":"2023-12-30T17:37:43","guid":{"rendered":"https:\/\/webs.uab.cat\/gabrmn\/?page_id=206"},"modified":"2024-01-01T22:28:01","modified_gmt":"2024-01-01T20:28:01","slug":"2005-2","status":"publish","type":"page","link":"https:\/\/webs.uab.cat\/gabrmn\/2005-2\/","title":{"rendered":"2005"},"content":{"rendered":"\n<p>Rodr\u00edguez E, Roig A, Molins E, Ar\u00fas C, Quintero MR, Caba\u00f1as ME, Cerd\u00e1n S, Lopez-Larrubia P, Sanfeliu C. In vitro characterization of an Fe(8) cluster as potential MRI contrast agent. NMR Biomed. 2005 Aug;18(5):300-7. <a href=\"https:\/\/analyticalsciencejournals.onlinelibrary.wiley.com\/doi\/10.1002\/nbm.959\" target=\"_blank\" rel=\"noreferrer noopener\">doi: 10.1002\/nbm.959<\/a>. PMID: 15912577.<\/p>\n","protected":false},"excerpt":{"rendered":"<p>Rodr\u00edguez E, Roig A, Molins E, Ar\u00fas C, Quintero MR, Caba\u00f1as ME, Cerd\u00e1n S, Lopez-Larrubia P, Sanfeliu C. In vitro characterization of an Fe(8) cluster as potential MRI contrast agent. NMR Biomed. 2005 Aug;18(5):300-7. doi: 10.1002\/nbm.959. PMID: 15912577.<\/p>\n","protected":false},"author":2658,"featured_media":0,"parent":0,"menu_order":0,"comment_status":"closed","ping_status":"closed","template":"","meta":{"footnotes":""},"class_list":["post-206","page","type-page","status-publish","hentry"],"_links":{"self":[{"href":"https:\/\/webs.uab.cat\/gabrmn\/wp-json\/wp\/v2\/pages\/206","targetHints":{"allow":["GET"]}}],"collection":[{"href":"https:\/\/webs.uab.cat\/gabrmn\/wp-json\/wp\/v2\/pages"}],"about":[{"href":"https:\/\/webs.uab.cat\/gabrmn\/wp-json\/wp\/v2\/types\/page"}],"author":[{"embeddable":true,"href":"https:\/\/webs.uab.cat\/gabrmn\/wp-json\/wp\/v2\/users\/2658"}],"replies":[{"embeddable":true,"href":"https:\/\/webs.uab.cat\/gabrmn\/wp-json\/wp\/v2\/comments?post=206"}],"version-history":[{"count":2,"href":"https:\/\/webs.uab.cat\/gabrmn\/wp-json\/wp\/v2\/pages\/206\/revisions"}],"predecessor-version":[{"id":424,"href":"https:\/\/webs.uab.cat\/gabrmn\/wp-json\/wp\/v2\/pages\/206\/revisions\/424"}],"wp:attachment":[{"href":"https:\/\/webs.uab.cat\/gabrmn\/wp-json\/wp\/v2\/media?parent=206"}],"curies":[{"name":"wp","href":"https:\/\/api.w.org\/{rel}","templated":true}]}}