{"id":209,"date":"2023-12-30T19:43:58","date_gmt":"2023-12-30T17:43:58","guid":{"rendered":"https:\/\/webs.uab.cat\/gabrmn\/?page_id=209"},"modified":"2024-01-01T22:28:17","modified_gmt":"2024-01-01T20:28:17","slug":"2004-2","status":"publish","type":"page","link":"https:\/\/webs.uab.cat\/gabrmn\/2004-2\/","title":{"rendered":"2004"},"content":{"rendered":"\n<p><strong>Candiota AP<\/strong>, Maj\u00f3s C, Bassols A, <em>Caba\u00f1as ME,<\/em> Acebes JJ, <em>Quintero MR<\/em>, <strong>Ar\u00fas C<\/strong>. Assignment of the 2.03 ppm resonance in in vivo 1H MRS of human brain tumour cystic fluid: contribution of macromolecules. MAGMA. 2004 Sep;17(1):36-46. <a href=\"https:\/\/link.springer.com\/article\/10.1007\/s10334-004-0043-y\" target=\"_blank\" rel=\"noreferrer noopener\">doi: 10.1007\/s10334-004-0043-y<\/a>. Epub 2004 Aug 31. PMID: 15340855.<\/p>\n\n\n\n<p>Maj\u00f3s C, <em>Juli\u00e0-Sap\u00e9 M<\/em>, Alonso J, Serrallonga M, Aguilera C, Acebes JJ,<strong> Ar\u00fas C<\/strong>, Gili J. Brain tumor classification by proton MR spectroscopy: comparison of diagnostic accuracy at short and long TE. AJNR Am J Neuroradiol. 2004 Nov-Dec;25(10):1696-704. <a href=\"https:\/\/www.ajnr.org\/content\/25\/10\/1696.long\" target=\"_blank\" rel=\"noreferrer noopener\">PMID: 15569733<\/a>; PMCID: PMC8148728.<\/p>\n\n\n\n<p><em>Moreno-Torres A<\/em>, <em>Mart\u00ednez-P\u00e9rez I<\/em>, Baquero M, Campistol J, Capdevila A, <strong>Ar\u00fas C,<\/strong> Pujol J. Taurine detection by proton magnetic resonance spectroscopy in medulloblastoma: contribution to noninvasive differential diagnosis with cerebellar astrocytoma. Neurosurgery. 2004 Oct;55(4):824-9; discussion 829. <a href=\"https:\/\/journals.lww.com\/neurosurgery\/abstract\/2004\/10000\/taurine_detection_by_proton_magnetic_resonance.13.aspx\">doi: 10.1227\/01.neu.0000137655.53303.c8<\/a>. PMID: 15458590.<\/p>\n\n\n\n<p>Lukas L, Devos A, Suykens JA, Vanhamme L, Howe FA, Maj\u00f3s C, <em>Moreno-Torres A<\/em>, Van der Graaf M, Tate AR, <strong>Ar\u00fas C,<\/strong> Van Huffel S. Brain tumor classification based on long echo proton MRS signals. Artif Intell Med. 2004 May;31(1):73-89. <a href=\"https:\/\/www.sciencedirect.com\/science\/article\/abs\/pii\/S0933365704000120?via%3Dihub\" target=\"_blank\" rel=\"noreferrer noopener\">doi: 10.1016\/j.artmed.2004.01.001<\/a>. PMID: 15182848.<\/p>\n\n\n\n<p>Devos A, Lukas L, Suykens JA, Vanhamme L, Tate AR, Howe FA, Maj\u00f3s C, <em>Moreno-Torres A,<\/em> van der Graaf M, <strong>Ar\u00fas C<\/strong>, Van Huffel S. Classification of brain tumours using short echo time 1H MR spectra. J Magn Reson. 2004 Sep;170(1):164-75. <a href=\"https:\/\/www.sciencedirect.com\/science\/article\/abs\/pii\/S1090780704001818?via%3Dihub\" target=\"_blank\" rel=\"noreferrer noopener\">doi: 10.1016\/j.jmr.2004.06.010<\/a>. PMID: 15324770.<\/p>\n","protected":false},"excerpt":{"rendered":"<p>Candiota AP, Maj\u00f3s C, Bassols A, Caba\u00f1as ME, Acebes JJ, Quintero MR, Ar\u00fas C. Assignment of the 2.03 ppm resonance in in vivo 1H MRS of human brain tumour cystic fluid: contribution of macromolecules. MAGMA. 2004 Sep;17(1):36-46. doi: 10.1007\/s10334-004-0043-y. Epub 2004 Aug 31. PMID: 15340855. Maj\u00f3s C, Juli\u00e0-Sap\u00e9 M, Alonso J, Serrallonga M, Aguilera C, [&hellip;]<\/p>\n","protected":false},"author":2658,"featured_media":0,"parent":0,"menu_order":0,"comment_status":"closed","ping_status":"closed","template":"","meta":{"footnotes":""},"class_list":["post-209","page","type-page","status-publish","hentry"],"_links":{"self":[{"href":"https:\/\/webs.uab.cat\/gabrmn\/wp-json\/wp\/v2\/pages\/209","targetHints":{"allow":["GET"]}}],"collection":[{"href":"https:\/\/webs.uab.cat\/gabrmn\/wp-json\/wp\/v2\/pages"}],"about":[{"href":"https:\/\/webs.uab.cat\/gabrmn\/wp-json\/wp\/v2\/types\/page"}],"author":[{"embeddable":true,"href":"https:\/\/webs.uab.cat\/gabrmn\/wp-json\/wp\/v2\/users\/2658"}],"replies":[{"embeddable":true,"href":"https:\/\/webs.uab.cat\/gabrmn\/wp-json\/wp\/v2\/comments?post=209"}],"version-history":[{"count":3,"href":"https:\/\/webs.uab.cat\/gabrmn\/wp-json\/wp\/v2\/pages\/209\/revisions"}],"predecessor-version":[{"id":425,"href":"https:\/\/webs.uab.cat\/gabrmn\/wp-json\/wp\/v2\/pages\/209\/revisions\/425"}],"wp:attachment":[{"href":"https:\/\/webs.uab.cat\/gabrmn\/wp-json\/wp\/v2\/media?parent=209"}],"curies":[{"name":"wp","href":"https:\/\/api.w.org\/{rel}","templated":true}]}}