{"id":212,"date":"2023-12-30T19:48:16","date_gmt":"2023-12-30T17:48:16","guid":{"rendered":"https:\/\/webs.uab.cat\/gabrmn\/?page_id=212"},"modified":"2024-01-01T22:29:18","modified_gmt":"2024-01-01T20:29:18","slug":"2003-2","status":"publish","type":"page","link":"https:\/\/webs.uab.cat\/gabrmn\/2003-2\/","title":{"rendered":"2003"},"content":{"rendered":"\n<p>Maj\u00f3s C, Alonso J, Aguilera C, Serrallonga M, P\u00e9rez-Mart\u00edn J, Acebes JJ, <strong>Ar\u00fas C<\/strong>, Gili J. Proton magnetic resonance spectroscopy ((1)H MRS) of human brain tumours: assessment of differences between tumour types and its applicability in brain tumour categorization. Eur Radiol. 2003 Mar;13(3):582-91. <a href=\"https:\/\/link.springer.com\/article\/10.1007\/s00330-002-1547-3\" target=\"_blank\" rel=\"noreferrer noopener\">doi: 10.1007\/s00330-002-1547-3<\/a>. Epub 2002 Aug 2. PMID: 12594562.,<\/p>\n\n\n\n<p>Maj\u00f3s C, Alonso J, Aguilera C, Serrallonga M, Coll S, Acebes JJ, <strong>Ar\u00fas C<\/strong>, Gili J. Utility of proton MR spectroscopy in the diagnosis of radiologically atypical intracranial meningiomas. Neuroradiology. 2003 Mar;45(3):129-36. <a href=\"https:\/\/link.springer.com\/article\/10.1007\/s00234-002-0933-5\" target=\"_blank\" rel=\"noreferrer noopener\">doi: 10.1007\/s00234-002-0933-5<\/a>. Epub 2003 Feb 19. PMID: 12684713.<\/p>\n\n\n\n<p>Tate AR, Maj\u00f3s C, <em>Moreno A, <\/em>Howe FA, Griffiths JR, <strong>Ar\u00fas C<\/strong>. Automated classification of short echo time in in vivo 1H brain tumor spectra: a multicenter study. Magn Reson Med. 2003 Jan;49(1):29-36. <a href=\"https:\/\/onlinelibrary.wiley.com\/doi\/10.1002\/mrm.10315\" target=\"_blank\" rel=\"noreferrer noopener\">doi: 10.1002\/mrm.10315<\/a>. PMID: 12509817.<\/p>\n\n\n\n<p><\/p>\n","protected":false},"excerpt":{"rendered":"<p>Maj\u00f3s C, Alonso J, Aguilera C, Serrallonga M, P\u00e9rez-Mart\u00edn J, Acebes JJ, Ar\u00fas C, Gili J. Proton magnetic resonance spectroscopy ((1)H MRS) of human brain tumours: assessment of differences between tumour types and its applicability in brain tumour categorization. Eur Radiol. 2003 Mar;13(3):582-91. doi: 10.1007\/s00330-002-1547-3. Epub 2002 Aug 2. PMID: 12594562., Maj\u00f3s C, Alonso J, [&hellip;]<\/p>\n","protected":false},"author":2658,"featured_media":0,"parent":0,"menu_order":0,"comment_status":"closed","ping_status":"closed","template":"","meta":{"footnotes":""},"class_list":["post-212","page","type-page","status-publish","hentry"],"_links":{"self":[{"href":"https:\/\/webs.uab.cat\/gabrmn\/wp-json\/wp\/v2\/pages\/212","targetHints":{"allow":["GET"]}}],"collection":[{"href":"https:\/\/webs.uab.cat\/gabrmn\/wp-json\/wp\/v2\/pages"}],"about":[{"href":"https:\/\/webs.uab.cat\/gabrmn\/wp-json\/wp\/v2\/types\/page"}],"author":[{"embeddable":true,"href":"https:\/\/webs.uab.cat\/gabrmn\/wp-json\/wp\/v2\/users\/2658"}],"replies":[{"embeddable":true,"href":"https:\/\/webs.uab.cat\/gabrmn\/wp-json\/wp\/v2\/comments?post=212"}],"version-history":[{"count":4,"href":"https:\/\/webs.uab.cat\/gabrmn\/wp-json\/wp\/v2\/pages\/212\/revisions"}],"predecessor-version":[{"id":427,"href":"https:\/\/webs.uab.cat\/gabrmn\/wp-json\/wp\/v2\/pages\/212\/revisions\/427"}],"wp:attachment":[{"href":"https:\/\/webs.uab.cat\/gabrmn\/wp-json\/wp\/v2\/media?parent=212"}],"curies":[{"name":"wp","href":"https:\/\/api.w.org\/{rel}","templated":true}]}}