{"id":221,"date":"2023-12-30T19:57:28","date_gmt":"2023-12-30T17:57:28","guid":{"rendered":"https:\/\/webs.uab.cat\/gabrmn\/?page_id=221"},"modified":"2024-01-01T22:29:46","modified_gmt":"2024-01-01T20:29:46","slug":"2001-2","status":"publish","type":"page","link":"https:\/\/webs.uab.cat\/gabrmn\/2001-2\/","title":{"rendered":"2001"},"content":{"rendered":"\n<p><em>Barba I, Moreno A, Martinez-P\u00e9rez I,<\/em> Tate AR, <em>Caba\u00f1as ME<\/em>, Baquero M, Capdevila A, <strong>Ar\u00fas C<\/strong>. Magnetic resonance spectroscopy of brain hemangiopericytomas: high myoinositol concentrations and discrimination from meningiomas. J Neurosurg. 2001 Jan;94(1):55-60. <a href=\"https:\/\/thejns.org\/view\/journals\/j-neurosurg\/94\/1\/article-p55.xml\" target=\"_blank\" rel=\"noreferrer noopener\">doi: 10.3171\/jns.2001.94.1.0055<\/a>. PMID: 11147898.<\/p>\n\n\n\n<p>Underwood J, Tate AR, Luckin R, Maj\u00f3s C, Capdevila A, Howe F, Griffiths J, <strong>Ar\u00fas C.<\/strong> A prototype decision support system for MR spectroscopy-assisted diagnosis of brain tumours. Stud Health Technol Inform. 2001;84(Pt 1):561-5. <a href=\"https:\/\/ebooks.iospress.nl\/publication\/19552\" target=\"_blank\" rel=\"noreferrer noopener\">PMID: 11604803<\/a>.<\/p>\n\n\n\n<p><em>Barba I,<\/em> Mann P, <em>Caba\u00f1as ME<\/em>, <strong>Ar\u00fas C<\/strong>, Gasparovic C. Mobile lipid production after confluence and pH stress in perfused C6 cells. NMR Biomed. 2001 Feb;14(1):33-40. <a href=\"https:\/\/analyticalsciencejournals.onlinelibrary.wiley.com\/doi\/10.1002\/nbm.688\" target=\"_blank\" rel=\"noreferrer noopener\">doi: 10.1002\/nbm.688<\/a>. PMID: 11252038.<\/p>\n","protected":false},"excerpt":{"rendered":"<p>Barba I, Moreno A, Martinez-P\u00e9rez I, Tate AR, Caba\u00f1as ME, Baquero M, Capdevila A, Ar\u00fas C. Magnetic resonance spectroscopy of brain hemangiopericytomas: high myoinositol concentrations and discrimination from meningiomas. J Neurosurg. 2001 Jan;94(1):55-60. doi: 10.3171\/jns.2001.94.1.0055. PMID: 11147898. Underwood J, Tate AR, Luckin R, Maj\u00f3s C, Capdevila A, Howe F, Griffiths J, Ar\u00fas C. A prototype [&hellip;]<\/p>\n","protected":false},"author":2658,"featured_media":0,"parent":0,"menu_order":0,"comment_status":"closed","ping_status":"closed","template":"","meta":{"footnotes":""},"class_list":["post-221","page","type-page","status-publish","hentry"],"_links":{"self":[{"href":"https:\/\/webs.uab.cat\/gabrmn\/wp-json\/wp\/v2\/pages\/221","targetHints":{"allow":["GET"]}}],"collection":[{"href":"https:\/\/webs.uab.cat\/gabrmn\/wp-json\/wp\/v2\/pages"}],"about":[{"href":"https:\/\/webs.uab.cat\/gabrmn\/wp-json\/wp\/v2\/types\/page"}],"author":[{"embeddable":true,"href":"https:\/\/webs.uab.cat\/gabrmn\/wp-json\/wp\/v2\/users\/2658"}],"replies":[{"embeddable":true,"href":"https:\/\/webs.uab.cat\/gabrmn\/wp-json\/wp\/v2\/comments?post=221"}],"version-history":[{"count":2,"href":"https:\/\/webs.uab.cat\/gabrmn\/wp-json\/wp\/v2\/pages\/221\/revisions"}],"predecessor-version":[{"id":429,"href":"https:\/\/webs.uab.cat\/gabrmn\/wp-json\/wp\/v2\/pages\/221\/revisions\/429"}],"wp:attachment":[{"href":"https:\/\/webs.uab.cat\/gabrmn\/wp-json\/wp\/v2\/media?parent=221"}],"curies":[{"name":"wp","href":"https:\/\/api.w.org\/{rel}","templated":true}]}}