{"id":230,"date":"2023-12-30T20:08:16","date_gmt":"2023-12-30T18:08:16","guid":{"rendered":"https:\/\/webs.uab.cat\/gabrmn\/?page_id=230"},"modified":"2024-01-01T22:30:16","modified_gmt":"2024-01-01T20:30:16","slug":"1998-2","status":"publish","type":"page","link":"https:\/\/webs.uab.cat\/gabrmn\/1998-2\/","title":{"rendered":"1998"},"content":{"rendered":"\n<p>Tate AR, Griffiths JR, <em>Mart\u00ednez-P\u00e9rez I, Moreno A, Barba I, Caba\u00f1as ME<\/em>, Watson D, Alonso J, Bartumeus F, Isamat F, Ferrer I, Vila F, Ferrer E, Capdevila A, <strong>Ar\u00fas C.<\/strong> Towards a method for automated classification of 1H MRS spectra from brain tumours. NMR Biomed. 1998 Jun-Aug;11(4-5):177-91. <a href=\"https:\/\/analyticalsciencejournals.onlinelibrary.wiley.com\/doi\/10.1002\/(SICI)1099-1492(199806\/08)11:4\/5%3C177::AID-NBM534%3E3.0.CO;2-U\" target=\"_blank\" rel=\"noreferrer noopener\">doi: 10.1002\/(sici)1099-1492(199806\/08)11:4\/5&lt;177::aid-nbm534&gt;3.0.co;2-u<\/a>. PMID: 9719572.<\/p>\n\n\n\n<p>Gasparovic C, <em>Barba I<\/em>, Born J, Barton S, <strong>Arus C<\/strong>, Mann P. A study of imidazole-based nuclear magnetic resonance probes of cellular pH. Anal Biochem. 1998 Jul 15;261(1):64-72. <a href=\"https:\/\/www.sciencedirect.com\/science\/article\/abs\/pii\/S0003269798926987?via%3Dihub\" target=\"_blank\" rel=\"noreferrer noopener\">doi: 10.1006\/abio.1998.2698<\/a>. PMID: 9683513.<\/p>\n\n\n\n<p><em>Moreno A<\/em>, L\u00f3pez LA, Fabra A, <strong>Ar\u00fas C<\/strong>. 1H MRS markers of tumour growth in intrasplenic tumours and liver metastasis induced by injection of HT-29 cells in nude mice spleen. NMR Biomed. 1998 May;11(3):93-106. <a href=\"https:\/\/analyticalsciencejournals.onlinelibrary.wiley.com\/doi\/10.1002\/(SICI)1099-1492(199805)11:3%3C93::AID-NBM520%3E3.0.CO;2-H\" target=\"_blank\" rel=\"noreferrer noopener\">doi: 10.1002\/(sici)1099-1492(199805)11:3&lt;93::aid-nbm520&gt;3.0.co;2-h<\/a>. PMID: 9699492.<\/p>\n\n\n\n<p>Maxwell RJ, <em>Mart\u00ednez-P\u00e9rez I,<\/em> Cerd\u00e1n S, <em>Caba\u00f1as ME<\/em>, <strong>Ar\u00fas C<\/strong>, <em>Moreno A<\/em>, Capdevila A, Ferrer E, Bartomeus F, Aparicio A, Conesa G, Roda JM, Carceller F, Pascual JM, Howells SL, Mazucco R, Griffiths JR. Pattern recognition analysis of 1H NMR spectra from perchloric acid extracts of human brain tumor biopsies. Magn Reson Med. 1998 Jun;39(6):869-77. <a href=\"https:\/\/onlinelibrary.wiley.com\/doi\/abs\/10.1002\/mrm.1910390604?sid=nlm%3Apubmed\" target=\"_blank\" rel=\"noreferrer noopener\">doi: 10.1002\/mrm.1910390604<\/a>. PMID: 9621910.<\/p>\n\n\n\n<p><em>Moreno A<\/em>, L\u00f3pez LA, Fabra A, <strong>Ar\u00fas C<\/strong>. 1H MRS markers of tumour growth in intrasplenic tumours and liver metastasis induced by injection of HT-29 cells in nude mice spleen. NMR Biomed. 1998 May;11(3):93-106. <a href=\"https:\/\/analyticalsciencejournals.onlinelibrary.wiley.com\/doi\/10.1002\/(SICI)1099-1492(199806\/08)11:4\/5%3C217::AID-NBM512%3E3.0.CO;2-4\" target=\"_blank\" rel=\"noreferrer noopener\">doi: 10.1002\/(sici)1099-1492(199805)11:3&lt;93::aid-nbm520&gt;3.0.co;2-h<\/a>. PMID: 9699492.<\/p>\n","protected":false},"excerpt":{"rendered":"<p>Tate AR, Griffiths JR, Mart\u00ednez-P\u00e9rez I, Moreno A, Barba I, Caba\u00f1as ME, Watson D, Alonso J, Bartumeus F, Isamat F, Ferrer I, Vila F, Ferrer E, Capdevila A, Ar\u00fas C. Towards a method for automated classification of 1H MRS spectra from brain tumours. NMR Biomed. 1998 Jun-Aug;11(4-5):177-91. doi: 10.1002\/(sici)1099-1492(199806\/08)11:4\/5&lt;177::aid-nbm534&gt;3.0.co;2-u. PMID: 9719572. Gasparovic C, Barba I, [&hellip;]<\/p>\n","protected":false},"author":2658,"featured_media":0,"parent":0,"menu_order":0,"comment_status":"closed","ping_status":"closed","template":"","meta":{"footnotes":""},"class_list":["post-230","page","type-page","status-publish","hentry"],"_links":{"self":[{"href":"https:\/\/webs.uab.cat\/gabrmn\/wp-json\/wp\/v2\/pages\/230","targetHints":{"allow":["GET"]}}],"collection":[{"href":"https:\/\/webs.uab.cat\/gabrmn\/wp-json\/wp\/v2\/pages"}],"about":[{"href":"https:\/\/webs.uab.cat\/gabrmn\/wp-json\/wp\/v2\/types\/page"}],"author":[{"embeddable":true,"href":"https:\/\/webs.uab.cat\/gabrmn\/wp-json\/wp\/v2\/users\/2658"}],"replies":[{"embeddable":true,"href":"https:\/\/webs.uab.cat\/gabrmn\/wp-json\/wp\/v2\/comments?post=230"}],"version-history":[{"count":2,"href":"https:\/\/webs.uab.cat\/gabrmn\/wp-json\/wp\/v2\/pages\/230\/revisions"}],"predecessor-version":[{"id":431,"href":"https:\/\/webs.uab.cat\/gabrmn\/wp-json\/wp\/v2\/pages\/230\/revisions\/431"}],"wp:attachment":[{"href":"https:\/\/webs.uab.cat\/gabrmn\/wp-json\/wp\/v2\/media?parent=230"}],"curies":[{"name":"wp","href":"https:\/\/api.w.org\/{rel}","templated":true}]}}