{"id":233,"date":"2023-12-30T20:12:53","date_gmt":"2023-12-30T18:12:53","guid":{"rendered":"https:\/\/webs.uab.cat\/gabrmn\/?page_id=233"},"modified":"2024-01-01T22:30:32","modified_gmt":"2024-01-01T20:30:32","slug":"1997-2","status":"publish","type":"page","link":"https:\/\/webs.uab.cat\/gabrmn\/1997-2\/","title":{"rendered":"1997"},"content":{"rendered":"\n<p>R\u00e9my C, Fouilh\u00e9 N, <em>Barba I,<\/em> Sam-La\u00ef E, Lahrech H, Cucurella MG, Izquierdo M, <em>Moreno A<\/em>, Ziegler A, Massarelli R, D\u00e9corps M, <strong>Ar\u00fas C<\/strong>. Evidence that mobile lipids detected in rat brain glioma by 1H nuclear magnetic resonance correspond to lipid droplets. Cancer Res. 1997 Feb 1;57(3):407-14. <a href=\"https:\/\/aacrjournals.org\/cancerres\/article\/57\/3\/407\/503848\/Evidence-That-Mobile-Lipids-Detected-in-Rat-Brain\" target=\"_blank\" rel=\"noreferrer noopener\">PMID: 9012466<\/a>.<\/p>\n\n\n\n<p><em>Mart\u00ednez-P\u00e9rez I,<\/em> <em>Moreno A<\/em>, Alonso J, Aguas J, Conesa G, Capdevila A, <strong>Ar\u00fas C. <\/strong>Diagnosis of brain abscess by magnetic resonance spectroscopy. Report of two cases. J Neurosurg. 1997 Apr;86(4):708-13. <a href=\"https:\/\/thejns.org\/view\/journals\/j-neurosurg\/86\/4\/article-p708.xml\" target=\"_blank\" rel=\"noreferrer noopener\">doi: 10.3171\/jns.1997.86.4.0708<\/a>. PMID: 9120637.<\/p>\n\n\n\n<p><em>Barba I, <\/em>Gasparovic C, <em>Caba\u00f1as ME<\/em>, Alonso J, Murillo I, San Segundo B, <strong>Ar\u00fas C<\/strong>. Measurement of intracellular pH of maize seeds (Zea mays) during germination by 31P nuclear magnetic resonance spectroscopy. Cell Mol Biol (Noisy-le-grand). 1997 Jul;43(5):609-20. <a href=\"https:\/\/www.researchgate.net\/publication\/13921957_Measurement_of_intracellular_pH_of_maize_seeds_Zea_mays_during_germination_by_31P_nuclear_magnetic_resonance_spectroscopy\" target=\"_blank\" rel=\"noreferrer noopener\">PMID: 9298585<\/a>.<\/p>\n","protected":false},"excerpt":{"rendered":"<p>R\u00e9my C, Fouilh\u00e9 N, Barba I, Sam-La\u00ef E, Lahrech H, Cucurella MG, Izquierdo M, Moreno A, Ziegler A, Massarelli R, D\u00e9corps M, Ar\u00fas C. Evidence that mobile lipids detected in rat brain glioma by 1H nuclear magnetic resonance correspond to lipid droplets. Cancer Res. 1997 Feb 1;57(3):407-14. PMID: 9012466. Mart\u00ednez-P\u00e9rez I, Moreno A, Alonso J, [&hellip;]<\/p>\n","protected":false},"author":2658,"featured_media":0,"parent":0,"menu_order":0,"comment_status":"closed","ping_status":"closed","template":"","meta":{"footnotes":""},"class_list":["post-233","page","type-page","status-publish","hentry"],"_links":{"self":[{"href":"https:\/\/webs.uab.cat\/gabrmn\/wp-json\/wp\/v2\/pages\/233","targetHints":{"allow":["GET"]}}],"collection":[{"href":"https:\/\/webs.uab.cat\/gabrmn\/wp-json\/wp\/v2\/pages"}],"about":[{"href":"https:\/\/webs.uab.cat\/gabrmn\/wp-json\/wp\/v2\/types\/page"}],"author":[{"embeddable":true,"href":"https:\/\/webs.uab.cat\/gabrmn\/wp-json\/wp\/v2\/users\/2658"}],"replies":[{"embeddable":true,"href":"https:\/\/webs.uab.cat\/gabrmn\/wp-json\/wp\/v2\/comments?post=233"}],"version-history":[{"count":2,"href":"https:\/\/webs.uab.cat\/gabrmn\/wp-json\/wp\/v2\/pages\/233\/revisions"}],"predecessor-version":[{"id":432,"href":"https:\/\/webs.uab.cat\/gabrmn\/wp-json\/wp\/v2\/pages\/233\/revisions\/432"}],"wp:attachment":[{"href":"https:\/\/webs.uab.cat\/gabrmn\/wp-json\/wp\/v2\/media?parent=233"}],"curies":[{"name":"wp","href":"https:\/\/api.w.org\/{rel}","templated":true}]}}