{"id":439,"date":"2024-01-02T08:32:02","date_gmt":"2024-01-02T06:32:02","guid":{"rendered":"https:\/\/webs.uab.cat\/gabrmn\/?page_id=439"},"modified":"2026-04-02T19:21:13","modified_gmt":"2026-04-02T17:21:13","slug":"contacta","status":"publish","type":"page","link":"https:\/\/webs.uab.cat\/gabrmn\/contacta\/","title":{"rendered":"Contacta"},"content":{"rendered":"\n<p>El grup est\u00e0 interessat en incorporar personal. Si t&#8217;interessa el tema o si vols con\u00e9ixer m\u00e9s dades sobre el que fem, contacta amb nosaltres pel correu electr\u00f2nic que veur\u00e0s a baix. <\/p>\n\n\n\n<p>Tant si sou predoctorals com postdoctorals, \u00e9s important que pogueu optar a contractes competitius, i per tant, tenir un bon expedient i curriculum acad\u00e8mic \u00e9s primordial.<\/p>\n\n\n\n<p>Alguns tipus de contractacions predoctorals als que podeu optar son:<\/p>\n\n\n\n<ul class=\"wp-block-list\">\n<li><a href=\"https:\/\/agaur.gencat.cat\/en\/beques-i-ajuts\/convocatories-per-temes\/Ajuts-Joan-Oro-per-a-la-contractacio-de-personal-investigador-predoctoral-en-formacio-FI-2024\" target=\"_blank\" rel=\"noreferrer noopener\">Ajuts Joan Or\u00f3 de la Generalitat de Catalunya<\/a><\/li>\n\n\n\n<li><a href=\"https:\/\/www.universidades.gob.es\/ayudas-para-la-formacion-de-profesorado-universitario-fpu-2022\/\" target=\"_blank\" rel=\"noreferrer noopener\">Ajuts del tipus FPU<\/a> <\/li>\n\n\n\n<li><a href=\"https:\/\/fundacionlacaixa.org\/es\/becas-doctorado-inphinit\" target=\"_blank\" rel=\"noreferrer noopener\">Ajuts InPhinit de &#8220;La Caixa&#8221;<\/a><\/li>\n<\/ul>\n\n\n\n<p>Depenent de la tem\u00e0tica i disponibilitat, un candidat tamb\u00e9 es podria incorporar a nivell de m\u00e0ster.<\/p>\n\n\n\n<p>Tant si us agradaria fer part del grup com si esteu interessats en una col\u00b7laboraci\u00f3 cient\u00edfica, contacteu amb mi i parlem.<\/p>\n\n\n\n<p><a href=\"mailto:AnaPaula.Candiota@uab.cat\" target=\"_blank\" rel=\"noreferrer noopener\">AnaPaula.Candiota@uab.cat<\/a> <\/p>\n\n\n\n<p>+34 93 581 2375<\/p>\n","protected":false},"excerpt":{"rendered":"<p>El grup est\u00e0 interessat en incorporar personal. Si t&#8217;interessa el tema o si vols con\u00e9ixer m\u00e9s dades sobre el que fem, contacta amb nosaltres pel correu electr\u00f2nic que veur\u00e0s a baix. Tant si sou predoctorals com postdoctorals, \u00e9s important que pogueu optar a contractes competitius, i per tant, tenir un bon expedient i curriculum acad\u00e8mic [&hellip;]<\/p>\n","protected":false},"author":2658,"featured_media":0,"parent":0,"menu_order":0,"comment_status":"closed","ping_status":"closed","template":"","meta":{"footnotes":""},"class_list":["post-439","page","type-page","status-publish","hentry"],"_links":{"self":[{"href":"https:\/\/webs.uab.cat\/gabrmn\/wp-json\/wp\/v2\/pages\/439","targetHints":{"allow":["GET"]}}],"collection":[{"href":"https:\/\/webs.uab.cat\/gabrmn\/wp-json\/wp\/v2\/pages"}],"about":[{"href":"https:\/\/webs.uab.cat\/gabrmn\/wp-json\/wp\/v2\/types\/page"}],"author":[{"embeddable":true,"href":"https:\/\/webs.uab.cat\/gabrmn\/wp-json\/wp\/v2\/users\/2658"}],"replies":[{"embeddable":true,"href":"https:\/\/webs.uab.cat\/gabrmn\/wp-json\/wp\/v2\/comments?post=439"}],"version-history":[{"count":4,"href":"https:\/\/webs.uab.cat\/gabrmn\/wp-json\/wp\/v2\/pages\/439\/revisions"}],"predecessor-version":[{"id":1108,"href":"https:\/\/webs.uab.cat\/gabrmn\/wp-json\/wp\/v2\/pages\/439\/revisions\/1108"}],"wp:attachment":[{"href":"https:\/\/webs.uab.cat\/gabrmn\/wp-json\/wp\/v2\/media?parent=439"}],"curies":[{"name":"wp","href":"https:\/\/api.w.org\/{rel}","templated":true}]}}