{"id":51,"date":"2023-12-29T11:02:55","date_gmt":"2023-12-29T09:02:55","guid":{"rendered":"https:\/\/webs.uab.cat\/gabrmn\/?page_id=51"},"modified":"2026-04-02T19:16:32","modified_gmt":"2026-04-02T17:16:32","slug":"financiacio-i-projectes-de-recerca","status":"publish","type":"page","link":"https:\/\/webs.uab.cat\/gabrmn\/financiacio-i-projectes-de-recerca\/","title":{"rendered":"Financiaci\u00f3 i projectes de recerca"},"content":{"rendered":"\n<p>La financiaci\u00f3 del grup prov\u00e9 tant de convocat\u00f2ries competitives a nivell nacional o Europeu, i tamb\u00e9 d&#8217;iniciatives de col\u00b7laboraci\u00f3 o valoritzaci\u00f3 en el marc de CIBER o projectes com XARTEC. Tamb\u00e9 participem en convenis amb empreses en menor proporci\u00f3. Trobareu a sota els projectes en que participem (vigents) o hem participat (finalitzats).<\/p>\n\n\n\n<h2 class=\"wp-block-heading\">Projectes\/iniciatives Vigents<\/h2>\n\n\n\n<p><strong>Metabolomic Crossroads: Unraveling The Interplay Between Tumor Microenvironment And Metabolic Reprogramming. Impact In Glioma Therapy Response And MR-Based Follow-Up (TIMER-GLIO)<\/strong>. Proyecto de Generaci\u00f3n de Conocimiento PID2023-147750NB-I00, 01\/09\/2024 &#8211; 31\/08\/2027. Ministerio de Ciencia e Innovaci\u00f3n. <em>IP: Ana Paula Candiota<\/em>. Import: 150.000\u20ac<\/p>\n\n\n\n<p><strong>Targeted Elimination of HIV Reservoir and Senescent Cells Using Senolytic Nanoparticles (SENOVIR-NP). <\/strong>Projecte col\u00b7laboratiu CIBER-BBN \/ CIBERINFEC. 2026-2028. IP CIBERINFEC: Nuria Climent. IB CIBER-BBN: Julia Lorenzo. Import: 35.000\u20ac<\/p>\n\n\n\n<p><strong>Grup de Recerca Consolidat de la Generalitat de Catalunya.<a href=\"https:\/\/portalrecerca.csuc.cat\/sgr\/2021SGR0135\" target=\"_blank\" rel=\"noreferrer noopener\"> N-TETRASCAN<\/a><\/strong> <strong>Grup de noves ter\u00e0pies pel tractament i seguiment no invasiu de malalties cerebrals i c\u00e0ncer <\/strong>(Ref: 2021 SGR 00135).  <em>IP: Julia Lorenzo<\/em>. <\/p>\n\n\n\n<p><strong>European Federation for Cancer Images (<a href=\"https:\/\/cancerimage.eu\/partners\/ciber\/\" target=\"_blank\" rel=\"noreferrer noopener\">EUCAIM<\/a>).<\/strong> European Commission, Grant Agreement number 1011100633, 2023-2026. A.P. Candiota i C. Ar\u00fas son integrants del partner CIBER. <em>Coordinador: Peter Gordebeke<\/em>, European Institute for Biomedical Imaging Research (EIBIR), Austria. <em>Coordinador cient\u00edfico: Luis Mart\u00ed-Bonmat\u00ed, <\/em>Universidad de la Fe, Valencia. Import:\u00a0 17.789.829\u20ac (tot el consorci, 76 partners), 112.906\u20ac (CIBER, affiliated partner).<\/p>\n\n\n\n<p><strong>COST Action A COMPREHENSIVE NETWORK AGAINST BRAIN CANCER (Net4Brain)<\/strong>. Cost Action CA22103, 30\/10\/2023 &#8211; 29\/10\/2027. &nbsp;Rol: participant en el Working Group 1: Noninvasive biomarker discorvery, i Working Group 2: preclinical modeling. Import: variable, generalment destinat a accions de networking.<\/p>\n\n\n\n<p><strong>Xarxa R+D+I en Tecnologies de la Salut (<a href=\"https:\/\/xartecsalut.com\/members-uab\/\" target=\"_blank\" rel=\"noreferrer noopener\">XarTEC SALUT<\/a>) 2021 XARDI 00008<\/strong>. 2025-2027. Ag\u00e8ncia de Gesti\u00f3 d\u2019Ajuts Universitaris i de Recerca (AGAUR).\u00a0 Rol: Participant del Grupo SINTTC <em>Grup de seguiment no invasiu i tractament dels tumors cerebrals<\/em>, de la UAB, liderat per Margarida Juli\u00e0. <em>IP: Alexandre Perera Lluna (UPC).<\/em> Import: 1.000.000\u20ac para toda la red.<\/p>\n\n\n\n<p><strong>GABRMN_ Grupo CIBER-BBN_ <a href=\"https:\/\/portalrecerca.uab.cat\/en\/projects\/grupo-de-investigaci%C3%B3n-en-aplicaciones-biom%C3%A9dicas-de-la-resonanci-3\" target=\"_blank\" rel=\"noreferrer noopener\">CB06-01-0010<\/a><\/strong>. Instituto de Salud Carlos III. <em>IP: Carles Ar\u00fas<\/em>. 01\/01\/2007 &#8211; actualitat. Import: variable segons avaluaci\u00f3 de grup, sent el m\u00ednim el referent a la contractaci\u00f3 d&#8217;un investigador a nivell postdoctoral. Pressupost de tot el CIBER per 2024:  3.800.874 \u20ac.<\/p>\n\n\n\n<p><\/p>\n\n\n\n<h2 class=\"wp-block-heading\">Projectes\/iniciatives Finalitzats<\/h2>\n\n\n\n<p><strong>Diagnosis by molecular imaging: basic research and translational development (DIAMOND).<\/strong> Redes de Investigaci\u00f3n RED2022-134299-T, 01\/06\/2023-31\/05\/205. <strong>Partners<\/strong>: Instituto de Qu\u00edmica M\u00e9dica (IQM-CSIC), CIC BiomaGUNE, BIONAND, Vall d&#8217;Hebron Institut de Recerca, Universidad de Navarra, Hospital Gregorio Mara\u00f1on, Fundaci\u00f3n Jim\u00e9nez-Diaz, Universidad de Santiago de Compostela, Centro de Investigaci\u00f3n Energ\u00e9tica Medioambiental y Tecnolog\u00eda, Centro Nacional de Investigaciones Cardiovasculares Carlos III, <strong>Universitat Aut\u00f2noma de Barcelona<\/strong> <em><strong>(IP: Ana Paula Candiota<\/strong>)<\/em>, Institute for Instrumentation in Molecular Imaging, Centro de Investigaciones Biol\u00f3gicas CSIC, Instituto de Investigaciones Biom\u00e9dicas Alberto Sols, Instituto de Ciencia de Materiales de Madrid, <em>Coordinador de la red: Fernando Herranz Rabanal (IQM-CSIC)<\/em>. Import: 19.000\u20ac<\/p>\n\n\n\n<p><strong>Mapping Intranasal Nanoconjugates for Parkinson: MRI Analysis of CNS Targeting and Biodistribution<\/strong>, MINN4PARK. CIBER BBN\/NED collaborative project. 01\/06\/2023 \u2013 30\/06\/2025 . <em>IP\u00a0 BBN: Ana Paula Candiota<\/em>, IP NED: Marta Mart\u00ednez Vicente. Import: 35.000\u20ac<\/p>\n\n\n\n<p><strong>Xarxa R+D+I en Tecnologies de la Salut (<a href=\"https:\/\/xartecsalut.com\/members-uab\/\" target=\"_blank\" rel=\"noreferrer noopener\">XarTEC SALUT<\/a>) 2021 XARDI 00021<\/strong>. 2023-2025. Ag\u00e8ncia de Gesti\u00f3 d\u2019Ajuts Universitaris i de Recerca (AGAUR).\u00a0 Rol: Participant del Grupo SINTTC <em>Grup de seguiment no invasiu i tractament dels tumors cerebrals<\/em>, de la UAB, liderat per Margarida Juli\u00e0. <em>IP: Alexandre Perera Lluna (UPC).<\/em> Import: 1.000.000\u20ac para toda la red.<\/p>\n\n\n\n<p><strong>Conveni Marc de Col\u00b7laboraci\u00f3 pel desenvolupament d\u2019activitats d\u2019investigaci\u00f3. <\/strong>Universitat Aut\u00f2noma de Barcelona i Institut d&#8217;Investigaci\u00f3 i Innovaci\u00f3 Parc Taul\u00ed, 2023-2025. <em>IPs UAB: Julia Lorenzo y Ana Paula Candiota, IP Parc Taul\u00ed: Silvia Gil<\/em>. Import: 5.030\u20ac<\/p>\n\n\n\n<p><strong>Leveling up in GB therapy monitoring: towards a universal biomarker of immune system attack (<a href=\"https:\/\/portalrecerca.csuc.cat\/cris\/project\/pj4730900\">TRIBUTE<\/a>).<\/strong> Proyecto de Generaci\u00f3n de Conocimiento PID2020-113058GB-I00, 01\/01\/2021 &#8211; 30\/06\/2024. Ministerio de Ciencia e Innovaci\u00f3n. <em>IP: Ana Paula Candiota<\/em>. Import: 121.000\u20ac<\/p>\n\n\n\n<p><strong>Radical Dendrimers as New Metal-frEE Contrast Agents for Glioblastoma Diagnosis, Radical-NEED<\/strong>. CIBER-BBN Research Valorisation Project Radical.  22\/03\/2023 \u2013 22\/03\/2024 . <em>IP: Vega Lloveras<\/em>. Import: 20.000\u20ac<\/p>\n\n\n\n<p><strong>COST Action <a href=\"https:\/\/glimr.eu\/about\/the-action\/\" target=\"_blank\" rel=\"noreferrer noopener\">GLIMR Glioma MR Imaging 2.0<\/a>.<\/strong> COST Action CA18206, 12\/09\/2019 &#8211; 11\/03\/2024. &nbsp;Rol: participante en el Working Group 1. Advanced MRI biomarkers for glioma characterization. Import: variable, generalment destinat a accions de networking.<\/p>\n\n\n\n<p><strong>INtegrating Magnetic Resonance SPectroscopy and Multimodal Imaging for Research and Education in MEDicine (<a href=\"https:\/\/inspire-med.eu\/\" target=\"_blank\" rel=\"noreferrer noopener\">INSPiRE-MED<\/a>).<\/strong> European Commission Marie Sk\u0142odowska-Curie Actions&nbsp;. Grant Agreement 813120, 01\/01\/2019-30\/06\/2023. Rol: participant del partner CIBER. <em>IP:&nbsp; Dominique Sapey-Marinier<\/em>. Import: 3.946.345 (tot el projecte), 205.904\u20ac (partner CIBER).<\/p>\n\n\n\n<p><strong>Multiparametric MR approaches for non-invasive Glioblastoma therapy response follow-up (<a href=\"https:\/\/phase1.attract-eu.com\/showroom\/project\/multiparametric-mr-approaches-for-non-invasive-glioblastoma-therapy-response-follow-up-magres\/\" target=\"_blank\" rel=\"noreferrer noopener\">MAGRes<\/a>).<\/strong> European Commission, Grant Agreement 777222 (Third Party), 20\/05\/2019 &#8211; 30\/10\/2020. <em>IP: Ana Paula Candiota (partner CIBER)<\/em>. Import: 100.000\u20ac.<\/p>\n\n\n\n<p><strong>COST Action <a href=\"https:\/\/www.nano2clinic.eu\/\" target=\"_blank\" rel=\"noreferrer noopener\">Nano2Clinic<\/a>. Cancer Nanomedicine &#8211; from the bench to the bedside.<\/strong> COST Action CA17140, 2018-2023. Rol: participante en el Working Group 3: Preclinical studies of nanodrugs<\/p>\n\n\n\n<p><strong>Noninvasive MR-based ImagiNg of Immune system action during glIoblastomA TreatmEnt MR-<a href=\"https:\/\/www.nanbiosis.es\/tag\/mr-initiate\/\" target=\"_blank\" rel=\"noreferrer noopener\">INITIATE<\/a><\/strong>. CIBER-BBN Research Valorisation Project. CIBER-BBN, 29\/03\/2021 \u2013 29\/03\/2022.  IP: Ana Paula Candiota. Import: 20.000\u20ac<\/p>\n\n\n\n<p><strong>Nosological Imaging as a Tool for Adjusting therapy combination to improve glioma management: preclinical studies<\/strong> (<a href=\"https:\/\/www.ciber-bbn.es\/media\/810714\/bi_notagli.pdf\" target=\"_blank\" rel=\"noreferrer noopener\">NOTAGLI<\/a>, referencia CIB16-BI001), 07\/2017- 06\/2018. Proyecto intramural CIBER-BBN, Partners: 4 grups CIBER, 1 grup cl\u00ednic i 3 grups externs sent un d&#8217;ells internacional. <em>IP: Ana Paula Candiota.<\/em> Import: basal grupos CIBER.<\/p>\n\n\n\n<p><strong>E-learning platform for Medical Informatics to improve Vocational and ICT Skills (<a href=\"https:\/\/emedivip.com\/?page_id=2\" target=\"_blank\" rel=\"noreferrer noopener\">E-MEDIVIP<\/a>).<\/strong> European Union Erasmus +. Cooperation for innovation and the exchange of good practices (KA2). A.P. Candiota era participant partner CIBER-BBN. <em>IP: Emre Dandil<\/em>. IP partner CIBER-BBN: Margarida Juli\u00e0-Sap\u00e9. Import: 228.899\u20ac (tot el projecte), 38.127\u20ac (partner CIBER-BBN).<\/p>\n\n\n\n<p><strong>Imagen Molecular de glioma de alto grado para la mejora de la respuesta al tratamiento (<a href=\"https:\/\/portalrecerca.uab.cat\/en\/projects\/imagen-molecular-de-glioma-de-alto-grado-para-la-mejora-de-la-res-4\" target=\"_blank\" rel=\"noreferrer noopener\">MOLIMAGLIO<\/a>).<\/strong> Ministerio de Economia y Competitividad, SAF2014-52332-R, 01\/01\/2015 &#8211; 31\/12\/2017.&nbsp; Rol. Participant. <em>IP: Carles Ar\u00fas<\/em>. Import: 242.000\u20ac.<\/p>\n\n\n\n<p><strong>Grup de Recerca Consolidat de la Generalitat de Catalunya. GABRMN Grup d\u2019Aplicacions Biom\u00e8diques de la RMN<\/strong> (Ref: 2014 SGR 0191), 2014-2016. Rol. Participant. <em>IP: Carles Ar\u00fas.<\/em><\/p>\n\n\n\n<p><strong>Mejora de los protocolos para diagn\u00f3stico y seguimiento de respuesta a terapia en tumores cerebrales mediante estrategias de Imagen Molecular basadas en Resonancia Magn\u00e9tica (<a href=\"https:\/\/portalrecerca.uab.cat\/es\/projects\/mejora-de-los-protocolos-para-diagn%C3%B3stico-y-seguimiento-de-respue-5\" target=\"_blank\" rel=\"noreferrer noopener\">MARESCAN<\/a>).<\/strong> Ministerio de Ciencia e Innovaci\u00f3n, SAF2011-23870, 01\/01\/2012-31\/12\/2014. Rol. Participant. <em>IP: Carles Ar\u00fas<\/em>. Import: 326.700\u20ac.<\/p>\n\n\n\n<p><strong>Influencia de la citicolina en la neuroreparaci\u00f3n despu\u00e9s de un infarto cerebral. <\/strong>Universitat Aut\u00f2noma de Barcelona i Fundaci\u00f3 Institut de Recerca del Hospital de la Santa Creu i Sant Pau. <em>IP UAB: Carles Ar\u00fas. IP Sant Pau: Joan Mart\u00ed F\u00e0bregas<\/em>. Import: 84.464\u20ac.<\/p>\n\n\n\n<p><strong>Imagen molecular y de fenotipo de la progresi\u00f3n tumoral cerebral en modelos murinos. Extensi\u00f3n translacional a humanos (<a href=\"https:\/\/portalrecerca.uab.cat\/en\/projects\/imagen-molecular-y-de-fenotipo-de-la-progresi%C3%B3n-tumoral-cerebral--4\" target=\"_blank\" rel=\"noreferrer noopener\">PHENOIMA<\/a>).<\/strong> Ministerio de Ciencia e Innovaci\u00f3n, SAF2008-03323, 01\/01\/2009-31\/12\/2011. Rol: Participant. <em>IP: Carles Ar\u00fas<\/em>. Import: 269.830\u20ac.<\/p>\n\n\n\n<p><strong>Desarrollo de estrategias de imagen molecular y de fenotipo, in vivo de modelos murinos de tumores gliales y de enfermedad de Alzheimer (IMAFEN).<\/strong> Proyecto intramural CIBER-BBN, 2008-2009. Partners: 12 grups CIBER.  <em>Coordinadora Cient\u00edfica: A.P.Candiota. IP: Carles Ar\u00fas. <\/em>Import: 538.727\u20ac<\/p>\n\n\n\n<p><strong>Agent-based Distributed Decision Support System for Brain Tumour Diagnosis and Prognosis (<a href=\"https:\/\/cordis.europa.eu\/project\/id\/027214\" target=\"_blank\" rel=\"noreferrer noopener\">HEALTHAGENTS<\/a>).<\/strong> European Commission, IST-2004-27214, 1\/1\/2006-31\/12\/2008. Rol. Participant partner UAB. <em>IP: Mag\u00ed Lluch Ariet. IP Partner UAB: Carles Ar\u00fas.<\/em> Import: 3.791.269\u20ac (tot el projecte), 494.272\u20ac (partner UAB)<\/p>\n\n\n\n<p><strong>Grup de Recerca Consolidat de la Generalitat de Catalunya. Grup d&#8217;Aplicacions Biom\u00e8diques de l&#8217;Espectrosc\u00f2pia de Resson\u00e0ncia Magn\u00e8tica Nuclear de Catalunya (GABERC) <\/strong>(Ref: 2005 SGR 0863), 2005-2009. Rol. Participant. <em>IP: Carles Ar\u00fas. <\/em>Import: 26.600\u20ac<\/p>\n\n\n\n<p><strong><a href=\"https:\/\/cordis.europa.eu\/project\/id\/503094\" target=\"_blank\" rel=\"noreferrer noopener\">e-Tumour<\/a>, web accessible MR decision support system for brain tumour diagnosis and prognosis, incorporating in vivo and ex vivo genomic and metabolomic data.<\/strong> European Commission,&nbsp; FP6-2002-LIFESCIHEALTH 503094, 01\/02\/2004 &#8211; 31\/7\/2009. Rol. Participant partner UAB. <em>IP: Bernardo Celda. IP Partner UAB: Carles Ar\u00fas<\/em>. Import: 7.499.382\u20ac (tot el projecte), 1.077.999\u20ac (Partner UAB).<\/p>\n\n\n\n<p><strong>Mejora del diagn\u00f3stico y de la valoraci\u00f3n pron\u00f3stica de tumores cerebrales humanos in vivo. Modelos animales y celulares para la metabol\u00f3mica de la progresi\u00f3n tumoral. Fase 2 (<a href=\"https:\/\/portalrecerca.uab.cat\/es\/projects\/millora-del-diagn%C3%B2stic-i-de-la-valoraci%C3%B3-pron%C3%B2stica-de-tumors-cer-3\" target=\"_blank\" rel=\"noreferrer noopener\">MEDIVO2<\/a>).<\/strong> Ministerio de Educaci\u00f3n y Ciencia, SAF2005-03650, 01\/01\/2005-31\/12\/2008. Rol: Participant. <em>IP: Carles Ar\u00fas.<\/em> Import:178.500\u20ac.<\/p>\n\n\n\n<p><strong>Aplicaciones biom\u00e9dicas de la resonancia Magn\u00e9tica Nuclear.&nbsp; <\/strong>Ag\u00e8ncia de Gesti\u00f3 d&#8217;Ajuts Universitaris i de Recerca, 2004XT-00051, 2004-2006. Import:6.000\u20ac.<\/p>\n\n\n\n<p><strong>Business agents,<\/strong> <a href=\"https:\/\/portalrecerca.uab.cat\/es\/projects\/business-agents-fit-150500-2003-491-4\" target=\"_blank\" rel=\"noreferrer noopener\">PROFIT FIT-150500-2003-491<\/a>. 01\/01\/2003-31\/12\/2003. Ministerio de Ciencia y Tecnolog\u00eda. IP: Carles Ar\u00fas. Import: 24.370\u20ac<\/p>\n\n\n\n<p><strong>Red internacional para el reconocimiento de patrones en tumores mediante Resonancia Magn\u00e9tica (Acci\u00f3n Especial).&nbsp; <\/strong>Ministerio de Ciencia y Tecnolog\u00eda, SAF2002-10280-E, 23\/04\/2003-31\/12\/2003. <em>IP: Carles Ar\u00fas.<\/em> Importe concedido: 34.272\u20ac.<\/p>\n\n\n\n<p><strong>Mejora del diagn\u00f3stico y de la valoraci\u00f3n pron\u00f3stica de tumores cerebrales humanos &#8220;in vivo&#8221; y en modelos animales y celulares de la patolog\u00eda (<a href=\"https:\/\/portalrecerca.uab.cat\/es\/projects\/millora-del-diagn%C3%B2stic-i-de-la-valoraci%C3%B3-pron%C3%B3stica-de-tumors-cer-6\" target=\"_blank\" rel=\"noreferrer noopener\">MEDIVO<\/a>).<\/strong> Ministerio de Ciencia y Tecnolog\u00eda, SAF2002-00440, 01\/01\/2002-31\/12\/2004. Rol: Participante. IP: Carles Ar\u00fas. Importe concedido:169.500\u20ac.<\/p>\n\n\n\n<p><strong>Red tem\u00e1tica de Aplicaciones Biom\u00e9dicas de la Resonancia Magn\u00e9tica Nuclear.&nbsp; <\/strong>Ag\u00e8ncia de Gesti\u00f3 d&#8217;Ajuts Universitaris i de Recerca, 2002XT-00048, 2002-2004. <em>IP: Carles Ar\u00fas<\/em>. Import:6.750\u20ac.<\/p>\n\n\n\n<p><strong>Grup de Recerca Consolidat de la Generalitat de Catalunya. GABRMN Grup d\u2019Aplicacions Biom\u00e8diques de la RMN<\/strong> (Ref: 2001 SGR 00194), 2001-2005. Rol. Participant. <em>IP: Carles Ar\u00fas<\/em>. Import: 22.237\u20ac<\/p>\n\n\n\n<p><strong><a href=\"https:\/\/cordis.europa.eu\/project\/id\/IST-1999-10310\" target=\"_blank\" rel=\"noreferrer noopener\">INTERPRET<\/a>: international network for pattern recognition of tumours using magnetic resonance<\/strong>. European Commission, IST-1999-10310, 01\/01\/2000-31\/12\/2002.&nbsp; Rol: Participant. <em>IP: Carles A\u00fas<\/em>. Import: 2.200.000\u20ac.<\/p>\n\n\n\n<p><strong>Red tem\u00e1tica de Aplicaciones Biom\u00e9dicas de la Resonancia Magn\u00e9tica Nuclear.&nbsp; <\/strong>Ag\u00e8ncia de Gesti\u00f3 d&#8217;Ajuts Universitaris i de Recerca, 2000XT-00043, 2000-2002. <em>IP: Carles Ar\u00fas<\/em>. Import:4.808\u20ac.<\/p>\n\n\n\n<p><strong>Grupo de Aplicaciones Biom\u00e9dicas de la Espectroscopia de Resonancia Magn\u00e9tica Nuclear (GABERC)<\/strong>  (Ref: 1999SGR-00328), 1999-2001. <em>IP: Carles Ar\u00fas<\/em>. Import: 17.429\u20ac<\/p>\n\n\n\n<p><strong>Aplicaciones cl\u00ednicas de la espectroscop\u00eda de resonancia magn\u00e9tica nuclear: 1. Desarrollo de un sistema experto para la diagnosis, prognosis y seguimiento de la respuesta a la terapia en tumores cerebrales humanos. 2. Mecanismo bioqu\u00edmico y utilidad cl\u00ednica de la suplementaci\u00f3n dietaria con creatina<\/strong>, ref. <a href=\"https:\/\/portalrecerca.uab.cat\/es\/projects\/aplicacions-cl%C3%ADniques-de-lespectrocopia-de-resson%C3%A0ncia-magn%C3%A8tica--4\" target=\"_blank\" rel=\"noreferrer noopener\">SAF99-0101<\/a>, 01\/06\/1999-31\/05\/2002. Comisi\u00f3n Interministerial de Ciencia y Tecnolog\u00eda CICYT, <em>IP: Carles Ar\u00fas<\/em>. Import: 67.613\u20ac<\/p>\n\n\n\n<p><strong>Aplicaciones biom\u00e9dicas de la Resonancia Magn\u00e9tica Nuclear<\/strong>, 1998XT-00010. 01\/01\/1998 &#8211; 31\/12\/1999. <em>IP: Carles Ar\u00fas<\/em>. Import: 4.507\u20ac<\/p>\n\n\n\n<p><strong>Triglic\u00e9ridos como marcadores de hipoxia y de necrosis en tumores cerebrales. Detecci\u00f3n in vivo por espectroscopia de RMN<\/strong>, <a href=\"https:\/\/portalrecerca.uab.cat\/es\/projects\/triglic%C3%A8rids-com-marcadors-dhipoxia-i-de-necrosis-en-tumors-cereb-4\" target=\"_blank\" rel=\"noreferrer noopener\">HF1997-0232<\/a>. 01\/01\/1998-31\/12\/1999. Direcci\u00f3n General de Ense\u00f1anza Superior e Investigaci\u00f3n Cient\u00edfica, <em>IP: Carles Ar\u00fas<\/em>. Import: 3.876\u20ac<\/p>\n\n\n\n<p><strong>An\u00e1lisis mediante reconocimiento de patrones, in vitro e in vivo, de espectros<br>de RMN de tumores cerebrales humanos. Aplicaciones diagn\u00f3sticas<\/strong>, <a href=\"https:\/\/portalrecerca.uab.cat\/es\/projects\/an%C3%A0lisi-mitjan%C3%A7ant-reconeixement-de-patrons-in-vitro-i-in-vivo-de-4\" target=\"_blank\" rel=\"noreferrer noopener\">HB1997-0139<\/a>. 01\/01\/1998-31\/12\/1999. Direcci\u00f3n General de Ense\u00f1anza Superior e Investigaci\u00f3n Cient\u00edfica, <em>IP: Carles Ar\u00fas<\/em>. Import: 7.753\u20ac<\/p>\n\n\n\n<p><strong>Desenvolupament i consolidaci\u00f3 de xarxes tem\u00e0tiques: Grup multidisplinari<br>per l&#8217;estudi de c\u00e0ncer de mama<\/strong>, 1996XT-00043, 01\/01\/997 &#8211; 31\/12\/1999. Generalitat de Catalunya, <em>IP: Carles Ar\u00fas<\/em>. Import: 7.813\u20ac<\/p>\n\n\n\n<p><strong>Desarrollo de las Aplicaciones Cl\u00ednicas de la Espectroscopia de Resonancia<br>Magn\u00e9tica Nuclear (MRS) como T\u00e9cnica no-Invasiva para el Estudio de la Patolog\u00eda Tumoral Cerebral y la Fisiolog\u00eda Muscular<\/strong>, SAF96-0147. 26\/4\/1996-25\/4\/1999. Comisi\u00f3n Interministerial de Ciencia y Tecnolog\u00eda (CICYT). <em>IP: Carles Ar\u00fas<\/em>. Import: 60.101\u20ac<\/p>\n\n\n\n<p><strong>Pattern recognition and neural network processing of in vivo and in vitro 1H<br>NMR spectra of human brain tumors for diagnostic applications<\/strong>, HB1995-0258. 01\/04\/1995 &#8211; 31\/12\/1997. IP: Carles Ar\u00fas. Import: 2.914\u20ac<\/p>\n\n\n\n<p><strong>Desarrollo de protocolos de inter\u00e9s diagn\u00f3stico mediante espectroscop\u00eda<br>resonancia magn\u00e9tica nuclear. Aplicaci\u00f3n en el estudio del metabolismo de tejidos excitables y b\u00fasqueda de marcadores tumorales<\/strong>, SAF93-0582-C02-01. 18\/05\/1993 &#8211;  17\/05\/1996. Comisi\u00f3n Interministerial de Ciencia y Tecnolog\u00eda (CICYT), IP: Carles Ar\u00fas. Import: 54.091\u20ac.<\/p>\n\n\n\n<p><strong>Obtenci\u00f3n de patrones metab\u00f3licos tisulares mediante espectroscopia<br>bidimensional de resonancia magn\u00e9tica nuclear (RMN-2D)<\/strong>, PB89-0282. 02\/08\/1990 &#8211; 01\/08\/1993. Direcci\u00f3n General de Investigaci\u00f3n Cient\u00edfica y T\u00e9cnica (DGICYT). IP: Carles Ar\u00fas. Import: 45.075\u20ac<\/p>\n","protected":false},"excerpt":{"rendered":"<p>La financiaci\u00f3 del grup prov\u00e9 tant de convocat\u00f2ries competitives a nivell nacional o Europeu, i tamb\u00e9 d&#8217;iniciatives de col\u00b7laboraci\u00f3 o valoritzaci\u00f3 en el marc de CIBER o projectes com XARTEC. Tamb\u00e9 participem en convenis amb empreses en menor proporci\u00f3. Trobareu a sota els projectes en que participem (vigents) o hem participat (finalitzats). Projectes\/iniciatives Vigents Metabolomic [&hellip;]<\/p>\n","protected":false},"author":2658,"featured_media":0,"parent":0,"menu_order":0,"comment_status":"closed","ping_status":"closed","template":"","meta":{"footnotes":""},"class_list":["post-51","page","type-page","status-publish","hentry"],"_links":{"self":[{"href":"https:\/\/webs.uab.cat\/gabrmn\/wp-json\/wp\/v2\/pages\/51","targetHints":{"allow":["GET"]}}],"collection":[{"href":"https:\/\/webs.uab.cat\/gabrmn\/wp-json\/wp\/v2\/pages"}],"about":[{"href":"https:\/\/webs.uab.cat\/gabrmn\/wp-json\/wp\/v2\/types\/page"}],"author":[{"embeddable":true,"href":"https:\/\/webs.uab.cat\/gabrmn\/wp-json\/wp\/v2\/users\/2658"}],"replies":[{"embeddable":true,"href":"https:\/\/webs.uab.cat\/gabrmn\/wp-json\/wp\/v2\/comments?post=51"}],"version-history":[{"count":53,"href":"https:\/\/webs.uab.cat\/gabrmn\/wp-json\/wp\/v2\/pages\/51\/revisions"}],"predecessor-version":[{"id":1102,"href":"https:\/\/webs.uab.cat\/gabrmn\/wp-json\/wp\/v2\/pages\/51\/revisions\/1102"}],"wp:attachment":[{"href":"https:\/\/webs.uab.cat\/gabrmn\/wp-json\/wp\/v2\/media?parent=51"}],"curies":[{"name":"wp","href":"https:\/\/api.w.org\/{rel}","templated":true}]}}