{"id":52,"date":"2023-12-29T11:02:55","date_gmt":"2023-12-29T09:02:55","guid":{"rendered":"https:\/\/webs.uab.cat\/gabrmn\/?page_id=52"},"modified":"2026-04-20T08:08:45","modified_gmt":"2026-04-20T06:08:45","slug":"articles-i-tesis-doctorals","status":"publish","type":"page","link":"https:\/\/webs.uab.cat\/gabrmn\/articles-i-tesis-doctorals\/","title":{"rendered":"Articles"},"content":{"rendered":"\n<div class=\"wp-block-group is-nowrap is-layout-flex wp-container-core-group-is-layout-ad2f72ca wp-block-group-is-layout-flex\">\n<pre class=\"wp-block-preformatted\">Recentment publicat!<\/pre>\n<\/div>\n\n\n\n<figure class=\"wp-block-image size-large\"><img loading=\"lazy\" decoding=\"async\" width=\"1024\" height=\"258\" src=\"https:\/\/webs.uab.cat\/gabrmn\/wp-content\/uploads\/sites\/424\/2026\/04\/image-1-1024x258.png\" alt=\"\" class=\"wp-image-1150\" srcset=\"https:\/\/webs.uab.cat\/gabrmn\/wp-content\/uploads\/sites\/424\/2026\/04\/image-1-1024x258.png 1024w, https:\/\/webs.uab.cat\/gabrmn\/wp-content\/uploads\/sites\/424\/2026\/04\/image-1-300x75.png 300w, https:\/\/webs.uab.cat\/gabrmn\/wp-content\/uploads\/sites\/424\/2026\/04\/image-1-768x193.png 768w, https:\/\/webs.uab.cat\/gabrmn\/wp-content\/uploads\/sites\/424\/2026\/04\/image-1.png 1101w\" sizes=\"auto, (max-width: 1024px) 100vw, 1024px\" \/><\/figure>\n\n\n\n<h2 class=\"wp-block-heading\">Tots els articles<\/h2>\n\n\n\n<p>Trobareu a continuaci\u00f3 un llistat enlla\u00e7at als articles relacionats al grup (o b\u00e9 articles en que membres del grup son co-autors) classificats per any de publicaci\u00f3. La gran majoria son articles &#8220;open access&#8221;, i el link ja ser\u00e0 el que porta al lloc on es poden descarregar. En negreta s&#8217;indiquen els membres actuals del grup i en it\u00e0lic, els membres anteriors del grup. <\/p>\n\n\n\n<figure class=\"wp-block-table\"><table><tbody><tr><td><\/td><td><strong><em><a href=\"https:\/\/webs.uab.cat\/gabrmn\/2026-2\/\" data-type=\"page\" data-id=\"1147\">2026<\/a><\/em><\/strong><\/td><td><strong><em><a href=\"https:\/\/webs.uab.cat\/gabrmn\/2025-2\/\" data-type=\"page\" data-id=\"1145\">2025<\/a><\/em><\/strong><\/td><td><a href=\"https:\/\/webs.uab.cat\/gabrmn\/2024-2\/\" data-type=\"link\" data-id=\"https:\/\/webs.uab.cat\/gabrmn\/2024-2\/\"><strong><em>2024<\/em><\/strong><\/a><\/td><\/tr><tr><td><strong><em><a href=\"https:\/\/webs.uab.cat\/gabrmn\/?page_id=101&amp;preview=true\" target=\"_blank\" rel=\"noreferrer noopener\">2023<\/a><\/em><\/strong><\/td><td><strong><em><a href=\"https:\/\/webs.uab.cat\/gabrmn\/2022-2\/?preview=true\" target=\"_blank\" rel=\"noreferrer noopener\">2022<\/a><\/em><\/strong><\/td><td><a href=\"https:\/\/webs.uab.cat\/gabrmn\/2021-2\/?preview=true\" target=\"_blank\" rel=\"noreferrer noopener\"><em><strong>2021<\/strong><\/em><\/a><\/td><td><strong><em><a href=\"https:\/\/webs.uab.cat\/gabrmn\/2020-2\/?preview=true\" target=\"_blank\" rel=\"noreferrer noopener\">2020<\/a><\/em><\/strong><\/td><\/tr><tr><td><strong><em><a href=\"https:\/\/webs.uab.cat\/gabrmn\/2019-2\/\">2019<\/a><\/em><\/strong><\/td><td><a href=\"https:\/\/webs.uab.cat\/gabrmn\/2018-2\/\" target=\"_blank\" rel=\"noreferrer noopener\"><strong><em>2018<\/em><\/strong><\/a><\/td><td><a href=\"https:\/\/webs.uab.cat\/gabrmn\/2017-2\/\" target=\"_blank\" rel=\"noreferrer noopener\"><strong><em>2017<\/em><\/strong><\/a><\/td><td><a href=\"https:\/\/webs.uab.cat\/gabrmn\/2016-2\/\" target=\"_blank\" rel=\"noreferrer noopener\"><strong><em>2016<\/em><\/strong><\/a><\/td><\/tr><tr><td><a href=\"https:\/\/webs.uab.cat\/gabrmn\/2015-2\/\" target=\"_blank\" rel=\"noreferrer noopener\"><strong><em>2015<\/em><\/strong><\/a><\/td><td><a href=\"https:\/\/webs.uab.cat\/gabrmn\/2014-2\/\" target=\"_blank\" rel=\"noreferrer noopener\"><strong><em>2014<\/em><\/strong><\/a><\/td><td><a href=\"https:\/\/webs.uab.cat\/gabrmn\/2013-2\/\"><strong><em>20<\/em><\/strong><\/a><strong><em><a href=\"https:\/\/webs.uab.cat\/gabrmn\/2013-2\/\" target=\"_blank\" rel=\"noreferrer noopener\">1<\/a><\/em><\/strong><a href=\"https:\/\/webs.uab.cat\/gabrmn\/2013-2\/\"><strong><em>3<\/em><\/strong><\/a><\/td><td><a href=\"https:\/\/webs.uab.cat\/gabrmn\/2012-2\/\" target=\"_blank\" rel=\"noreferrer noopener\"><strong><em>2012<\/em><\/strong><\/a><\/td><\/tr><tr><td><a href=\"https:\/\/webs.uab.cat\/gabrmn\/2011-2\/\" target=\"_blank\" rel=\"noreferrer noopener\"><strong><em>2011<\/em><\/strong><\/a><\/td><td><a href=\"https:\/\/webs.uab.cat\/gabrmn\/2010-2\/\" target=\"_blank\" rel=\"noreferrer noopener\"><strong><em>2010<\/em><\/strong><\/a><\/td><td><strong><em><a href=\"https:\/\/webs.uab.cat\/gabrmn\/2009-2\/\" target=\"_blank\" rel=\"noreferrer noopener\">200<\/a><\/em><\/strong><a href=\"https:\/\/webs.uab.cat\/gabrmn\/2009-2\/\"><strong><em>9<\/em><\/strong><\/a><\/td><td><a href=\"https:\/\/webs.uab.cat\/gabrmn\/2008-2\/\" target=\"_blank\" rel=\"noreferrer noopener\"><strong><em>2008<\/em><\/strong><\/a><\/td><\/tr><tr><td><a href=\"https:\/\/webs.uab.cat\/gabrmn\/2007-2\/\" target=\"_blank\" rel=\"noreferrer noopener\"><strong><em>2007<\/em><\/strong><\/a><\/td><td><a href=\"https:\/\/webs.uab.cat\/gabrmn\/2006-2\/\" target=\"_blank\" rel=\"noreferrer noopener\"><strong><em>2006<\/em><\/strong><\/a><\/td><td><strong><em><a href=\"https:\/\/webs.uab.cat\/gabrmn\/2005-2\/\" target=\"_blank\" rel=\"noreferrer noopener\">200<\/a><\/em><\/strong><a href=\"https:\/\/webs.uab.cat\/gabrmn\/2005-2\/\"><strong><em>5<\/em><\/strong><\/a><\/td><td><strong><em><a href=\"https:\/\/webs.uab.cat\/gabrmn\/2004-2\/\" target=\"_blank\" rel=\"noreferrer noopener\">20<\/a><\/em><\/strong><a href=\"https:\/\/webs.uab.cat\/gabrmn\/2004-2\/\"><strong><em>04<\/em><\/strong><\/a><\/td><\/tr><tr><td><a href=\"https:\/\/webs.uab.cat\/gabrmn\/2003-2\/\" target=\"_blank\" rel=\"noreferrer noopener\"><strong><em>2003<\/em><\/strong><\/a><\/td><td><a href=\"https:\/\/webs.uab.cat\/gabrmn\/2002-2\/\" target=\"_blank\" rel=\"noreferrer noopener\"><strong><em>2002<\/em><\/strong><\/a><\/td><td><a href=\"https:\/\/webs.uab.cat\/gabrmn\/2001-2\/\" target=\"_blank\" rel=\"noreferrer noopener\"><strong><em>2001<\/em><\/strong><\/a><\/td><td><a href=\"https:\/\/webs.uab.cat\/gabrmn\/2000-2\/?preview=true\" target=\"_blank\" rel=\"noreferrer noopener\"><strong><em>1999<\/em><\/strong><\/a><\/td><\/tr><tr><td><strong><em><a href=\"https:\/\/webs.uab.cat\/gabrmn\/1998-2\/\" target=\"_blank\" rel=\"noreferrer noopener\">199<\/a><\/em><\/strong><a href=\"https:\/\/webs.uab.cat\/gabrmn\/1998-2\/\"><strong><em>8<\/em><\/strong><\/a><\/td><td><strong><em><a href=\"https:\/\/webs.uab.cat\/gabrmn\/1997-2\/\" target=\"_blank\" rel=\"noreferrer noopener\">19<\/a><a href=\"https:\/\/webs.uab.cat\/gabrmn\/1997-2\/\">97<\/a><\/em><\/strong><\/td><td><strong><em><a href=\"https:\/\/webs.uab.cat\/gabrmn\/1996-2\/\" target=\"_blank\" rel=\"noreferrer noopener\">1996<\/a><\/em><\/strong><\/td><td><strong><em><a href=\"https:\/\/webs.uab.cat\/gabrmn\/1995-i-anteriors\/\" target=\"_blank\" rel=\"noreferrer noopener\">&lt;1995<\/a><\/em><\/strong><\/td><\/tr><\/tbody><\/table><\/figure>\n\n\n\n<p><strong><mark style=\"background-color:var(--color-blanc)\" class=\"has-inline-color\"><\/mark><\/strong><\/p>\n\n\n\n<p><\/p>\n\n\n\n<p><\/p>\n\n\n\n<p><\/p>\n\n\n\n<p><\/p>\n","protected":false},"excerpt":{"rendered":"<p>Recentment publicat! Tots els articles Trobareu a continuaci\u00f3 un llistat enlla\u00e7at als articles relacionats al grup (o b\u00e9 articles en que membres del grup son co-autors) classificats per any de publicaci\u00f3. La gran majoria son articles &#8220;open access&#8221;, i el link ja ser\u00e0 el que porta al lloc on es poden descarregar. En negreta s&#8217;indiquen [&hellip;]<\/p>\n","protected":false},"author":2658,"featured_media":0,"parent":0,"menu_order":0,"comment_status":"closed","ping_status":"closed","template":"","meta":{"footnotes":""},"class_list":["post-52","page","type-page","status-publish","hentry"],"_links":{"self":[{"href":"https:\/\/webs.uab.cat\/gabrmn\/wp-json\/wp\/v2\/pages\/52","targetHints":{"allow":["GET"]}}],"collection":[{"href":"https:\/\/webs.uab.cat\/gabrmn\/wp-json\/wp\/v2\/pages"}],"about":[{"href":"https:\/\/webs.uab.cat\/gabrmn\/wp-json\/wp\/v2\/types\/page"}],"author":[{"embeddable":true,"href":"https:\/\/webs.uab.cat\/gabrmn\/wp-json\/wp\/v2\/users\/2658"}],"replies":[{"embeddable":true,"href":"https:\/\/webs.uab.cat\/gabrmn\/wp-json\/wp\/v2\/comments?post=52"}],"version-history":[{"count":57,"href":"https:\/\/webs.uab.cat\/gabrmn\/wp-json\/wp\/v2\/pages\/52\/revisions"}],"predecessor-version":[{"id":1151,"href":"https:\/\/webs.uab.cat\/gabrmn\/wp-json\/wp\/v2\/pages\/52\/revisions\/1151"}],"wp:attachment":[{"href":"https:\/\/webs.uab.cat\/gabrmn\/wp-json\/wp\/v2\/media?parent=52"}],"curies":[{"name":"wp","href":"https:\/\/api.w.org\/{rel}","templated":true}]}}