{"id":59,"date":"2023-12-29T11:04:01","date_gmt":"2023-12-29T09:04:01","guid":{"rendered":"https:\/\/webs.uab.cat\/gabrmn\/?page_id=59"},"modified":"2024-01-01T21:43:35","modified_gmt":"2024-01-01T19:43:35","slug":"ubicacio-del-grup-2","status":"publish","type":"page","link":"https:\/\/webs.uab.cat\/gabrmn\/ubicacio-del-grup-2\/","title":{"rendered":"Ubicaci\u00f3 del grup"},"content":{"rendered":"\n<p>Ens trobareu a la Facultat de Bioci\u00e8ncies de la <a href=\"https:\/\/www.uab.cat\/\" target=\"_blank\" rel=\"noreferrer noopener\">Universitat Aut\u00f2noma de Barcelona<\/a> (<a href=\"https:\/\/www.google.com\/maps\/place\/UAB+Facultat+de+Bioci%C3%A8ncies\/@41.5000758,2.1054809,15z\/data=!3m1!5s0x12a4967f0b955863:0xa75832fcf2b7a27c!4m6!3m5!1s0x12a4967fb18fe6d1:0xb177473b214ac167!8m2!3d41.5000718!4d2.1080558!16s%2Fg%2F11bwym6n5k?entry=ttu\" target=\"_blank\" rel=\"noreferrer noopener\">enlla\u00e7 a google maps<\/a>), a l&#8217;edifici Cs (Ci\u00e8ncies Sud), Laboratori C2-225.<\/p>\n\n\n\n<figure class=\"wp-block-gallery has-nested-images columns-default is-cropped wp-block-gallery-1 is-layout-flex wp-block-gallery-is-layout-flex\">\n<figure class=\"wp-block-image size-large\"><img loading=\"lazy\" decoding=\"async\" width=\"1024\" height=\"517\" data-id=\"35\" src=\"https:\/\/webs.uab.cat\/gabrmn\/wp-content\/uploads\/sites\/424\/2023\/12\/ubica-1024x517.png\" alt=\"\" class=\"wp-image-35\" srcset=\"https:\/\/webs.uab.cat\/gabrmn\/wp-content\/uploads\/sites\/424\/2023\/12\/ubica-1024x517.png 1024w, https:\/\/webs.uab.cat\/gabrmn\/wp-content\/uploads\/sites\/424\/2023\/12\/ubica-300x151.png 300w, https:\/\/webs.uab.cat\/gabrmn\/wp-content\/uploads\/sites\/424\/2023\/12\/ubica-768x388.png 768w, https:\/\/webs.uab.cat\/gabrmn\/wp-content\/uploads\/sites\/424\/2023\/12\/ubica-1536x775.png 1536w, https:\/\/webs.uab.cat\/gabrmn\/wp-content\/uploads\/sites\/424\/2023\/12\/ubica-1200x606.png 1200w, https:\/\/webs.uab.cat\/gabrmn\/wp-content\/uploads\/sites\/424\/2023\/12\/ubica.png 1652w\" sizes=\"auto, (max-width: 1024px) 100vw, 1024px\" \/><\/figure>\n<\/figure>\n\n\n\n<p>Som part del <a href=\"https:\/\/www.uab.cat\/ca\/bioquimica\" target=\"_blank\" rel=\"noreferrer noopener\">Departament de Bioqu\u00edmica i Biologia Molecular<\/a> (Unitat Bioci\u00e8ncies), i gran part de la recerca in vivo es duu a terme al S<a href=\"https:\/\/www.uab.cat\/ca\/servei-ressonancia\" target=\"_blank\" rel=\"noreferrer noopener\">ervei de Resson\u00e0ncia Magn\u00e8tica Nuclear<\/a>, que es troba al mateix edifici, planta -1. <\/p>\n\n\n\n<p>La Universitat Aut\u00f2noma de Barcelona est\u00e0 situada entre els municipis de Cerdanyola del Vall\u00e8s i Bellaterra, a aproximadament 20km de Barcelona. S&#8217;hi pot arribar f\u00e0cilment en cotxe o en transport p\u00fablic (FGC, Renfe o autob\u00fas). La p\u00e0gina general de la UAB t\u00e9 una <a href=\"https:\/\/www.uab.cat\/web\/viure-el-campus\/serveis\/transports-i-com-arribar-1345681847476.html\" target=\"_blank\" rel=\"noreferrer noopener\">descripci\u00f3 completa dels mitjans de transport <\/a>que podeu fer servir. <\/p>\n\n\n\n<p>Consulta sempre amb nosaltres si vols fer una visita (<a href=\"mailto:AnaPaula.Candiota@uab.cat\">AnaPaula.Candiota@uab.cat<\/a>), donat que hi ha per\u00edodes com vacances d&#8217;agost o de Nadal\/Setmana Santa en que algunes entrades de la Facultat de Bioci\u00e8ncies es troben restringides o tancades.<\/p>\n","protected":false},"excerpt":{"rendered":"<p>Ens trobareu a la Facultat de Bioci\u00e8ncies de la Universitat Aut\u00f2noma de Barcelona (enlla\u00e7 a google maps), a l&#8217;edifici Cs (Ci\u00e8ncies Sud), Laboratori C2-225. Som part del Departament de Bioqu\u00edmica i Biologia Molecular (Unitat Bioci\u00e8ncies), i gran part de la recerca in vivo es duu a terme al Servei de Resson\u00e0ncia Magn\u00e8tica Nuclear, que es [&hellip;]<\/p>\n","protected":false},"author":2658,"featured_media":0,"parent":0,"menu_order":0,"comment_status":"closed","ping_status":"closed","template":"","meta":{"footnotes":""},"class_list":["post-59","page","type-page","status-publish","hentry"],"_links":{"self":[{"href":"https:\/\/webs.uab.cat\/gabrmn\/wp-json\/wp\/v2\/pages\/59","targetHints":{"allow":["GET"]}}],"collection":[{"href":"https:\/\/webs.uab.cat\/gabrmn\/wp-json\/wp\/v2\/pages"}],"about":[{"href":"https:\/\/webs.uab.cat\/gabrmn\/wp-json\/wp\/v2\/types\/page"}],"author":[{"embeddable":true,"href":"https:\/\/webs.uab.cat\/gabrmn\/wp-json\/wp\/v2\/users\/2658"}],"replies":[{"embeddable":true,"href":"https:\/\/webs.uab.cat\/gabrmn\/wp-json\/wp\/v2\/comments?post=59"}],"version-history":[{"count":3,"href":"https:\/\/webs.uab.cat\/gabrmn\/wp-json\/wp\/v2\/pages\/59\/revisions"}],"predecessor-version":[{"id":382,"href":"https:\/\/webs.uab.cat\/gabrmn\/wp-json\/wp\/v2\/pages\/59\/revisions\/382"}],"wp:attachment":[{"href":"https:\/\/webs.uab.cat\/gabrmn\/wp-json\/wp\/v2\/media?parent=59"}],"curies":[{"name":"wp","href":"https:\/\/api.w.org\/{rel}","templated":true}]}}