{"id":76,"date":"2023-12-30T09:40:25","date_gmt":"2023-12-30T07:40:25","guid":{"rendered":"https:\/\/webs.uab.cat\/gabrmn\/?page_id=76"},"modified":"2026-04-02T18:33:14","modified_gmt":"2026-04-02T16:33:14","slug":"ana-paula-candiota","status":"publish","type":"page","link":"https:\/\/webs.uab.cat\/gabrmn\/ana-paula-candiota\/","title":{"rendered":"Ana Paula Candiota"},"content":{"rendered":"\n<div class=\"wp-block-columns is-layout-flex wp-container-core-columns-is-layout-9d6595d7 wp-block-columns-is-layout-flex\">\n<div class=\"wp-block-column is-layout-flow wp-block-column-is-layout-flow\" style=\"flex-basis:66.66%\">\n<p><strong>Segons Web of Science:<\/strong><br>a) Nombre total de citacions: <strong>993<\/strong> procedents de <strong>56 publicacions<\/strong>; mitjana de <strong>98 citacions\/any<\/strong> en el per\u00edode de 5 anys 2020-2024.<br>b) <strong>36 publicacions en revistes Q1<\/strong> (2004-2025, segons JCR), <strong>13 publicacions en revistes D1<\/strong> (segons Scopus).<br>c) <strong>\u00cdndex h: 19<\/strong>.<br>d) Tesis doctorals dirigides: <strong>11<\/strong> (8 finalitzades, 3 en curs). Tesis de m\u00e0ster dirigides: <strong>7 finalitzades<\/strong>, 1 en curs. Treballs de Fi de Grau (TFG) dirigits: <strong>31<\/strong>.<\/p>\n<\/div>\n\n\n\n<div class=\"wp-block-column is-layout-flow wp-block-column-is-layout-flow\" style=\"flex-basis:33.33%\">\n<figure class=\"wp-block-image size-large is-resized\"><img loading=\"lazy\" decoding=\"async\" width=\"506\" height=\"1024\" src=\"https:\/\/webs.uab.cat\/gabrmn\/wp-content\/uploads\/sites\/424\/2023\/12\/anap-2-506x1024.png\" alt=\"\" class=\"wp-image-128\" srcset=\"https:\/\/webs.uab.cat\/gabrmn\/wp-content\/uploads\/sites\/424\/2023\/12\/anap-2-506x1024.png 506w, https:\/\/webs.uab.cat\/gabrmn\/wp-content\/uploads\/sites\/424\/2023\/12\/anap-2-148x300.png 148w, https:\/\/webs.uab.cat\/gabrmn\/wp-content\/uploads\/sites\/424\/2023\/12\/anap-2-768x1554.png 768w, https:\/\/webs.uab.cat\/gabrmn\/wp-content\/uploads\/sites\/424\/2023\/12\/anap-2-759x1536.png 759w, https:\/\/webs.uab.cat\/gabrmn\/wp-content\/uploads\/sites\/424\/2023\/12\/anap-2.png 872w\" sizes=\"auto, (max-width: 506px) 100vw, 506px\" \/><\/figure>\n<\/div>\n<\/div>\n\n\n\n<p>Nascuda al Brasil, el 30 d\u2019octubre de 1971 (doble nacionalitat espanyola-brasilera). Em vaig graduar en Farm\u00e0cia a la Universitat Cat\u00f2lica de Pelotas, Brasil, el 1997. Vaig obtenir tres beques de curta estada de l\u2019Ag\u00e8ncia Espanyola de Cooperaci\u00f3 Internacional (1997, 1998 i 1999). Gr\u00e0cies a aquestes beques, vaig fer estades breus a la Universidad de Sevilla (1997) i a la Universitat de Barcelona (1998 i 1999). Posteriorment, em vaig traslladar a Espanya i vaig iniciar els estudis de doctorat el 1999-2000 dins del Grup d\u2019Aplicacions Biom\u00e8diques de la RMN (GABRMN, Universitat Aut\u00f2noma de Barcelona). Vaig ser benefici\u00e0ria d\u2019una beca predoctoral del Ministerio de Ciencia e Innovaci\u00f3n durant el per\u00edode 2000-2004. Despr\u00e9s de defensar la tesi doctoral el 2005, vaig continuar la meva traject\u00f2ria investigadora al GABRMN i vaig ocupar el c\u00e0rrec de Professora Associada a la Universitat Aut\u00f2noma de Barcelona.<\/p>\n\n\n\n<p>La meva recerca predoctoral es va centrar en aplicacions de RMN per al diagn\u00f2stic de tumors cerebrals en mostres humanes. Es van mantenir col\u00b7laboracions s\u00f2lides amb l\u2019Hospital Universitari de Bellvitge i l\u2019Institut de Diagn\u00f2stic per la Imatge-Bellvitge (Dr. Carles Maj\u00f3s, Dr. Carles Aguilera, Dr. Juan Jos\u00e9 Acebes). Vaig participar en projectes europeus multic\u00e8ntrics en col\u00b7laboraci\u00f3 amb l\u2019Hospital Sant Joan de D\u00e9u (Dr. Antoni Capdevila) i l\u2019Institut de Diagn\u00f2stic per la Imatge \u2013 Badalona (Dr. Jaume Capellades). L\u2019estudi de dades de RMN espectrosc\u00f2pica en tumors cerebrals humans va conduir a la descripci\u00f3 del senyal de mioinositol\/glicina en tumors glials i la seva relaci\u00f3 amb l\u2019agressivitat tumoral, que vaig publicar com a primera autora el 2011 amb una cohort extensa de pacients.<\/p>\n\n\n\n<p>Despr\u00e9s de la defensa de la tesi, vaig canviar el focus principal de la recerca, tot mantenint els tumors cerebrals dins l\u2019\u00e0mbit d\u2019estudi. Actualment, la meva recerca se centra en la caracteritzaci\u00f3 del patr\u00f3 metabol\u00f2mic en tumors cerebrals precl\u00ednics sota tractament mitjan\u00e7ant imatges moleculars de resposta terap\u00e8utica amb espectrosc\u00f2pia 1H multivolum (MRSI) i t\u00e8cniques d\u2019aprenentatge autom\u00e0tic. El meu objectiu \u00e9s aplicar aquest coneixement per personalitzar la ter\u00e0pia, aconseguir una resposta \u00f2ptima i proposar canvis quan la ter\u00e0pia aplicada no sigui efectiva, amb un clar potencial translacional. A m\u00e9s, la caracteritzaci\u00f3 de la poblaci\u00f3 del sistema immunitari i altres factors locals implicats en la resposta terap\u00e8utica \u00e9s un dels nostres objectius, ja que pot estar relacionada amb canvis espectrals observats durant el tractament. S\u00f3c autora corresponent i \u00faltima autora d\u2019articles publicats dins aquesta l\u00ednia. Finalment, la caracteritzaci\u00f3 precl\u00ednica de nous agents de contrast per a tumors cerebrals \u00e9s tamb\u00e9 un punt fort de la recerca que dirigeixo.<\/p>\n\n\n\n<p>Del 2007 al 2023 vaig ocupar una posici\u00f3 postdoctoral (s\u00e8nior) al CIBER-BBN (Centro de Investigaci\u00f3n Biom\u00e9dica en Red: Bioingenier\u00eda, Biomaterials y Nanomedicina), coordinant estudis precl\u00ednics i supervisant doctorands i estudiants de m\u00e0ster. El 2023 vaig accedir a una pla\u00e7a permanent a la UAB (\u201cProfessor Agregat Laboral\u201d), liderant actualment el Grup d\u2019Aplicacions Biom\u00e8diques de la RMN de la UAB, i tamb\u00e9 el Grup CIBER-BBN CB06\/01\/0010 des de novembre de 2024. Des del juliol de 2025, s\u00f3c la coordinadora de la Unitat de Bioci\u00e8ncies del Departament de Bioqu\u00edmica i Biologia Molecular.<\/p>\n\n\n\n<p>S\u00f3c responsable de la direcci\u00f3 cient\u00edfica de la Unitat 25, RMN: Aplicacions Biom\u00e8diques I, dins les Infraestructures Cient\u00edfiques i Tecnol\u00f2giques Singulars (ICTS) NANBIOSIS. Vaig ser IP d\u2019un projecte europeu Horizon per a idees disruptives, finan\u00e7at amb 100.000 \u20ac (2019-2020). Tamb\u00e9 vaig obtenir finan\u00e7ament com a IP en la convocat\u00f2ria PGC-MICINN (PID2020-113058GB-I00, 121.000 \u20ac, 2021-2023). Lidero un projecte de valoritzaci\u00f3 de recerca premiat pel CIBER (2021-2022, 20.000 \u20ac) i co-lidero un conveni cient\u00edfic amb l\u2019Hospital Universitari Parc Taul\u00ed de Sabadell, aix\u00ed com un projecte col\u00b7laboratiu CIBER-BBN\/CIBERNED amb la co-IP Marta Mart\u00ednez del VHIR.<\/p>\n","protected":false},"excerpt":{"rendered":"<p>Segons Web of Science:a) Nombre total de citacions: 993 procedents de 56 publicacions; mitjana de 98 citacions\/any en el per\u00edode de 5 anys 2020-2024.b) 36 publicacions en revistes Q1 (2004-2025, segons JCR), 13 publicacions en revistes D1 (segons Scopus).c) \u00cdndex h: 19.d) Tesis doctorals dirigides: 11 (8 finalitzades, 3 en curs). Tesis de m\u00e0ster dirigides: [&hellip;]<\/p>\n","protected":false},"author":2658,"featured_media":0,"parent":0,"menu_order":0,"comment_status":"closed","ping_status":"closed","template":"","meta":{"footnotes":""},"class_list":["post-76","page","type-page","status-publish","hentry"],"_links":{"self":[{"href":"https:\/\/webs.uab.cat\/gabrmn\/wp-json\/wp\/v2\/pages\/76","targetHints":{"allow":["GET"]}}],"collection":[{"href":"https:\/\/webs.uab.cat\/gabrmn\/wp-json\/wp\/v2\/pages"}],"about":[{"href":"https:\/\/webs.uab.cat\/gabrmn\/wp-json\/wp\/v2\/types\/page"}],"author":[{"embeddable":true,"href":"https:\/\/webs.uab.cat\/gabrmn\/wp-json\/wp\/v2\/users\/2658"}],"replies":[{"embeddable":true,"href":"https:\/\/webs.uab.cat\/gabrmn\/wp-json\/wp\/v2\/comments?post=76"}],"version-history":[{"count":10,"href":"https:\/\/webs.uab.cat\/gabrmn\/wp-json\/wp\/v2\/pages\/76\/revisions"}],"predecessor-version":[{"id":1090,"href":"https:\/\/webs.uab.cat\/gabrmn\/wp-json\/wp\/v2\/pages\/76\/revisions\/1090"}],"wp:attachment":[{"href":"https:\/\/webs.uab.cat\/gabrmn\/wp-json\/wp\/v2\/media?parent=76"}],"curies":[{"name":"wp","href":"https:\/\/api.w.org\/{rel}","templated":true}]}}