{"id":764,"date":"2024-01-02T08:49:30","date_gmt":"2024-01-02T06:49:30","guid":{"rendered":"https:\/\/webs.uab.cat\/gabrmn\/novetats-2\/"},"modified":"2026-04-02T19:38:10","modified_gmt":"2026-04-02T17:38:10","slug":"novetats-2","status":"publish","type":"page","link":"https:\/\/webs.uab.cat\/gabrmn\/novetats-2\/","title":{"rendered":"Novetats"},"content":{"rendered":"\n<p><strong>Pr\u00f2ximament: 2n Webinar de la <em>Preclinical Task Force<\/em> de GliMR &#8211; 28 d&#8217;Abril, 15h. CAL REGISTRE, link a google forms despr\u00e9s de la imatge a baix.<\/strong><\/p>\n\n\n\n<figure class=\"wp-block-image size-full is-resized\"><img loading=\"lazy\" decoding=\"async\" width=\"599\" height=\"869\" src=\"https:\/\/webs.uab.cat\/gabrmn\/wp-content\/uploads\/sites\/424\/2026\/04\/image.png\" alt=\"\" class=\"wp-image-1114\" style=\"width:464px;height:auto\" srcset=\"https:\/\/webs.uab.cat\/gabrmn\/wp-content\/uploads\/sites\/424\/2026\/04\/image.png 599w, https:\/\/webs.uab.cat\/gabrmn\/wp-content\/uploads\/sites\/424\/2026\/04\/image-207x300.png 207w\" sizes=\"auto, (max-width: 599px) 100vw, 599px\" \/><\/figure>\n\n\n\n<p><a href=\"https:\/\/forms.gle\/SWSVewJt9iHGwuAj7\">Registre al Webinar<\/a><\/p>\n\n\n\n<p><a href=\"https:\/\/esmrmb2025.org\/\"><strong>ESMRMB 41st Annual Meeting, 2025<\/strong><\/a><\/p>\n\n\n\n<p>El GABRMN ha participat del prestigi\u00f3s congr\u00e9s de la ESMRMB que es va dur a terme en Marseille, 8-11 d&#8217;octubre de 2025, amb la contribuci\u00f3 del tipus &#8220;late abstract&#8221; amb el t\u00edtol <em>Longitudinal MRI for tumor evaluation in two immunocompetent chicken chorioallantoic membrane (CAM) cancer xenograft models: A Registered Report<\/em>, que ha estat escollit per una flash talk, que la va donar la IP Ana Paula Candiota, i que resulta d&#8217;una col\u00b7laboraci\u00f3 entre la UAB (AP Candiota, S. Lope-Piedrafita, M. Juli\u00e0-Sap\u00e9) i l&#8217;Institut Josep Carreras (N Profit\u00f3s-Pellej\u00e0, G. Rou\u00e9). <\/p>\n\n\n\n<figure class=\"wp-block-image size-large\"><img loading=\"lazy\" decoding=\"async\" width=\"1024\" height=\"768\" src=\"https:\/\/webs.uab.cat\/gabrmn\/wp-content\/uploads\/sites\/424\/2025\/11\/esmrmbweb-1024x768.jpg\" alt=\"\" class=\"wp-image-1055\" srcset=\"https:\/\/webs.uab.cat\/gabrmn\/wp-content\/uploads\/sites\/424\/2025\/11\/esmrmbweb-1024x768.jpg 1024w, https:\/\/webs.uab.cat\/gabrmn\/wp-content\/uploads\/sites\/424\/2025\/11\/esmrmbweb-300x225.jpg 300w, https:\/\/webs.uab.cat\/gabrmn\/wp-content\/uploads\/sites\/424\/2025\/11\/esmrmbweb-768x576.jpg 768w, https:\/\/webs.uab.cat\/gabrmn\/wp-content\/uploads\/sites\/424\/2025\/11\/esmrmbweb-1536x1152.jpg 1536w, https:\/\/webs.uab.cat\/gabrmn\/wp-content\/uploads\/sites\/424\/2025\/11\/esmrmbweb-1200x900.jpg 1200w, https:\/\/webs.uab.cat\/gabrmn\/wp-content\/uploads\/sites\/424\/2025\/11\/esmrmbweb.jpg 1600w\" sizes=\"auto, (max-width: 1024px) 100vw, 1024px\" \/><\/figure>\n\n\n\n<p><strong><a href=\"https:\/\/events.ibecbarcelona.eu\/ismrm-2025\/\">ISMRM Iberian Chapter meeting, 2025<\/a><\/strong><\/p>\n\n\n\n<figure class=\"wp-block-image size-full\"><img loading=\"lazy\" decoding=\"async\" width=\"349\" height=\"144\" src=\"https:\/\/webs.uab.cat\/gabrmn\/wp-content\/uploads\/sites\/424\/2025\/07\/image.png\" alt=\"\" class=\"wp-image-1029\" srcset=\"https:\/\/webs.uab.cat\/gabrmn\/wp-content\/uploads\/sites\/424\/2025\/07\/image.png 349w, https:\/\/webs.uab.cat\/gabrmn\/wp-content\/uploads\/sites\/424\/2025\/07\/image-300x124.png 300w\" sizes=\"auto, (max-width: 349px) 100vw, 349px\" \/><\/figure>\n\n\n\n<p>El GABRMN participar\u00e0 activament del 5\u00e9 ISMRM Iberian Chapter Annual Meeting, en Barcelona els propers dies 3 i 4 de juliol. A m\u00e9s de ser part del comit\u00e9 local organitzador (A.P. Candiota), participar\u00e0 amb p\u00f3sters i presentaci\u00f3 oral en aquest congr\u00e9s.<\/p>\n\n\n\n<p><em>P\u00f3sters<\/em>:<\/p>\n\n\n\n<ol class=\"wp-block-list\">\n<li><strong>Radiomics-Based Signature for Identifying Successful Response to TMZ<br>Treatment in Murine GL261 Glioblastoma: leveraging the peritumoral zone<\/strong>  (Benito Farina, Juan E. Ortu\u00f1o, Andr\u00e9s Santos, Ana Paula Candiota, Mar\u00eda J. Ledesma-Carbayo). <em>Col\u00b7laboraci\u00f3 intra CIBER-BBN<\/em><\/li>\n\n\n\n<li><strong>Advanced AI strategies to estimate inflection point of response\/relapse in preclinical GL261 glioblastoma using T2w MRI data<\/strong> (Javier Gonz\u00e1lez B\u00e9jar,  Alfredo Vellido, Ana Paula Candiota). <em>Col\u00b7laboraci\u00f3 amb UPC<\/em><\/li>\n\n\n\n<li><strong>Bridging 3T and 7T MR: Towards Unified Metabolic Profiling for Preclinical Brain Tumor Studies. <\/strong>(Ana Paula Candiota, Rui V. Sim\u00f5es, Silvia Lope-Piedrafita). <em>Col\u00b7laboraci\u00f3 amb I3S<\/em><\/li>\n<\/ol>\n\n\n\n<p><em>Presentaci\u00f3 Oral<\/em>:<\/p>\n\n\n\n<p><strong>Applying longitudinal MRI for tumor evaluation in two immunocompetent chicken<br>chorioallantoic membrane (CAM) cancer xenograft models. <\/strong>(N\u00faria Profit\u00f3s-Pelej\u00e0, Margarida Juli\u00e0-Sap\u00e9, Ana Paula Candiota, Ga\u00ebl Rou\u00e9, Silvia Lope-Piedrafita)<\/p>\n\n\n\n<p><strong>Workshop de IPs CIBER-BBN en Saragossa, 7-10 de maig de 2025<\/strong><\/p>\n\n\n\n<p><em>La IP del GABRMN, Dr. Ana Paula Candiota, qui ha succe\u00eft el prof. Carles Ar\u00fas tamb\u00e9 en la direcci\u00f3 del <a href=\"https:\/\/www.ciber-bbn.es\/grupos\/grupo-de-investigacion?id=5401\">grup CIBER-BBN CB06\/01\/0010<\/a><\/em>, ha participat del Workshop de IPs de CIBER que ha tingut lloc a Saragossa, de 7 a 10 de maig de 2025. Aquest workshop tenia com a finalitat redefinir algunes l\u00ednies estrat\u00e8giques del conjunt, tenint en compte els canvis en la composici\u00f3 dels grups i el relleu generacional amb canvi de direcci\u00f3 en alguns grups. <\/p>\n\n\n\n<figure class=\"wp-block-image size-large\"><img loading=\"lazy\" decoding=\"async\" width=\"1024\" height=\"652\" src=\"https:\/\/webs.uab.cat\/gabrmn\/wp-content\/uploads\/sites\/424\/2025\/05\/worshopzgz-1024x652.jpg\" alt=\"\" class=\"wp-image-1010\" srcset=\"https:\/\/webs.uab.cat\/gabrmn\/wp-content\/uploads\/sites\/424\/2025\/05\/worshopzgz-1024x652.jpg 1024w, https:\/\/webs.uab.cat\/gabrmn\/wp-content\/uploads\/sites\/424\/2025\/05\/worshopzgz-300x191.jpg 300w, https:\/\/webs.uab.cat\/gabrmn\/wp-content\/uploads\/sites\/424\/2025\/05\/worshopzgz-768x489.jpg 768w, https:\/\/webs.uab.cat\/gabrmn\/wp-content\/uploads\/sites\/424\/2025\/05\/worshopzgz-1536x977.jpg 1536w, https:\/\/webs.uab.cat\/gabrmn\/wp-content\/uploads\/sites\/424\/2025\/05\/worshopzgz-1200x764.jpg 1200w, https:\/\/webs.uab.cat\/gabrmn\/wp-content\/uploads\/sites\/424\/2025\/05\/worshopzgz.jpg 1600w\" sizes=\"auto, (max-width: 1024px) 100vw, 1024px\" \/><\/figure>\n\n\n\n<p><strong>Visita cient\u00edfica a I3S: Instituto de Investiga\u00e7\u00e3o e Inova\u00e7\u00e3o em Sa\u00fade da Universidade do Porto<\/strong><\/p>\n\n\n\n<p>La IP del GABRMN, <strong>Dr. Ana Paula Candiota<\/strong>, es troba actualment gaudint d&#8217;un ajut de mobilitat de CIBER-BBN, que se li va atorgar per un intercanvi cient\u00edfic amb la secci\u00f3 de Resson\u00e0ncia Magn\u00e8tica Precl\u00ednica de <a href=\"https:\/\/www.i3s.up.pt\/\">l&#8217;Instituto de Investiga\u00e7ao e Inova\u00e7ao em Sa\u00fade da Universidade do Porto<\/a>, dirigit actualment pel Dr. Rui Sim\u00f5es, antic membre del GABRMN durant els anys 2006-2010. En aques intercanvi, es pret\u00e9n explorar la compatibilitat de les dades a diferent camp magn\u00e8tic (3T vs 7T), i tamb\u00e9 treballar amb les difer\u00e8ncies de format en les dades adquirides amb la versi\u00f3 de software Bruker Paravision 360. Aquesta ser\u00e0 tamb\u00e9 la versi\u00f3 que pr\u00f2ximament tindr\u00e0 el Servei de Resson\u00e0ncia Magn\u00e8tica de la UAB, amb el upgrade de la consola de l&#8217;equipament actual. Aquest treball tamb\u00e9 tindr\u00e0 repercussi\u00f3 per als projectes TIMER-GLIO (del qual el Dr. Sim\u00f5es es part de l&#8217;equip de treball) i EUCAIM, i refor\u00e7a la col\u00b7laboraci\u00f3 entre les dues institucions. <a href=\"https:\/\/www.i3s.up.pt\/seminars.php\">La Dra. Candiota tamb\u00e9 impartir\u00e0 un seminari sobre el treball del grup<\/a> i els lla\u00e7os entre les institucions, el dilluns 10 de febrer a les 15h a l&#8217;auditori Corino de Andrade de l&#8217;I3S.<\/p>\n\n\n\n<figure class=\"wp-block-image size-large is-resized\"><img loading=\"lazy\" decoding=\"async\" width=\"768\" height=\"1024\" src=\"https:\/\/webs.uab.cat\/gabrmn\/wp-content\/uploads\/sites\/424\/2025\/02\/Imatge-de-WhatsApp-2025-02-03-a-les-12.07.13_34b279a2-768x1024.jpg\" alt=\"\" class=\"wp-image-977\" style=\"width:504px;height:auto\" srcset=\"https:\/\/webs.uab.cat\/gabrmn\/wp-content\/uploads\/sites\/424\/2025\/02\/Imatge-de-WhatsApp-2025-02-03-a-les-12.07.13_34b279a2-768x1024.jpg 768w, https:\/\/webs.uab.cat\/gabrmn\/wp-content\/uploads\/sites\/424\/2025\/02\/Imatge-de-WhatsApp-2025-02-03-a-les-12.07.13_34b279a2-225x300.jpg 225w, https:\/\/webs.uab.cat\/gabrmn\/wp-content\/uploads\/sites\/424\/2025\/02\/Imatge-de-WhatsApp-2025-02-03-a-les-12.07.13_34b279a2-1152x1536.jpg 1152w, https:\/\/webs.uab.cat\/gabrmn\/wp-content\/uploads\/sites\/424\/2025\/02\/Imatge-de-WhatsApp-2025-02-03-a-les-12.07.13_34b279a2.jpg 1200w\" sizes=\"auto, (max-width: 768px) 100vw, 768px\" \/><\/figure>\n\n\n\n<p><strong>Premi extraordinari de doctorat<\/strong>:<\/p>\n\n\n\n<p>El GABRMN ha rebut recentment la not\u00edcia que la <a href=\"https:\/\/webs.uab.cat\/gabrmn\/tesis-doctorals\/\" data-type=\"page\" data-id=\"243\">tesi doctoral de Maria del Pilar Calero-P\u00e9rez<\/a>, dirigida per Dr. Ana Paula Candiota i Dr. Carles Ar\u00fas, i que porta per t\u00edtol &#8220;On the road to improve glioblastoma therapy follow-up. Immune microenvironment: what is behind the MRSI-based nosological images?&#8221;, ha rebut el <em>premi extraordinari de doctorat de la UAB<\/em>. &nbsp;La ceremonia d&#8217;entrega dels premis ser\u00e0 el 15 de novembre pr\u00f2xim, a l&#8217;Hotel Campus. <\/p>\n\n\n\n<p><strong>Pr\u00f2xims events cient\u00edfics en que el GABRMN ha participat o participar\u00e0<\/strong>:<\/p>\n\n\n\n<figure class=\"wp-block-image size-large is-resized\"><img loading=\"lazy\" decoding=\"async\" width=\"1024\" height=\"577\" src=\"https:\/\/webs.uab.cat\/gabrmn\/wp-content\/uploads\/sites\/424\/2024\/10\/Imatge-de-WhatsApp-2024-10-05-a-les-12.12.21_a946affa-2-1024x577.jpg\" alt=\"\" class=\"wp-image-844\" style=\"width:607px;height:auto\" srcset=\"https:\/\/webs.uab.cat\/gabrmn\/wp-content\/uploads\/sites\/424\/2024\/10\/Imatge-de-WhatsApp-2024-10-05-a-les-12.12.21_a946affa-2-1024x577.jpg 1024w, https:\/\/webs.uab.cat\/gabrmn\/wp-content\/uploads\/sites\/424\/2024\/10\/Imatge-de-WhatsApp-2024-10-05-a-les-12.12.21_a946affa-2-300x169.jpg 300w, https:\/\/webs.uab.cat\/gabrmn\/wp-content\/uploads\/sites\/424\/2024\/10\/Imatge-de-WhatsApp-2024-10-05-a-les-12.12.21_a946affa-2-768x432.jpg 768w, https:\/\/webs.uab.cat\/gabrmn\/wp-content\/uploads\/sites\/424\/2024\/10\/Imatge-de-WhatsApp-2024-10-05-a-les-12.12.21_a946affa-2-1536x865.jpg 1536w, https:\/\/webs.uab.cat\/gabrmn\/wp-content\/uploads\/sites\/424\/2024\/10\/Imatge-de-WhatsApp-2024-10-05-a-les-12.12.21_a946affa-2-1200x676.jpg 1200w, https:\/\/webs.uab.cat\/gabrmn\/wp-content\/uploads\/sites\/424\/2024\/10\/Imatge-de-WhatsApp-2024-10-05-a-les-12.12.21_a946affa-2.jpg 1600w\" sizes=\"auto, (max-width: 1024px) 100vw, 1024px\" \/><\/figure>\n\n\n\n<p>1. <strong><a href=\"https:\/\/www.esmrmb.org\/congress\/esmrmb-2024\/\" target=\"_blank\" rel=\"noreferrer noopener\">ESMRMB (European Society for Magnetic Resonance in Medicine and Biology) 40th Annual Congress<\/a><\/strong>. <\/p>\n\n\n\n<p>Barcelona, 2-5 Octubre, 2024<\/p>\n\n\n\n<p>Congr\u00e9s Europeu per excel\u00e8ncia de la comunitat cient\u00edfica dedicada a totes les modalitats de resson\u00e0ncia magn\u00e8tica, aplicades a medicina i biologia.<\/p>\n\n\n<div class=\"wp-block-image\">\n<figure class=\"aligncenter size-large is-resized\"><img loading=\"lazy\" decoding=\"async\" width=\"1024\" height=\"201\" src=\"https:\/\/webs.uab.cat\/gabrmn\/wp-content\/uploads\/sites\/424\/2024\/03\/image-2-1024x201.png\" alt=\"\" class=\"wp-image-718\" style=\"width:609px;height:auto\" srcset=\"https:\/\/webs.uab.cat\/gabrmn\/wp-content\/uploads\/sites\/424\/2024\/03\/image-2-1024x201.png 1024w, https:\/\/webs.uab.cat\/gabrmn\/wp-content\/uploads\/sites\/424\/2024\/03\/image-2-300x59.png 300w, https:\/\/webs.uab.cat\/gabrmn\/wp-content\/uploads\/sites\/424\/2024\/03\/image-2-768x150.png 768w, https:\/\/webs.uab.cat\/gabrmn\/wp-content\/uploads\/sites\/424\/2024\/03\/image-2-1536x301.png 1536w, https:\/\/webs.uab.cat\/gabrmn\/wp-content\/uploads\/sites\/424\/2024\/03\/image-2-1200x235.png 1200w, https:\/\/webs.uab.cat\/gabrmn\/wp-content\/uploads\/sites\/424\/2024\/03\/image-2.png 1843w\" sizes=\"auto, (max-width: 1024px) 100vw, 1024px\" \/><\/figure>\n<\/div>\n\n\n<p>El GABRMN participar\u00e0 amb una xerrada de la Dra. Ana Paula Candiota que porta per t\u00edtol. &#8220;<em>Tuning immunotherapy and molecular imaging to improve outcome in glioblastoma<\/em>&#8220;. <\/p>\n\n\n\n<p>A m\u00e9s, participarem amb un treball en forma de p\u00f2ster amb el t\u00edtol &#8220;<em>Unraveling metabolomic changes in GL261 GB responding to TMZ therapy through high-resolution magic angle spinning data<\/em>&#8220;, que ha comptat amb la participaci\u00f3 de membres del Instituto Interuniversitario de Investigaci\u00f3n de Reconocimiento Molecular y Desarrollo Tecnol\u00f3gico (IDM) (<a href=\"https:\/\/producciocientifica.uv.es\/investigadores\/334365\/detalle\">Dr. M\u00aa Carmen Mart\u00ednez-Bisbal<\/a>) i del Biomedical Magnetic Resonance Laboratory-BMRL (<a href=\"https:\/\/ibima.eu\/es\/area-7\/\">Dra. Maria Luisa Garc\u00eda-Mart\u00edn<\/a>). <\/p>\n\n\n\n<p><\/p>\n\n\n\n<p>2.<a href=\"https:\/\/ismrm-iberian.eu\/meeting2024.html\" target=\"_blank\" rel=\"noreferrer noopener\"> <\/a><a href=\"https:\/\/setcor.org\/conferences\/nanomed-2024\"><strong>NanoMedicine International Conference &#8211; NanoMed 2024<\/strong><\/a><\/p>\n\n\n\n<p>Barcelona, 23-25 Octubre, 2024<\/p>\n\n\n<div class=\"wp-block-image\">\n<figure class=\"aligncenter size-large is-resized\"><img loading=\"lazy\" decoding=\"async\" width=\"1024\" height=\"432\" src=\"https:\/\/webs.uab.cat\/gabrmn\/wp-content\/uploads\/sites\/424\/2024\/09\/1700089609_NanoMed2024Banner-1024x432.jpg\" alt=\"\" class=\"wp-image-737\" style=\"width:433px;height:auto\" srcset=\"https:\/\/webs.uab.cat\/gabrmn\/wp-content\/uploads\/sites\/424\/2024\/09\/1700089609_NanoMed2024Banner-1024x432.jpg 1024w, https:\/\/webs.uab.cat\/gabrmn\/wp-content\/uploads\/sites\/424\/2024\/09\/1700089609_NanoMed2024Banner-300x127.jpg 300w, https:\/\/webs.uab.cat\/gabrmn\/wp-content\/uploads\/sites\/424\/2024\/09\/1700089609_NanoMed2024Banner-768x324.jpg 768w, https:\/\/webs.uab.cat\/gabrmn\/wp-content\/uploads\/sites\/424\/2024\/09\/1700089609_NanoMed2024Banner-1536x648.jpg 1536w, https:\/\/webs.uab.cat\/gabrmn\/wp-content\/uploads\/sites\/424\/2024\/09\/1700089609_NanoMed2024Banner-2048x864.jpg 2048w, https:\/\/webs.uab.cat\/gabrmn\/wp-content\/uploads\/sites\/424\/2024\/09\/1700089609_NanoMed2024Banner-1200x506.jpg 1200w, https:\/\/webs.uab.cat\/gabrmn\/wp-content\/uploads\/sites\/424\/2024\/09\/1700089609_NanoMed2024Banner-1980x835.jpg 1980w\" sizes=\"auto, (max-width: 1024px) 100vw, 1024px\" \/><\/figure>\n<\/div>\n\n\n<p>NanoMedicine 2024 cobrir\u00e0 els desenvolupaments internacionals m\u00e9s recents en el camp de la Nanobiotecnologia i la Nanomedicina. Els participants obtindran una visi\u00f3 completa de l&#8217;estat de l&#8217;art en aquests camps, aix\u00ed com de la investigaci\u00f3 realitzada i els resultats m\u00e9s recents. Es discutiran els aven\u00e7os recents, les dificultats i els descobriments, aix\u00ed com les tend\u00e8ncies emergents i futures dels camps convergents de la Nanotecnologia, la Biotecnologia i la Medicina. L&#8217;esdeveniment ofereix als participants tant de la ci\u00e8ncia com de la ind\u00fastria l&#8217;oportunitat de debatre nous projectes de cooperaci\u00f3. El GABRMN participar\u00e0 espec\u00edficament del t\u00f2pic &#8220;Nano-Carriers for Drug Delivery and Drug Targeting&#8221;.     <\/p>\n\n\n\n<p>3.<a href=\"https:\/\/ismrm-iberian.eu\/meeting2024.html\" target=\"_blank\" rel=\"noreferrer noopener\"> <\/a><a href=\"https:\/\/setcor.org\/conferences\/nanomed-2024\"><strong>Congreso CIBER 10 a\u00f1os avanzando juntos en salud<\/strong><\/a><\/p>\n\n\n\n<p>Valencia, 27-29 Novembre, 2024<\/p>\n\n\n<div class=\"wp-block-image\">\n<figure class=\"aligncenter size-large is-resized\"><img loading=\"lazy\" decoding=\"async\" width=\"1024\" height=\"396\" src=\"https:\/\/webs.uab.cat\/gabrmn\/wp-content\/uploads\/sites\/424\/2024\/09\/bannervalencia-1024x396.jpg\" alt=\"\" class=\"wp-image-740\" style=\"width:557px;height:auto\" srcset=\"https:\/\/webs.uab.cat\/gabrmn\/wp-content\/uploads\/sites\/424\/2024\/09\/bannervalencia-1024x396.jpg 1024w, https:\/\/webs.uab.cat\/gabrmn\/wp-content\/uploads\/sites\/424\/2024\/09\/bannervalencia-300x116.jpg 300w, https:\/\/webs.uab.cat\/gabrmn\/wp-content\/uploads\/sites\/424\/2024\/09\/bannervalencia-768x297.jpg 768w, https:\/\/webs.uab.cat\/gabrmn\/wp-content\/uploads\/sites\/424\/2024\/09\/bannervalencia-1536x594.jpg 1536w, https:\/\/webs.uab.cat\/gabrmn\/wp-content\/uploads\/sites\/424\/2024\/09\/bannervalencia-1200x464.jpg 1200w, https:\/\/webs.uab.cat\/gabrmn\/wp-content\/uploads\/sites\/424\/2024\/09\/bannervalencia.jpg 1925w\" sizes=\"auto, (max-width: 1024px) 100vw, 1024px\" \/><\/figure>\n<\/div>\n\n\n<p>Del 27 al 29 de novembre, tindr\u00e0 lloc al Palau de Congressos de Val\u00e8ncia, amb el personal investigador de les 13 \u00e0rees del Consorci, el des\u00e8 aniversari del CIBER.<\/p>\n\n\n\n<p>\u00c9s una oportunitat per aprofundir en els valors del Consorci CIBER i afavorir la col\u00b7laboraci\u00f3 i la recerca de solucions per a la salut.<\/p>\n\n\n\n<p>4.<strong> Atenci\u00f3: el GABRMN participar\u00e0 en l&#8217;organitzaci\u00f3 del pr\u00f2xim ISMRM Iberian Chapter Annual Meeting, que tindr\u00e0 lloc a Barcelona els dies 3 i 4 de juliol. Proximament publicarem m\u00e9s novetats. <\/strong><\/p>\n\n\n\n<p><\/p>\n","protected":false},"excerpt":{"rendered":"<p>Pr\u00f2ximament: 2n Webinar de la Preclinical Task Force de GliMR &#8211; 28 d&#8217;Abril, 15h. CAL REGISTRE, link a google forms despr\u00e9s de la imatge a baix. Registre al Webinar ESMRMB 41st Annual Meeting, 2025 El GABRMN ha participat del prestigi\u00f3s congr\u00e9s de la ESMRMB que es va dur a terme en Marseille, 8-11 d&#8217;octubre de [&hellip;]<\/p>\n","protected":false},"author":2658,"featured_media":0,"parent":0,"menu_order":0,"comment_status":"closed","ping_status":"closed","template":"","meta":{"footnotes":""},"class_list":["post-764","page","type-page","status-publish","hentry"],"_links":{"self":[{"href":"https:\/\/webs.uab.cat\/gabrmn\/wp-json\/wp\/v2\/pages\/764","targetHints":{"allow":["GET"]}}],"collection":[{"href":"https:\/\/webs.uab.cat\/gabrmn\/wp-json\/wp\/v2\/pages"}],"about":[{"href":"https:\/\/webs.uab.cat\/gabrmn\/wp-json\/wp\/v2\/types\/page"}],"author":[{"embeddable":true,"href":"https:\/\/webs.uab.cat\/gabrmn\/wp-json\/wp\/v2\/users\/2658"}],"replies":[{"embeddable":true,"href":"https:\/\/webs.uab.cat\/gabrmn\/wp-json\/wp\/v2\/comments?post=764"}],"version-history":[{"count":25,"href":"https:\/\/webs.uab.cat\/gabrmn\/wp-json\/wp\/v2\/pages\/764\/revisions"}],"predecessor-version":[{"id":1115,"href":"https:\/\/webs.uab.cat\/gabrmn\/wp-json\/wp\/v2\/pages\/764\/revisions\/1115"}],"wp:attachment":[{"href":"https:\/\/webs.uab.cat\/gabrmn\/wp-json\/wp\/v2\/media?parent=764"}],"curies":[{"name":"wp","href":"https:\/\/api.w.org\/{rel}","templated":true}]}}