{"id":948,"date":"2024-12-08T14:01:10","date_gmt":"2024-12-08T12:01:10","guid":{"rendered":"https:\/\/webs.uab.cat\/gabrmn\/?page_id=948"},"modified":"2026-04-20T08:02:34","modified_gmt":"2026-04-20T06:02:34","slug":"2024-2","status":"publish","type":"page","link":"https:\/\/webs.uab.cat\/gabrmn\/2024-2\/","title":{"rendered":"2024"},"content":{"rendered":"\n<p>Jim\u00e9nez R, Constantinescu A, Yazir M, Alfonso-Triguero P, Pequerul R, Par\u00e9s X, P\u00e9rez-Alea M, <strong>Candiota AP<\/strong>, Farr\u00e9s J, Lorenzo J. Targeting Retinaldehyde Dehydrogenases to Enhance Temozolomide Therapy in Glioblastoma. Int J Mol Sci. 2024 Oct 26;25(21):11512. doi: 10.3390\/ijms252111512. PMID: 39519068; PMCID: PMC11546810.<\/p>\n\n\n\n<p>Ungan G, Pons-Escoda A, <em>Ulinic D<\/em>, <strong>Ar\u00fas C<\/strong>, <em>Ortega-Martorell S, Olier I<\/em>, Vellido A, Maj\u00f3s C, <em>Juli\u00e0-Sap\u00e9 M<\/em>. Early pseudoprogression and progression lesions in glioblastoma patients are both metabolically heterogeneous. NMR Biomed. 2024 Apr;37(4):e5095. doi: 10.1002\/nbm.5095. Epub 2024 Jan 11. PMID: 38213096.<\/p>\n\n\n\n<p><\/p>\n","protected":false},"excerpt":{"rendered":"<p>Jim\u00e9nez R, Constantinescu A, Yazir M, Alfonso-Triguero P, Pequerul R, Par\u00e9s X, P\u00e9rez-Alea M, Candiota AP, Farr\u00e9s J, Lorenzo J. Targeting Retinaldehyde Dehydrogenases to Enhance Temozolomide Therapy in Glioblastoma. Int J Mol Sci. 2024 Oct 26;25(21):11512. doi: 10.3390\/ijms252111512. PMID: 39519068; PMCID: PMC11546810. Ungan G, Pons-Escoda A, Ulinic D, Ar\u00fas C, Ortega-Martorell S, Olier I, Vellido [&hellip;]<\/p>\n","protected":false},"author":2658,"featured_media":0,"parent":0,"menu_order":0,"comment_status":"closed","ping_status":"closed","template":"","meta":{"footnotes":""},"class_list":["post-948","page","type-page","status-publish","hentry"],"_links":{"self":[{"href":"https:\/\/webs.uab.cat\/gabrmn\/wp-json\/wp\/v2\/pages\/948","targetHints":{"allow":["GET"]}}],"collection":[{"href":"https:\/\/webs.uab.cat\/gabrmn\/wp-json\/wp\/v2\/pages"}],"about":[{"href":"https:\/\/webs.uab.cat\/gabrmn\/wp-json\/wp\/v2\/types\/page"}],"author":[{"embeddable":true,"href":"https:\/\/webs.uab.cat\/gabrmn\/wp-json\/wp\/v2\/users\/2658"}],"replies":[{"embeddable":true,"href":"https:\/\/webs.uab.cat\/gabrmn\/wp-json\/wp\/v2\/comments?post=948"}],"version-history":[{"count":4,"href":"https:\/\/webs.uab.cat\/gabrmn\/wp-json\/wp\/v2\/pages\/948\/revisions"}],"predecessor-version":[{"id":1144,"href":"https:\/\/webs.uab.cat\/gabrmn\/wp-json\/wp\/v2\/pages\/948\/revisions\/1144"}],"wp:attachment":[{"href":"https:\/\/webs.uab.cat\/gabrmn\/wp-json\/wp\/v2\/media?parent=948"}],"curies":[{"name":"wp","href":"https:\/\/api.w.org\/{rel}","templated":true}]}}