{"id":142,"date":"2010-01-21T13:43:18","date_gmt":"2010-01-21T11:43:18","guid":{"rendered":"https:\/\/webs.uab.cat\/gaemi\/inici-2\/"},"modified":"2010-01-21T13:43:18","modified_gmt":"2010-01-21T11:43:18","slug":"inici-2","status":"publish","type":"page","link":"https:\/\/webs.uab.cat\/gaemi\/en\/","title":{"rendered":"Home"},"content":{"rendered":"<p style=\"text-align: justify;\"><span id=\"result_box\" lang=\"en\"><span title=\"L'objectiu del grup \u00e9s desenvolupar una investigaci\u00f3 de qualitat de la que resulti una transfer\u00e8ncia de tecnologia real en l'\u00e0mbit de les aplicacions electro-magn\u00e8tiques industrials.\">The group&#8217;s aim is to develop quality research that is of a real transfer of technology in the field of electro-magnetic industrial applications. <\/span><span title=\"En aquest sentit, les tasques i activo tatas del grup est\u00e1n destinades a apropar el knowhow i les eines de qu\u00e8 disposem a la universitat al m\u00f3n industrial.\">In this regard, active tasks and Tata Group are designed to bring the knowhow and tools available to the university to the industrial world. <\/span><span title=\"L'experi\u00e8ncia ens ha demostrat que la transfer\u00e8ncia real de tecnologia constitueix una activitat molt profitosa tant des del punt de vista de les empreses com des del de la universitat.\">Experience has shown that the actual transfer of technology is a very profitable business from the point of view of companies and from the university. <\/span><span title=\"A l'empresa li resulta molt \u00fatil poder treure profit de les eines i els coneixements de qu\u00e8 es disposa a la universitat, i des del punt de vista de la universitat aquestes activitats es poden convertir en una important font de recursos que facilitin la productivitat cient\u00edfica\">The company finds it very useful to be able to take advantage of the tools and knowledge that is available to the university, and from the standpoint of the university these activities can become an important resource to facilitate scientific productivity <\/span><span title=\"i t\u00e8cnica.\">and technique. <\/span><span title=\"Per desenvolupar aquestes activitats resulta molt convenient presentar-se a les empreses com a un grup amb unes caracter\u00edstiques clarament identificables.\">For these activities is very convenient to present to companies as a group with clearly identifiable characteristics. <\/span><span title=\"Un altre objectiu molt m\u00e9s acad\u00e8mic \u00e9s generar i mantenir una producci\u00f3 cient\u00edfica de qualitat.\">Another objective is to generate more academic scientific production and maintain quality. <\/span><span title=\"En aquest sentit, cal destacar els tres projectes de tesis doctorals que actualment s'estan duent a terme, com a conseq\u00fc\u00e8ncia directa de les activitats d'investigaci\u00f3 que donen sentit a aquest grup.\">In this sense, we highlight three projects doctoral theses currently being carried out as a direct result of the research activities that give meaning to this group. <\/span><span title=\"En aquest sentit tamb\u00e9 \u00e9s destacable la intenci\u00f3 de seguir publicant en les mateixes revistes internacionals de reconegut prestigi i assistint als congressos m\u00e9s importants en l'\u00e0mbit de les telecomunicacions i de les aplicacions industrials.\">In this regard it is also remarkable intend to continue publishing in the same prestigious international journals and attending major conferences in the field of telecommunications and industrial applications.<\/span><\/span><\/p>\n","protected":false},"excerpt":{"rendered":"<p>The group&#8217;s aim is to develop quality research that is of a real transfer of technology in the field of electro-magnetic industrial applications. In this regard, active tasks and Tata Group are designed to bring the knowhow and tools available to the university to the industrial world. Experience has shown that the actual transfer of [&hellip;]<\/p>\n","protected":false},"author":20,"featured_media":0,"parent":0,"menu_order":0,"comment_status":"closed","ping_status":"closed","template":"","meta":{"footnotes":""},"class_list":["post-142","page","type-page","status-publish","hentry"],"_links":{"self":[{"href":"https:\/\/webs.uab.cat\/gaemi\/en\/wp-json\/wp\/v2\/pages\/142","targetHints":{"allow":["GET"]}}],"collection":[{"href":"https:\/\/webs.uab.cat\/gaemi\/en\/wp-json\/wp\/v2\/pages"}],"about":[{"href":"https:\/\/webs.uab.cat\/gaemi\/en\/wp-json\/wp\/v2\/types\/page"}],"author":[{"embeddable":true,"href":"https:\/\/webs.uab.cat\/gaemi\/en\/wp-json\/wp\/v2\/users\/20"}],"replies":[{"embeddable":true,"href":"https:\/\/webs.uab.cat\/gaemi\/en\/wp-json\/wp\/v2\/comments?post=142"}],"version-history":[{"count":0,"href":"https:\/\/webs.uab.cat\/gaemi\/en\/wp-json\/wp\/v2\/pages\/142\/revisions"}],"wp:attachment":[{"href":"https:\/\/webs.uab.cat\/gaemi\/en\/wp-json\/wp\/v2\/media?parent=142"}],"curies":[{"name":"wp","href":"https:\/\/api.w.org\/{rel}","templated":true}]}}