{"id":150,"date":"2009-05-25T13:22:03","date_gmt":"2009-05-25T11:22:03","guid":{"rendered":"https:\/\/webs.uab.cat\/gaemi\/rd-projects\/"},"modified":"2010-01-21T13:48:39","modified_gmt":"2010-01-21T11:48:39","slug":"rd-projects","status":"publish","type":"page","link":"https:\/\/webs.uab.cat\/gaemi\/en\/rd-projects\/","title":{"rendered":"R+D Projects"},"content":{"rendered":"<h3><strong>Projects<\/strong><\/h3>\n<h5 class=\"rtejustify\"><u><strong>Applied Microwave and Millimeter Engineering Group (GEMMA) (2014SGR_157)<\/strong><\/u><\/h5>\n<ul>\n<li class=\"rtejustify\"><strong>Execution entity: <\/strong>Universitat Aut\u00f2noma de Barcelona<\/li>\n<li class=\"rtejustify\"><strong>Responsible researchers: <\/strong>Joan Ferran Mart\u00edn Antol\u00edn<\/li>\n<li class=\"rtejustify\"><strong>Number of researchers: <\/strong>18<\/li>\n<li class=\"rtejustify\"><strong>Financing entities: <\/strong>Department of Universities, Research and the Information Society<\/li>\n<li class=\"rtejustify\"><strong>Start date: <\/strong>2014, 4 years<\/li>\n<li class=\"rtejustify\"><strong>Total amount: <\/strong>36000<\/li>\n<\/ul>\n<h5 class=\"rtejustify\"><u><strong>Technologies based on Serigrafied Dielectric Antennas and Resonators for innovation in RF Components and sub-systems (TARDIs-RF)<\/strong><\/u><\/h5>\n<ul>\n<li class=\"rtejustify\"><strong>Execution entity: <\/strong>Universitat Aut\u00f2noma de Barcelona<\/li>\n<li class=\"rtejustify\"><strong>Responsible researchers: <\/strong>Juan Jos\u00e9 Garc\u00eda Garc\u00eda<\/li>\n<li class=\"rtejustify\"><strong>Number of researchers: <\/strong>1<\/li>\n<li class=\"rtejustify\"><strong>Financing entities: <\/strong>Ministerio de Ciencia e Innovaci\u00f3n<\/li>\n<li class=\"rtejustify\"><strong>Start date: <\/strong>01\/01\/2011, 3 years<\/li>\n<li class=\"rtejustify\"><strong>Total amount: <\/strong>124.509<\/li>\n<\/ul>\n<h5 class=\"rtejustify\"><u><strong>Ingenionautas<\/strong><\/u><\/h5>\n<ul>\n<li class=\"rtejustify\"><strong>Execution entity: <\/strong>Universitat Aut\u00f2noma de Barcelona<\/li>\n<li class=\"rtejustify\"><strong>Responsible researchers: <\/strong>Joan Sorribes Gomis<\/li>\n<li class=\"rtejustify\"><strong>Number of researchers: <\/strong>17<\/li>\n<li class=\"rtejustify\"><strong>Financing entities: <\/strong>FUNDACI\u00d3N ESPA\u00d1OLA PARA LA CIENCIA Y LA TECNOLOGIA (FECYT)<\/li>\n<li class=\"rtejustify\"><strong>Start date: <\/strong>06\/04\/2010 , 1 year &#8211; 3 months &#8211; 25 days<\/li>\n<li class=\"rtejustify\"><strong>Total amount: <\/strong>20.000<\/li>\n<\/ul>\n<h5 class=\"rtejustify\"><strong><u>Development and optimization of electro-perforation processes of porous materials for industrial applications<\/u><\/strong><\/h5>\n<ul>\n<li class=\"rtejustify\"><strong>Execution entity: <\/strong>Universitat Aut\u00f2noma de Barcelona<\/li>\n<li class=\"rtejustify\"><strong>Responsible researchers: <\/strong>Juan Jos\u00e9 Garc\u00eda Garc\u00eda<\/li>\n<li class=\"rtejustify\"><strong>Number of researchers: <\/strong>5<\/li>\n<li class=\"rtejustify\"><strong>Financing entities: <\/strong>Ministerio de Ciencia e Innovaci\u00f3n<\/li>\n<li class=\"rtejustify\"><strong>Start date: <\/strong>01\/03\/2010, 2 years<\/li>\n<li class=\"rtejustify\"><strong>Total amount: <\/strong>124.388<strong>&nbsp;<\/strong><\/li>\n<\/ul>\n<h5 class=\"rtejustify\"><u><strong>Applied Microwave and Millimeter Engineering Group (GEMMA)<\/strong><\/u><\/h5>\n<ul>\n<li class=\"rtejustify\"><strong>Execution entity: <\/strong>Universitat Aut\u00f2noma de Barcelona.<\/li>\n<li class=\"rtejustify\"><strong>Responsible researchers: <\/strong>Joan Ferran Mart\u00edn Antol\u00edn.<\/li>\n<li class=\"rtejustify\"><strong>Number of researchers: <\/strong>18<\/li>\n<li class=\"rtejustify\"><strong>Financing entities: <\/strong>Department of Universities, Research and the Information Society<\/li>\n<li class=\"rtejustify\"><strong>Start date: <\/strong>03\/08\/2009, 4 years &#8211; 4 months &#8211; 29 days<\/li>\n<li class=\"rtejustify\"><strong>Total amount: <\/strong>41.600<\/li>\n<\/ul>\n<h5 class=\"rtejustify\"><u><strong>Scope engineering<\/strong><\/u><\/h5>\n<ul>\n<li class=\"rtejustify\"><strong>Execution entity: <\/strong>Universitat Aut\u00f2noma de Barcelona<\/li>\n<li class=\"rtejustify\"><strong>Responsible researchers: <\/strong>Joan Sorribes Gomis<\/li>\n<li class=\"rtejustify\"><strong>Number of researchers: <\/strong>11<\/li>\n<li class=\"rtejustify\"><strong>Financing entities: <\/strong>Vicerectorate for Social and Cultural Transfer of the UAB<\/li>\n<li class=\"rtejustify\"><strong>Start date: <\/strong>01\/01\/2009, 11 months &#8211; 18 days<\/li>\n<li class=\"rtejustify\"><strong>Total amount: <\/strong>1.800<\/li>\n<\/ul>\n<h5 class=\"rtejustify\"><u><strong>Technologies based on metamaterials and their application to innovation in RF, microwave and millimeter components and sub-systems: radio communication circuits (META-INNOVA 2)<\/strong><\/u><\/h5>\n<ul>\n<li class=\"rtejustify\"><strong>Execution entity: <\/strong>Universitat Aut\u00f2noma de Barcelona.<\/li>\n<li class=\"rtejustify\"><strong>Responsible researchers: <\/strong>Joan Ferran Mart\u00edn Antol\u00edn.<\/li>\n<li class=\"rtejustify\"><strong>Number of researchers: <\/strong>9<\/li>\n<li class=\"rtejustify\"><strong>Financing entities: <\/strong>Ministerio de Educaci\u00f3n y Ciencia&nbsp;<\/li>\n<li class=\"rtejustify\"><strong>Start date: <\/strong>01\/10\/2007, 3 years.<\/li>\n<li class=\"rtejustify\"><strong>Total amount: <\/strong>206.910<\/li>\n<\/ul>\n<hr \/>\n<h3><strong>Contracts<\/strong><\/h3>\n<h5 class=\"rtejustify\"><u><strong>Improvement of ventilation systems for electro-perforation within the CDTI project IDI-20140521.&nbsp;<\/strong><\/u><\/h5>\n<ul>\n<li class=\"rtejustify\"><strong>Position:&nbsp;<\/strong>Principal investigator<\/li>\n<li class=\"rtejustify\"><strong>Researcher in charge:&nbsp;<\/strong>Juan Jos\u00e9 Garc\u00eda Garc\u00eda.&nbsp;<\/li>\n<li class=\"rtejustify\"><strong>Number of researchers:&nbsp;<\/strong>3.&nbsp;<\/li>\n<li class=\"rtejustify\"><strong>Financing entities:&nbsp;<\/strong>Miquel y Costas &amp; Miquel, S.A.<\/li>\n<li class=\"rtejustify\"><strong>Start date:&nbsp;<\/strong>01\/01\/2013, 2 years.&nbsp;<\/li>\n<li class=\"rtejustify\"><strong>Total amount:&nbsp;<\/strong>60.000<\/li>\n<\/ul>\n<h5 class=\"rtejustify\"><strong><u>Circular electrodes for electrostatic perforation<\/u><\/strong><\/h5>\n<ul>\n<li class=\"rtejustify\"><strong>Position:&nbsp;<\/strong>Principal investigator. &nbsp;<\/li>\n<li class=\"rtejustify\"><strong>Number of researchers:&nbsp;<\/strong>2.&nbsp;<\/li>\n<li class=\"rtejustify\"><strong>Financing entities:&nbsp;<\/strong>Miquel y Costas &amp; Miquel, S.A.&nbsp;<\/li>\n<li class=\"rtejustify\"><strong>Start date:&nbsp;<\/strong>01\/01\/2013, 1 year.<\/li>\n<li class=\"rtejustify\"><strong>Total amount:&nbsp;<\/strong>10.000<\/li>\n<\/ul>\n<h5 class=\"rtejustify\"><strong><u>Improvement of the performance of an electrostatic paper drilling system II (link to a TRACE project)<\/u><\/strong><\/h5>\n<ul>\n<li class=\"rtejustify\"><strong>Position:&nbsp;<\/strong>Principal investigator<\/li>\n<li class=\"rtejustify\"><strong>Number of researchers:&nbsp;<\/strong>2<\/li>\n<li class=\"rtejustify\"><strong>Financing entities:&nbsp;<\/strong>Miquel y Costas &amp; Miquel, S.A.&nbsp;<\/li>\n<li class=\"rtejustify\"><strong>Start date:&nbsp;<\/strong>01\/10\/2010, 2 years<\/li>\n<li class=\"rtejustify\"><strong>Total amount:&nbsp;<\/strong>10.000<\/li>\n<\/ul>\n<h5 class=\"rtejustify\"><strong><u>Improvement of the performance of an electrostatic paper perforation system<\/u><\/strong><\/h5>\n<ul>\n<li class=\"rtejustify\"><strong>Position:&nbsp;<\/strong>Principal investigator<\/li>\n<li class=\"rtejustify\"><strong>Number of researchers:&nbsp;<\/strong>2<\/li>\n<li class=\"rtejustify\"><strong>Financing entities:&nbsp;<\/strong>Miquel y Costas &amp; Miquel, S.A.&nbsp;<\/li>\n<li class=\"rtejustify\"><strong>Start date:&nbsp;<\/strong>01\/01\/2009, 6 months &#8211; 1 day.&nbsp;<\/li>\n<li class=\"rtejustify\"><strong>Total amount:&nbsp;<\/strong>10.000<\/li>\n<\/ul>\n<h5 class=\"rtejustify\"><strong><u>Establishment of the necessary conditions to achieve the improvement of performance of an electrostatic paper performaci\u00f3 system<\/u><\/strong><\/h5>\n<ul>\n<li class=\"rtejustify\"><strong>Position:&nbsp;<\/strong>Principal investigator<\/li>\n<li class=\"rtejustify\"><strong>Researcher in charge:&nbsp;<\/strong>Juan Jos\u00e9 Garc\u00eda Garc\u00eda&nbsp;<\/li>\n<li class=\"rtejustify\"><strong>Number of researchers:&nbsp;<\/strong>1<\/li>\n<li class=\"rtejustify\">&nbsp;<strong>Financing entities:&nbsp;<\/strong>Miquel y Costas &amp; Miquel, S.A.&nbsp;<\/li>\n<li class=\"rtejustify\"><strong>Start date:&nbsp;<\/strong>01\/09\/2007, 5 months &#8211; 1 day.&nbsp;<\/li>\n<li class=\"rtejustify\"><strong>Total amount:&nbsp;<\/strong>10.000<\/li>\n<\/ul>\n<h5 class=\"rtejustify\"><u><strong>Design and implementation of instrumentation systems for the Alba-Cells particle accelerator &#8221;Multiwire Proportional Chamber&#8221; <\/strong><\/u><\/h5>\n<ul>\n<li class=\"rtejustify\"><strong>Position:&nbsp;<\/strong>Principal investigator&nbsp;<\/li>\n<li class=\"rtejustify\"><strong>Researcher in charge:&nbsp;<\/strong>Juan Jos\u00e9 Garc\u00eda Garc\u00eda&nbsp;<\/li>\n<li class=\"rtejustify\"><strong>Number of researchers:&nbsp;<\/strong>1&nbsp;<\/li>\n<li class=\"rtejustify\"><strong>Financing entities:&nbsp;<\/strong>Synchrotron Light Laboratory&nbsp;<\/li>\n<li class=\"rtejustify\"><strong>Start date:&nbsp;<\/strong>01\/07\/2007, 3 months &#8211; 30 days<\/li>\n<li class=\"rtejustify\"><strong>Total amount:&nbsp;<\/strong>6.000<\/li>\n<\/ul>\n<h5 class=\"rtejustify\"><u><strong>Asesoramiento en el dise\u00f1o del detector &#8221;Multiwire Proportional Chamber&#8221;<\/strong><\/u><\/h5>\n<ul>\n<li class=\"rtejustify\"><strong>Position:&nbsp;<\/strong>Principal investigator&nbsp;<\/li>\n<li class=\"rtejustify\"><strong>Researcher in charge:&nbsp;<\/strong>Juan Jos\u00e9 Garc\u00eda Garc\u00eda&nbsp;<\/li>\n<li class=\"rtejustify\"><strong>Number of researchers:&nbsp;<\/strong>1&nbsp;<\/li>\n<li class=\"rtejustify\"><strong>Financing entities:&nbsp;<\/strong>Synchrotron Light Laboratory<\/li>\n<li class=\"rtejustify\"><strong>Start date:&nbsp;<\/strong>12\/02\/2007, 1 month &#8211; 12 days.&nbsp;<\/li>\n<li class=\"rtejustify\"><strong>Total amount:&nbsp;<\/strong>4.500<\/li>\n<\/ul>\n","protected":false},"excerpt":{"rendered":"<p>Projects Applied Microwave and Millimeter Engineering Group (GEMMA) (2014SGR_157) Execution entity: Universitat Aut\u00f2noma de Barcelona Responsible researchers: Joan Ferran Mart\u00edn Antol\u00edn Number of researchers: 18 Financing entities: Department of Universities, Research and the Information Society Start date: 2014, 4 years Total amount: 36000 Technologies based on Serigrafied Dielectric Antennas and Resonators for innovation in RF [&hellip;]<\/p>\n","protected":false},"author":20,"featured_media":0,"parent":0,"menu_order":0,"comment_status":"closed","ping_status":"closed","template":"","meta":{"footnotes":""},"class_list":["post-150","page","type-page","status-publish","hentry"],"_links":{"self":[{"href":"https:\/\/webs.uab.cat\/gaemi\/en\/wp-json\/wp\/v2\/pages\/150","targetHints":{"allow":["GET"]}}],"collection":[{"href":"https:\/\/webs.uab.cat\/gaemi\/en\/wp-json\/wp\/v2\/pages"}],"about":[{"href":"https:\/\/webs.uab.cat\/gaemi\/en\/wp-json\/wp\/v2\/types\/page"}],"author":[{"embeddable":true,"href":"https:\/\/webs.uab.cat\/gaemi\/en\/wp-json\/wp\/v2\/users\/20"}],"replies":[{"embeddable":true,"href":"https:\/\/webs.uab.cat\/gaemi\/en\/wp-json\/wp\/v2\/comments?post=150"}],"version-history":[{"count":0,"href":"https:\/\/webs.uab.cat\/gaemi\/en\/wp-json\/wp\/v2\/pages\/150\/revisions"}],"wp:attachment":[{"href":"https:\/\/webs.uab.cat\/gaemi\/en\/wp-json\/wp\/v2\/media?parent=150"}],"curies":[{"name":"wp","href":"https:\/\/api.w.org\/{rel}","templated":true}]}}