{"id":139,"date":"2010-01-21T13:41:41","date_gmt":"2010-01-21T11:41:41","guid":{"rendered":"https:\/\/webs.uab.cat\/gaemi\/que-hacemos\/"},"modified":"2010-01-21T13:41:41","modified_gmt":"2010-01-21T11:41:41","slug":"que-hacemos","status":"publish","type":"page","link":"https:\/\/webs.uab.cat\/gaemi\/es\/que-hacemos\/","title":{"rendered":"Qu\u00e9 hacemos"},"content":{"rendered":"<p class=\"rtejustify\">El objetivo del grupo es desarrollar una investigaci\u00f3n de calidad de la que resulte una transferencia de tecnolog\u00eda real en el \u00e1mbito de las aplicaciones electro-magn\u00e9ticas industriales. En este sentido, las tareas y actividades del grupo est\u00e1n destinadas a acercar el knowhow y las herramientas de que disponemos en la universidad en el mundo industrial. La experiencia nos ha demostrado que la transferencia real de tecnolog\u00eda constituye una actividad muy provechosa tanto desde el punto de vista de las empresas como desde el de la universidad. A la empresa le resulta muy \u00fatil poder sacar provecho de las herramientas y los conocimientos de que se dispone en la universidad, y desde el punto de vista de la universidad estas actividades pueden convertirse en una importante fuente de recursos que faciliten la productividad cient\u00edfica y t\u00e9cnica. Para desarrollar estas actividades resulta muy conveniente presentarse a las empresas como un grupo con unas caracter\u00edsticas claramente identificables. Otro objetivo mucho m\u00e1s acad\u00e9mico es generar y mantener una producci\u00f3n cient\u00edfica de calidad. En este sentido, cabe destacar los tres proyectos de tesis doctorales que actualmente se est\u00e1n llevando a cabo, como consecuencia directa de las actividades de investigaci\u00f3n que dan sentido a este grupo. En este sentido tambi\u00e9n es destacable la intenci\u00f3n de seguir publicando en las mismas revistas internacionales de reconocido prestigio y asistiendo a congresos m\u00e1s importantes en el \u00e1mbito de las telecomunicaciones y de las aplicaciones industriales.<\/p>\n","protected":false},"excerpt":{"rendered":"<p>El objetivo del grupo es desarrollar una investigaci\u00f3n de calidad de la que resulte una transferencia de tecnolog\u00eda real en el \u00e1mbito de las aplicaciones electro-magn\u00e9ticas industriales. En este sentido, las tareas y actividades del grupo est\u00e1n destinadas a acercar el knowhow y las herramientas de que disponemos en la universidad en el mundo industrial. [&hellip;]<\/p>\n","protected":false},"author":20,"featured_media":0,"parent":0,"menu_order":0,"comment_status":"closed","ping_status":"closed","template":"","meta":{"footnotes":""},"class_list":["post-139","page","type-page","status-publish","hentry"],"_links":{"self":[{"href":"https:\/\/webs.uab.cat\/gaemi\/es\/wp-json\/wp\/v2\/pages\/139","targetHints":{"allow":["GET"]}}],"collection":[{"href":"https:\/\/webs.uab.cat\/gaemi\/es\/wp-json\/wp\/v2\/pages"}],"about":[{"href":"https:\/\/webs.uab.cat\/gaemi\/es\/wp-json\/wp\/v2\/types\/page"}],"author":[{"embeddable":true,"href":"https:\/\/webs.uab.cat\/gaemi\/es\/wp-json\/wp\/v2\/users\/20"}],"replies":[{"embeddable":true,"href":"https:\/\/webs.uab.cat\/gaemi\/es\/wp-json\/wp\/v2\/comments?post=139"}],"version-history":[{"count":0,"href":"https:\/\/webs.uab.cat\/gaemi\/es\/wp-json\/wp\/v2\/pages\/139\/revisions"}],"wp:attachment":[{"href":"https:\/\/webs.uab.cat\/gaemi\/es\/wp-json\/wp\/v2\/media?parent=139"}],"curies":[{"name":"wp","href":"https:\/\/api.w.org\/{rel}","templated":true}]}}