{"id":143,"date":"2010-01-21T13:43:49","date_gmt":"2010-01-21T11:43:49","guid":{"rendered":"https:\/\/webs.uab.cat\/gaemi\/inici-2\/"},"modified":"2010-01-21T13:43:49","modified_gmt":"2010-01-21T11:43:49","slug":"inici-2","status":"publish","type":"page","link":"https:\/\/webs.uab.cat\/gaemi\/es\/","title":{"rendered":"Inicio"},"content":{"rendered":"<p style=\"text-align: justify;\"><span id=\"result_box\" lang=\"es\"><span title=\"L'objectiu del grup \u00e9s desenvolupar una investigaci\u00f3 de qualitat de la que resulti una transfer\u00e8ncia de tecnologia real en l'\u00e0mbit de les aplicacions electro-magn\u00e8tiques industrials.\">El objetivo del grupo es desarrollar una investigaci\u00f3n de calidad de la que resulte una transferencia de tecnolog\u00eda real en el \u00e1mbito de las aplicaciones electro-magn\u00e9ticas industriales. <\/span><span title=\"En aquest sentit, les tasques i activo tatas del grup est\u00e1n destinades a apropar el knowhow i les eines de qu\u00e8 disposem a la universitat al m\u00f3n industrial.\">En este sentido, las tareas y activo tatas del grupo est\u00e1n destinadas a acercar el knowhow y las herramientas de que disponemos en la universidad en el mundo industrial. <\/span><span title=\"L'experi\u00e8ncia ens ha demostrat que la transfer\u00e8ncia real de tecnologia constitueix una activitat molt profitosa tant des del punt de vista de les empreses com des del de la universitat.\">La experiencia nos ha demostrado que la transferencia real de tecnolog\u00eda constituye una actividad muy provechosa tanto desde el punto de vista de las empresas como desde el de la universidad. <\/span><span title=\"A l'empresa li resulta molt \u00fatil poder treure profit de les eines i els coneixements de qu\u00e8 es disposa a la universitat, i des del punt de vista de la universitat aquestes activitats es poden convertir en una important font de recursos que facilitin la productivitat cient\u00edfica\">En la empresa le resulta muy \u00fatil poder sacar provecho de las herramientas y los conocimientos de que se dispone en la universidad, y desde el punto de vista de la universidad estas actividades pueden convertirse en una importante fuente de recursos que faciliten la productividad cient\u00edfica <\/span><span title=\"i t\u00e8cnica.\">y t\u00e9cnica. <\/span><span title=\"Per desenvolupar aquestes activitats resulta molt convenient presentar-se a les empreses com a un grup amb unes caracter\u00edstiques clarament identificables.\">Para desarrollar estas actividades resulta muy conveniente presentarse a las empresas como un grupo con unas caracter\u00edsticas claramente identificables. <\/span><span title=\"Un altre objectiu molt m\u00e9s acad\u00e8mic \u00e9s generar i mantenir una producci\u00f3 cient\u00edfica de qualitat.\">Otro objetivo mucho m\u00e1s acad\u00e9mico es generar y mantener una producci\u00f3n cient\u00edfica de calidad. <\/span><span title=\"En aquest sentit, cal destacar els tres projectes de tesis doctorals que actualment s'estan duent a terme, com a conseq\u00fc\u00e8ncia directa de les activitats d'investigaci\u00f3 que donen sentit a aquest grup.\">En este sentido, cabe destacar los tres proyectos de tesis doctorales que actualmente se est\u00e1n llevando a cabo, como consecuencia directa de las actividades de investigaci\u00f3n que dan sentido a este grupo. <\/span><span title=\"En aquest sentit tamb\u00e9 \u00e9s destacable la intenci\u00f3 de seguir publicant en les mateixes revistes internacionals de reconegut prestigi i assistint als congressos m\u00e9s importants en l'\u00e0mbit de les telecomunicacions i de les aplicacions industrials.\">En este sentido tambi\u00e9n es destacable la intenci\u00f3n de seguir publicando en las mismas revistas internacionales de reconocido prestigio y asistiendo a los congresos m\u00e1s importantes en el \u00e1mbito de las telecomunicaciones y de las aplicaciones industriales.<\/span><\/span><\/p>\n","protected":false},"excerpt":{"rendered":"<p>El objetivo del grupo es desarrollar una investigaci\u00f3n de calidad de la que resulte una transferencia de tecnolog\u00eda real en el \u00e1mbito de las aplicaciones electro-magn\u00e9ticas industriales. En este sentido, las tareas y activo tatas del grupo est\u00e1n destinadas a acercar el knowhow y las herramientas de que disponemos en la universidad en el mundo [&hellip;]<\/p>\n","protected":false},"author":20,"featured_media":0,"parent":0,"menu_order":0,"comment_status":"closed","ping_status":"closed","template":"","meta":{"footnotes":""},"class_list":["post-143","page","type-page","status-publish","hentry"],"_links":{"self":[{"href":"https:\/\/webs.uab.cat\/gaemi\/es\/wp-json\/wp\/v2\/pages\/143","targetHints":{"allow":["GET"]}}],"collection":[{"href":"https:\/\/webs.uab.cat\/gaemi\/es\/wp-json\/wp\/v2\/pages"}],"about":[{"href":"https:\/\/webs.uab.cat\/gaemi\/es\/wp-json\/wp\/v2\/types\/page"}],"author":[{"embeddable":true,"href":"https:\/\/webs.uab.cat\/gaemi\/es\/wp-json\/wp\/v2\/users\/20"}],"replies":[{"embeddable":true,"href":"https:\/\/webs.uab.cat\/gaemi\/es\/wp-json\/wp\/v2\/comments?post=143"}],"version-history":[{"count":0,"href":"https:\/\/webs.uab.cat\/gaemi\/es\/wp-json\/wp\/v2\/pages\/143\/revisions"}],"wp:attachment":[{"href":"https:\/\/webs.uab.cat\/gaemi\/es\/wp-json\/wp\/v2\/media?parent=143"}],"curies":[{"name":"wp","href":"https:\/\/api.w.org\/{rel}","templated":true}]}}