{"id":145,"date":"2009-05-25T13:20:37","date_gmt":"2009-05-25T11:20:37","guid":{"rendered":"https:\/\/webs.uab.cat\/gaemi\/investigacion\/"},"modified":"2010-01-21T13:44:51","modified_gmt":"2010-01-21T11:44:51","slug":"investigacion","status":"publish","type":"page","link":"https:\/\/webs.uab.cat\/gaemi\/es\/investigacion\/","title":{"rendered":"Investigaci\u00f3n"},"content":{"rendered":"<p class=\"rtejustify\">GAEMI desarrolla su actividad en varios \u00e1mbitos que se caracterizan por su orientaci\u00f3n industrial.<\/p>\n<h3 class=\"rtejustify\"><strong>Dispositivos de Microondas<\/strong><\/h3>\n<p class=\"rtejustify\">Los dipositivos pasivos de microondas han sido el eje central de las actividades del grupo en el campo de las microondas. En este sentido se ha realizado un proyecto nacional TEC2010 y actualmente se participa en un proyecto coordinado con la Universidad Polit\u00e9cnica de Valencia, y el CSIC de Madrid en el proyecto TEC2015.<\/p>\n<h3 class=\"rtejustify\"><strong>Electroperforaci\u00f3n<\/strong><\/h3>\n<p class=\"rtejustify\">En el campo de la electroportaci\u00f3n GAEMI ha liderado un proyecto en colaboraci\u00f3n con la empresa Miquel y Costas &amp; Miquel destinado a la optimizaci\u00f3n del proceso de electroperforaci\u00f3 de papel. Esta actividad origin\u00f3 la firma de 6 convenios de colaboraci\u00f3n entre GAEMI y Miquel y Costas &amp; Miquel, participaci\u00f3n basada en dos proyectos del CDTI (IDI-20140521 i IDI-20150284).<\/p>\n<h3 class=\"rtejustify\"><strong>Electroportaci\u00f3n<\/strong><\/h3>\n<p class=\"rtejustify\">A ra\u00edz de las actividades desarrolladas con la emresa Miquel y Costas &amp; Miquel han abierto nuevos campos de aplicaciones industriales como el del electroportaci\u00f3. Se aplica para mover part\u00edculas de polvo de papel en procesos industriales. Se han desarrollado varios prototipos destinados a su utilizaci\u00f3n en sistemas industriales.&nbsp;<\/p>\n<h3 class=\"rtejustify\"><strong>Harvesting<\/strong><\/h3>\n<p class=\"rtejustify\">Dentro del marco de colaboraci\u00f3n con la Universidad Polit\u00e9cnica de Valencia y el instituto de materiales de CSIC de Madrid, Gaem encarga de desarrollar sistemas electr\u00f3nicos de gesti\u00f3n de energ\u00eda para la gesti\u00f3n de sistema de carga de m\u00f3viles inal\u00e1mbricos.<\/p>\n","protected":false},"excerpt":{"rendered":"<p>GAEMI desarrolla su actividad en varios \u00e1mbitos que se caracterizan por su orientaci\u00f3n industrial. Dispositivos de Microondas Los dipositivos pasivos de microondas han sido el eje central de las actividades del grupo en el campo de las microondas. En este sentido se ha realizado un proyecto nacional TEC2010 y actualmente se participa en un proyecto [&hellip;]<\/p>\n","protected":false},"author":20,"featured_media":0,"parent":0,"menu_order":0,"comment_status":"closed","ping_status":"closed","template":"","meta":{"footnotes":""},"class_list":["post-145","page","type-page","status-publish","hentry"],"_links":{"self":[{"href":"https:\/\/webs.uab.cat\/gaemi\/es\/wp-json\/wp\/v2\/pages\/145","targetHints":{"allow":["GET"]}}],"collection":[{"href":"https:\/\/webs.uab.cat\/gaemi\/es\/wp-json\/wp\/v2\/pages"}],"about":[{"href":"https:\/\/webs.uab.cat\/gaemi\/es\/wp-json\/wp\/v2\/types\/page"}],"author":[{"embeddable":true,"href":"https:\/\/webs.uab.cat\/gaemi\/es\/wp-json\/wp\/v2\/users\/20"}],"replies":[{"embeddable":true,"href":"https:\/\/webs.uab.cat\/gaemi\/es\/wp-json\/wp\/v2\/comments?post=145"}],"version-history":[{"count":0,"href":"https:\/\/webs.uab.cat\/gaemi\/es\/wp-json\/wp\/v2\/pages\/145\/revisions"}],"wp:attachment":[{"href":"https:\/\/webs.uab.cat\/gaemi\/es\/wp-json\/wp\/v2\/media?parent=145"}],"curies":[{"name":"wp","href":"https:\/\/api.w.org\/{rel}","templated":true}]}}