{"id":151,"date":"2009-05-25T13:22:03","date_gmt":"2009-05-25T11:22:03","guid":{"rendered":"https:\/\/webs.uab.cat\/gaemi\/proyectos-rd\/"},"modified":"2010-01-21T13:49:03","modified_gmt":"2010-01-21T11:49:03","slug":"proyectos-rd","status":"publish","type":"page","link":"https:\/\/webs.uab.cat\/gaemi\/es\/proyectos-rd\/","title":{"rendered":"Proyectos R+D"},"content":{"rendered":"<h3><strong>Proyectos<\/strong><\/h3>\n<h5 class=\"rtejustify\"><u><strong>Grupo de Ingenier\u00eda de Microondas y Milim\u00e9tricas Aplicado (GEMMA) (2014SGR_157)<\/strong><\/u><\/h5>\n<ul>\n<li class=\"rtejustify\"><strong>Entidad de realizaci\u00f3n: <\/strong>Universitat Aut\u00f2noma de Barcelona<\/li>\n<li class=\"rtejustify\"><strong>Invesigador\/es responsables: <\/strong>Joan Ferran Mart\u00edn Antol\u00edn<\/li>\n<li class=\"rtejustify\"><strong>N\u00famero de investigador\/es: <\/strong>18<\/li>\n<li class=\"rtejustify\"><strong>Entidad\/es financiadora\/s: <\/strong>Departamento de Universidades, Investigaci\u00f3n y Sociedad de la Informaci\u00f3n<\/li>\n<li class=\"rtejustify\"><strong>Fecha de inicio: <\/strong>2014, duraci\u00f3n 4 a\u00f1os.<\/li>\n<li class=\"rtejustify\"><strong>Cuant\u00eda total: <\/strong>36000<\/li>\n<\/ul>\n<h5 class=\"rtejustify\"><u><strong>Tecnolog\u00edas basadas en Antenas y Resonadores Diel\u00e9ctricos Serigrafiadospara la innovaci\u00f3n en Componentes y sub-sistemas de RF (TARDIs-RF)<\/strong><\/u><\/h5>\n<ul>\n<li class=\"rtejustify\"><strong>Entidad de realizaci\u00f3n: <\/strong>Universitat Aut\u00f2noma de Barcelona<\/li>\n<li class=\"rtejustify\"><strong>Invesigador\/es responsables: <\/strong>Juan Jos\u00e9 Garc\u00eda Garc\u00eda<\/li>\n<li class=\"rtejustify\"><strong>N\u00famero de investigador\/es: <\/strong>1<\/li>\n<li class=\"rtejustify\"><strong>Entidad\/es financiadora\/s: <\/strong>Ministerio de Ciencia e Innovaci\u00f3n<\/li>\n<li class=\"rtejustify\"><strong>Fecha de inicio: <\/strong>01\/01\/2011, 3 a\u00f1os<\/li>\n<li class=\"rtejustify\"><strong>Cuant\u00eda total: <\/strong>124.509<\/li>\n<\/ul>\n<h5 class=\"rtejustify\"><u><strong>Ingenionautas<\/strong><\/u><\/h5>\n<ul>\n<li class=\"rtejustify\"><strong>Entidad de realizaci\u00f3n: <\/strong>Universitat Aut\u00f2noma de Barcelona<\/li>\n<li class=\"rtejustify\"><strong>Invesigador\/es responsables: <\/strong>Joan Sorribes Gomis<\/li>\n<li class=\"rtejustify\"><strong>N\u00famero de investigador\/es: <\/strong>17<\/li>\n<li class=\"rtejustify\"><strong>Entidad\/es financiadora\/s: <\/strong>FUNDACI\u00d3N ESPA\u00d1OLA PARA LA CIENCIA Y LA TECNOLOGIA (FECYT)<\/li>\n<li class=\"rtejustify\"><strong>Fecha de inicio: <\/strong>06\/04\/2010 , 1 a\u00f1o &#8211; 3 meses &#8211; 25 d\u00edas<\/li>\n<li class=\"rtejustify\"><strong>Cuant\u00eda total: <\/strong>20.000<\/li>\n<\/ul>\n<h5 class=\"rtejustify\"><strong><u>Desarrollo y optimizaci\u00f3n de procesos de electroperforaci\u00f3n de materialesporosos para aplicaciones industriales<\/u><\/strong><\/h5>\n<ul>\n<li class=\"rtejustify\"><strong>Entidad de realizaci\u00f3n: <\/strong>Universitat Aut\u00f2noma de Barcelona<\/li>\n<li class=\"rtejustify\"><strong>Invesigador\/es responsables: <\/strong>Juan Jos\u00e9 Garc\u00eda Garc\u00eda<\/li>\n<li class=\"rtejustify\"><strong>N\u00famero de investigador\/es: <\/strong>5<\/li>\n<li class=\"rtejustify\"><strong>Entidad\/es financiadora\/s: <\/strong>Ministerio de Ciencia e Innovaci\u00f3n<\/li>\n<li class=\"rtejustify\"><strong>Fecha de inicio: <\/strong>01\/03\/2010, 2 a\u00f1os<\/li>\n<li class=\"rtejustify\"><strong>Cuant\u00eda total: <\/strong>124.388<strong>&nbsp;<\/strong><\/li>\n<\/ul>\n<h5 class=\"rtejustify\"><u><strong>Grupo de Ingenier\u00eda de Microondas y Milim\u00e9tricas Aplicado (GEMMA)<\/strong><\/u><\/h5>\n<ul>\n<li class=\"rtejustify\"><strong>Entidad de realizaci\u00f3n: <\/strong>Universitat Aut\u00f2noma de Barcelona.<\/li>\n<li class=\"rtejustify\"><strong>Invesigador\/es responsables: <\/strong>Joan Ferran Mart\u00edn Antol\u00edn.<\/li>\n<li class=\"rtejustify\"><strong>N\u00famero de investigador\/es: <\/strong>18<\/li>\n<li class=\"rtejustify\"><strong>Entidad\/es financiadora\/s: <\/strong>Departamento de Universidades, Investigaci\u00f3n y Sociedad de la Informaci\u00f3n<\/li>\n<li class=\"rtejustify\"><strong>Fecha de inicio: <\/strong>03\/08\/2009, 4 a\u00f1os &#8211; 4 meses &#8211; 29 d\u00edas<\/li>\n<li class=\"rtejustify\"><strong>Cuant\u00eda total: <\/strong>41.600<\/li>\n<\/ul>\n<h5><u><strong>Ingenier\u00eda al alcance<\/strong><\/u><\/h5>\n<ul>\n<li class=\"rtejustify\"><strong>Entidad de realizaci\u00f3n: <\/strong>Universitat Aut\u00f2noma de Barcelona<\/li>\n<li class=\"rtejustify\"><strong>Invesigador\/es responsables: <\/strong>Joan Sorribes Gomis<\/li>\n<li class=\"rtejustify\"><strong>N\u00famero de investigador\/es: <\/strong>11<\/li>\n<li class=\"rtejustify\"><strong>Entidad\/es financiadora\/s: <\/strong> Vicerrectorado de Transferencia Social y Cultural de la UAB<\/li>\n<li class=\"rtejustify\"><strong>Fecha de inicio: <\/strong>01\/01\/2009, 11 meses &#8211; 18 d\u00edas<\/li>\n<li class=\"rtejustify\"><strong>Cuant\u00eda total: <\/strong>1.800<\/li>\n<\/ul>\n<h5 class=\"rtejustify\"><strong><u>Tecnolog\u00edas basadas en meta-materiales y su aplicaci\u00f3n a lainnovaci\u00f3n en componentes y sub-sistemas de RF, microondas y milim\u00e9tricas: circuitos de radiocomunicaci\u00f3n (META-INNOVA 2). <\/u><\/strong><\/h5>\n<ul>\n<li class=\"rtejustify\"><strong>Entidad de realizaci\u00f3n: <\/strong>Universitat Aut\u00f2noma de Barcelona.<\/li>\n<li class=\"rtejustify\"><strong>Invesigador\/es responsables: <\/strong>Joan Ferran Mart\u00edn Antol\u00edn.<\/li>\n<li class=\"rtejustify\"><strong>N\u00famero de investigador\/es: <\/strong>9<\/li>\n<li class=\"rtejustify\"><strong>Entidad\/es financiadora\/s: <\/strong>Ministerio de Educaci\u00f3n y Ciencia&nbsp;<\/li>\n<li class=\"rtejustify\"><strong>Fecha de inicio: <\/strong>01\/10\/2007, 3 a\u00f1os.<\/li>\n<li class=\"rtejustify\"><strong>Cuant\u00eda total: <\/strong>206.910<\/li>\n<\/ul>\n<hr \/>\n<h3><strong>Contratos<\/strong><\/h3>\n<h5 class=\"rtejustify\"><strong><u>Mejora de sistemas de ventilaci\u00f3n para electro-perforado dentro del proyecto del CDTI IDI-20140521.&nbsp;<\/u><\/strong><\/h5>\n<ul>\n<li class=\"rtejustify\"><strong>Calidad en que ha participado:&nbsp;<\/strong>Investigador Principal<\/li>\n<li class=\"rtejustify\"><strong>Investigador\/a responsable:&nbsp;<\/strong>Juan Jos\u00e9 Garc\u00eda Garc\u00eda.&nbsp;<\/li>\n<li class=\"rtejustify\"><strong>N.\u00ba investigadores\/as:&nbsp;<\/strong>3.&nbsp;<\/li>\n<li class=\"rtejustify\"><strong>Entidad\/es financiadora\/s:&nbsp;<\/strong>Miquel y Costas &amp; Miquel, S.A.<\/li>\n<li class=\"rtejustify\"><strong>Fecha inicio:&nbsp;<\/strong>01\/01\/2013, 2 a\u00f1os.&nbsp;<\/li>\n<li class=\"rtejustify\"><strong>Cuant\u00eda total:&nbsp;<\/strong>60.000<\/li>\n<\/ul>\n<h5 class=\"rtejustify\"><u><strong>Electrodos circulares para perforaci\u00f3n electrost\u00e1tica<\/strong><\/u><\/h5>\n<ul>\n<li class=\"rtejustify\"><strong>Calidad en que ha participado:&nbsp;<\/strong>Investigador Principal. &nbsp;<\/li>\n<li class=\"rtejustify\"><strong>N.\u00ba investigadores\/as:&nbsp;<\/strong>2.&nbsp;<\/li>\n<li class=\"rtejustify\"><strong>Entidad\/es financiadora\/s:&nbsp;<\/strong>Miquel y Costas &amp; Miquel, S.A.&nbsp;<\/li>\n<li class=\"rtejustify\"><strong>Fecha inicio:&nbsp;<\/strong>01\/01\/2013, 1 a\u00f1o.<\/li>\n<li class=\"rtejustify\"><strong>Cuant\u00eda total:&nbsp;<\/strong>10.000<\/li>\n<\/ul>\n<h5 class=\"rtejustify\"><u><strong>Mejora de las prestaciones de un sistema de perforaci\u00f3n electrost\u00e1tica de papel II (vinculado a un proyecto TRACE)<\/strong><\/u><\/h5>\n<ul>\n<li class=\"rtejustify\"><strong>Calidad en que ha participado:&nbsp;<\/strong>Investigador Principal<\/li>\n<li class=\"rtejustify\"><strong>N.\u00ba investigadores\/as:&nbsp;<\/strong>2<\/li>\n<li class=\"rtejustify\"><strong>Entidad\/es financiadora\/s:&nbsp;<\/strong>Miquel y Costas &amp; Miquel, S.A.&nbsp;<\/li>\n<li class=\"rtejustify\"><strong>Fecha inicio:&nbsp;<\/strong>01\/10\/2010, 2 a\u00f1os<\/li>\n<li class=\"rtejustify\"><strong>Cuant\u00eda total:&nbsp;<\/strong>10.000<\/li>\n<\/ul>\n<h5 class=\"rtejustify\"><u><strong>Mejora de las prestaciones de un sistema de perforaci\u00f3n electrost\u00e1tica de papel&nbsp;<\/strong><\/u><\/h5>\n<ul>\n<li class=\"rtejustify\"><strong>Calidad en que ha participado:&nbsp;<\/strong>Investigador Principal<\/li>\n<li class=\"rtejustify\"><strong>N.\u00ba investigadores\/as:&nbsp;<\/strong>2<\/li>\n<li class=\"rtejustify\"><strong>Entidad\/es financiadora\/s:&nbsp;<\/strong>Miquel y Costas &amp; Miquel, S.A.&nbsp;<\/li>\n<li class=\"rtejustify\"><strong>Fecha inicio:&nbsp;<\/strong>01\/01\/2009, 6 meses &#8211; 1 d\u00eda.&nbsp;<\/li>\n<li class=\"rtejustify\"><strong>Cuant\u00eda total:&nbsp;<\/strong>10.000<\/li>\n<\/ul>\n<h5 class=\"rtejustify\"><strong><u>Establecimiento de las condiciones necesarias para conseguir la mejora de prestaciones de un sistema de performaci\u00f3 electrost\u00e1tica de papel<\/u><\/strong><\/h5>\n<ul>\n<li class=\"rtejustify\"><strong>Calidad en que ha participado:&nbsp;<\/strong>Investigador Principal<\/li>\n<li class=\"rtejustify\"><strong>Investigador\/a responsable:&nbsp;<\/strong>Juan Jos\u00e9 Garc\u00eda Garc\u00eda&nbsp;<\/li>\n<li class=\"rtejustify\"><strong>N.\u00ba investigadores\/as:&nbsp;<\/strong>1<\/li>\n<li class=\"rtejustify\">&nbsp;<strong>Entidad\/es financiadora\/s:&nbsp;<\/strong>Miquel y Costas &amp; Miquel, S.A.&nbsp;<\/li>\n<li class=\"rtejustify\"><strong>Fecha inicio:&nbsp;<\/strong>01\/09\/2007, 5 meses &#8211; 1 d\u00eda.&nbsp;<\/li>\n<li class=\"rtejustify\"><strong>Cuant\u00eda total:&nbsp;<\/strong>10.000<\/li>\n<\/ul>\n<h5 class=\"rtejustify\"><u><strong>Dise\u00f1o e implementaci\u00f3n de sistemas de instrumentaci\u00f3n para el acelerador de part\u00edculas Alba-Cells \u00bbMultiwire Proportional Chamber\u00bb <\/strong><\/u><\/h5>\n<ul>\n<li class=\"rtejustify\"><strong>Calidad en que ha participado:&nbsp;<\/strong>Investigador Principal&nbsp;<\/li>\n<li class=\"rtejustify\"><strong>Investigador\/a responsable:&nbsp;<\/strong>Juan Jos\u00e9 Garc\u00eda Garc\u00eda&nbsp;<\/li>\n<li class=\"rtejustify\"><strong>N.\u00ba investigadores\/as:&nbsp;<\/strong>1&nbsp;<\/li>\n<li class=\"rtejustify\"><strong>Entidad\/es financiadora\/s:&nbsp;<\/strong>Laboratorio de Luz del Sincrotr\u00f3n&nbsp;<\/li>\n<li class=\"rtejustify\"><strong>Fecha inicio:&nbsp;<\/strong>01\/07\/2007, 3 meses &#8211; 30 d\u00edas<\/li>\n<li class=\"rtejustify\"><strong>Cuant\u00eda total:&nbsp;<\/strong>6.000<\/li>\n<\/ul>\n<h5 class=\"rtejustify\"><u><strong>Asesoramiento en el dise\u00f1o del detector \u00bbMultiwire Proportional Chamber\u00bb<\/strong><\/u><\/h5>\n<ul>\n<li class=\"rtejustify\"><strong>Calidad en que ha participado:&nbsp;<\/strong>Investigador Principal&nbsp;<\/li>\n<li class=\"rtejustify\"><strong>Investigador\/a responsable:&nbsp;<\/strong>Juan Jos\u00e9 Garc\u00eda Garc\u00eda&nbsp;<\/li>\n<li class=\"rtejustify\"><strong>N.\u00ba investigadores\/as:&nbsp;<\/strong>1&nbsp;<\/li>\n<li class=\"rtejustify\"><strong>Entidad\/es financiadora\/s:&nbsp;<\/strong>Laboratorio de Luz del Sincrotr\u00f3n<\/li>\n<li class=\"rtejustify\"><strong>Fecha inicio:&nbsp;<\/strong>12\/02\/2007, 1 mes &#8211; 12 d\u00edas.&nbsp;<\/li>\n<li class=\"rtejustify\"><strong>Cuant\u00eda total:&nbsp;<\/strong>4.500<\/li>\n<\/ul>\n","protected":false},"excerpt":{"rendered":"<p>Proyectos Grupo de Ingenier\u00eda de Microondas y Milim\u00e9tricas Aplicado (GEMMA) (2014SGR_157) Entidad de realizaci\u00f3n: Universitat Aut\u00f2noma de Barcelona Invesigador\/es responsables: Joan Ferran Mart\u00edn Antol\u00edn N\u00famero de investigador\/es: 18 Entidad\/es financiadora\/s: Departamento de Universidades, Investigaci\u00f3n y Sociedad de la Informaci\u00f3n Fecha de inicio: 2014, duraci\u00f3n 4 a\u00f1os. Cuant\u00eda total: 36000 Tecnolog\u00edas basadas en Antenas y Resonadores [&hellip;]<\/p>\n","protected":false},"author":20,"featured_media":0,"parent":0,"menu_order":0,"comment_status":"closed","ping_status":"closed","template":"","meta":{"footnotes":""},"class_list":["post-151","page","type-page","status-publish","hentry"],"_links":{"self":[{"href":"https:\/\/webs.uab.cat\/gaemi\/es\/wp-json\/wp\/v2\/pages\/151","targetHints":{"allow":["GET"]}}],"collection":[{"href":"https:\/\/webs.uab.cat\/gaemi\/es\/wp-json\/wp\/v2\/pages"}],"about":[{"href":"https:\/\/webs.uab.cat\/gaemi\/es\/wp-json\/wp\/v2\/types\/page"}],"author":[{"embeddable":true,"href":"https:\/\/webs.uab.cat\/gaemi\/es\/wp-json\/wp\/v2\/users\/20"}],"replies":[{"embeddable":true,"href":"https:\/\/webs.uab.cat\/gaemi\/es\/wp-json\/wp\/v2\/comments?post=151"}],"version-history":[{"count":0,"href":"https:\/\/webs.uab.cat\/gaemi\/es\/wp-json\/wp\/v2\/pages\/151\/revisions"}],"wp:attachment":[{"href":"https:\/\/webs.uab.cat\/gaemi\/es\/wp-json\/wp\/v2\/media?parent=151"}],"curies":[{"name":"wp","href":"https:\/\/api.w.org\/{rel}","templated":true}]}}