{"id":161,"date":"2015-12-27T10:36:28","date_gmt":"2015-12-27T08:36:28","guid":{"rendered":"https:\/\/webs.uab.cat\/gaemi\/colaboracionese\/"},"modified":"2015-12-27T10:36:28","modified_gmt":"2015-12-27T08:36:28","slug":"colaboracionese","status":"publish","type":"page","link":"https:\/\/webs.uab.cat\/gaemi\/es\/colaboracionese\/","title":{"rendered":"Colaboraciones"},"content":{"rendered":"<h3><strong>Grupo de Sensores y Biosensores de la UAB (<a href=\"https:\/\/sensorsbiosensors.wordpress.com\">GSB-UAB<\/a>)<\/strong><\/h3>\n<p class=\"rtejustify\">GAEMI colabora en el desarrollo de sistemas de instrumentaci\u00f3n para sensores qu\u00edmicos con el grupo GBS de la Universidad Aut\u00f3noma de Barcelona. Dentro de esta colaboraci\u00f3n se han realizado numerosos proyectos de fin de carrera relacionados con las telecomunicaciones y la electr\u00f3nica.<\/p>\n<p>&nbsp;<\/p>\n<h3><strong>Grupo Miquel y Costas &amp; Miquel (<a href=\"http:\/\/www.miquelycostas.com\/index.htm\">MCM<\/a>)<\/strong><\/h3>\n<p class=\"rtejustify\">MCM es una de las empresas l\u00edder en la ind\u00fastria papelera a nivel internacional. GAEMI ha colaborado intensamente con MCM en los \u00e1mbitos de la electroperforaci\u00f3n, la electroportaci\u00f3n y los sistemas de ventilaci\u00f3n y refrigeraci\u00f3n de electrodos. Esta actividad ha dado lugar a un proyecto TRACE, tres proyectos CDTI y cinco convenios de colaboraci\u00f3n.&nbsp;<\/p>\n<p>&nbsp;<\/p>\n<h3><strong>Universidad Polit\u00e9cnica de Val\u00e9ncia (<a href=\"https:\/\/www.upv.es\">UPV<\/a>)<\/strong><\/h3>\n<p class=\"rtejustify\">GAEMI participa en un proyecto nacional TEC2015 dentro del grupo liderado por el catedr\u00e1tico Jos\u00e9 Sanchez-Dehesa destinado a desarrollar sistemas de carga inal\u00e1mbricos. Dentro de esta colaborari\u00f3n, GAEMI se encarga de generar sistemas electr\u00f3nicos para la gesti\u00f3n de energ\u00eda de alta eficiencia (harvesting) y la caracterizac\u00f3n de resonadores diel\u00e9ctricos de altas prestaciones.<\/p>\n<p>&nbsp;<\/p>\n<p>&nbsp;<\/p>\n<p>&nbsp;<\/p>\n<p>&nbsp;<\/p>\n","protected":false},"excerpt":{"rendered":"<p>Grupo de Sensores y Biosensores de la UAB (GSB-UAB) GAEMI colabora en el desarrollo de sistemas de instrumentaci\u00f3n para sensores qu\u00edmicos con el grupo GBS de la Universidad Aut\u00f3noma de Barcelona. Dentro de esta colaboraci\u00f3n se han realizado numerosos proyectos de fin de carrera relacionados con las telecomunicaciones y la electr\u00f3nica. &nbsp; Grupo Miquel y [&hellip;]<\/p>\n","protected":false},"author":20,"featured_media":0,"parent":0,"menu_order":0,"comment_status":"closed","ping_status":"closed","template":"","meta":{"footnotes":""},"class_list":["post-161","page","type-page","status-publish","hentry"],"_links":{"self":[{"href":"https:\/\/webs.uab.cat\/gaemi\/es\/wp-json\/wp\/v2\/pages\/161","targetHints":{"allow":["GET"]}}],"collection":[{"href":"https:\/\/webs.uab.cat\/gaemi\/es\/wp-json\/wp\/v2\/pages"}],"about":[{"href":"https:\/\/webs.uab.cat\/gaemi\/es\/wp-json\/wp\/v2\/types\/page"}],"author":[{"embeddable":true,"href":"https:\/\/webs.uab.cat\/gaemi\/es\/wp-json\/wp\/v2\/users\/20"}],"replies":[{"embeddable":true,"href":"https:\/\/webs.uab.cat\/gaemi\/es\/wp-json\/wp\/v2\/comments?post=161"}],"version-history":[{"count":0,"href":"https:\/\/webs.uab.cat\/gaemi\/es\/wp-json\/wp\/v2\/pages\/161\/revisions"}],"wp:attachment":[{"href":"https:\/\/webs.uab.cat\/gaemi\/es\/wp-json\/wp\/v2\/media?parent=161"}],"curies":[{"name":"wp","href":"https:\/\/api.w.org\/{rel}","templated":true}]}}