{"id":112,"date":"2009-05-25T13:07:54","date_gmt":"2009-05-25T11:07:54","guid":{"rendered":"https:\/\/webs.uab.cat\/gaemi\/inici\/"},"modified":"2009-05-25T13:07:54","modified_gmt":"2009-05-25T11:07:54","slug":"inici","status":"publish","type":"page","link":"https:\/\/webs.uab.cat\/gaemi\/","title":{"rendered":"Inici"},"content":{"rendered":"<p style=\"text-align: justify;\">L&#8217;objectiu del grup \u00e9s desenvolupar una investigaci\u00f3 de qualitat de la que resulti una transfer\u00e8ncia de tecnologia real en l&#8217;\u00e0mbit de les aplicacions electro-magn\u00e8tiques industrials. En aquest sentit, les tasques i activitats del grup est\u00e1n destinades a apropar el knowhow i les eines de qu\u00e8 disposem a la universitat al m\u00f3n industrial. L&#8217;experi\u00e8ncia ens ha demostrat que la transfer\u00e8ncia real de tecnologia constitueix una activitat molt profitosa tant des del punt de vista de les empreses com des del de la universitat. A l&#8217;empresa li resulta molt \u00fatil poder treure profit de les eines i els coneixements de qu\u00e8 es disposa a la universitat, i des del punt de vista de la universitat aquestes activitats es poden convertir en una important font de recursos que facilitin la productivitat cient\u00edfica i t\u00e8cnica. Per desenvolupar aquestes activitats resulta molt convenient presentar-se a les empreses com a un grup amb unes caracter\u00edstiques clarament identificables. Un altre objectiu molt m\u00e9s acad\u00e8mic \u00e9s generar i mantenir una producci\u00f3 cient\u00edfica de qualitat. En aquest sentit, cal destacar els tres projectes de tesis doctorals que actualment s&#8217;estan duent a terme, com a conseq\u00fc\u00e8ncia directa de les activitats d&#8217;investigaci\u00f3 que donen sentit a aquest grup. En aquest sentit tamb\u00e9 \u00e9s destacable la intenci\u00f3 de seguir publicant en les mateixes revistes internacionals de reconegut prestigi i assistint als congressos m\u00e9s importants en l&#8217;\u00e0mbit de les telecomunicacions i de les aplicacions industrials.<\/p>\n<p>&nbsp;<\/p>\n<p><script type=\"text\/javascript\" src=\"\/\/ra.revolvermaps.com\/0\/0\/8.js?i=0b8ut2e8sf7&amp;m=0&amp;s=220&amp;c=ff0000&amp;cr1=ffffff&amp;f=arial&amp;l=33\" async=\"async\"><\/script><\/p>\n","protected":false},"excerpt":{"rendered":"<p>L&#8217;objectiu del grup \u00e9s desenvolupar una investigaci\u00f3 de qualitat de la que resulti una transfer\u00e8ncia de tecnologia real en l&#8217;\u00e0mbit de les aplicacions electro-magn\u00e8tiques industrials. En aquest sentit, les tasques i activitats del grup est\u00e1n destinades a apropar el knowhow i les eines de qu\u00e8 disposem a la universitat al m\u00f3n industrial. L&#8217;experi\u00e8ncia ens ha [&hellip;]<\/p>\n","protected":false},"author":20,"featured_media":0,"parent":0,"menu_order":0,"comment_status":"closed","ping_status":"closed","template":"","meta":{"footnotes":""},"class_list":["post-112","page","type-page","status-publish","hentry"],"_links":{"self":[{"href":"https:\/\/webs.uab.cat\/gaemi\/wp-json\/wp\/v2\/pages\/112","targetHints":{"allow":["GET"]}}],"collection":[{"href":"https:\/\/webs.uab.cat\/gaemi\/wp-json\/wp\/v2\/pages"}],"about":[{"href":"https:\/\/webs.uab.cat\/gaemi\/wp-json\/wp\/v2\/types\/page"}],"author":[{"embeddable":true,"href":"https:\/\/webs.uab.cat\/gaemi\/wp-json\/wp\/v2\/users\/20"}],"replies":[{"embeddable":true,"href":"https:\/\/webs.uab.cat\/gaemi\/wp-json\/wp\/v2\/comments?post=112"}],"version-history":[{"count":0,"href":"https:\/\/webs.uab.cat\/gaemi\/wp-json\/wp\/v2\/pages\/112\/revisions"}],"wp:attachment":[{"href":"https:\/\/webs.uab.cat\/gaemi\/wp-json\/wp\/v2\/media?parent=112"}],"curies":[{"name":"wp","href":"https:\/\/api.w.org\/{rel}","templated":true}]}}