{"id":113,"date":"2009-05-25T13:20:37","date_gmt":"2009-05-25T11:20:37","guid":{"rendered":"https:\/\/webs.uab.cat\/gaemi\/linies-de-recerca\/"},"modified":"2022-11-24T16:20:15","modified_gmt":"2022-11-24T14:20:15","slug":"linies-de-recerca","status":"publish","type":"page","link":"https:\/\/webs.uab.cat\/gaemi\/linies-de-recerca\/","title":{"rendered":"Linies de Recerca"},"content":{"rendered":"\n<p>GAEMI desenvolupa la seva activiat en diversos \u00e1mbits que es caracteritzen per la seva orientaci\u00f3 industrial:<\/p>\n\n\n\n<h2 class=\"wp-block-heading\"><strong>Dispositius de Microones<\/strong><\/h2>\n\n\n\n<p>Els dipositius passius de microones han estat l&#8217;eix central de les activitats del grup en el camp de les microones. En aquest sentit s&#8217;ha realitzat un projecte nacional TEC2010 i actualment es participa en un projecte coordinat amb la Universitat Polit\u00e9cnica de Val\u00e8ncia, i el CSIC de Madrid en el projecte TEC2015.<\/p>\n\n\n\n<h2 class=\"wp-block-heading\"><strong>Electroperforaci\u00f3<\/strong><\/h2>\n\n\n\n<p>En el camp de l&#8217;electroportaci\u00f3 GAEMI ha liderat un projecte TRACE (TEC2010-16060 financiat pel Ministeri de Ci\u00e8ncia i Innovaci\u00f3) en col\u00b7laboraci\u00f3 amb l&#8217;empresa Miquel i Costas &amp; Miquel destinat a la optimitzaci\u00f3 del proc\u00e9s d&#8217;electroperforaci\u00f3 de paper. Aquesta activitat va originar la signatura de 6 convenis de col\u00b7laboraci\u00f3 entre GAEMI i Miquel i Costas i la participaci\u00f3 en dos projectes del CDTI (IDI-20140521 i IDI-20150284).<\/p>\n\n\n\n<h2 class=\"wp-block-heading\"><strong>Electroportaci\u00f3<\/strong><\/h2>\n\n\n\n<p>Arrel de les activitats desenvolupades amb l&#8217;emresa Miquel i Costas &amp; Miquel s&#8217;han obert nous camps d&#8217;aplicacions industrials com el de l&#8217;electroportaci\u00f3. S&#8217;aplica per moure part\u00edcules de pols de paper en procesos industrials. S&#8217;han desenvolupat varis prototips destinats a la seva utilitzaci\u00f3 en sistemes industrials.<\/p>\n\n\n\n<h2 class=\"wp-block-heading\"><strong>Harvesting<\/strong><\/h2>\n\n\n\n<p>Dintre del marc de col\u00b7laboraci\u00f3 amb la Universitat Polit\u00e8cnica de Valencia i l&#8217;institut de materials de CSIC de Madrid, GAEMI s&#8217;encarrega de desenvolupar sistemes el\u00e9ctr\u00f2nics de gesti\u00f3 d&#8217;energia per a la gesti\u00f3 de sistema de c\u00e0rrega de m\u00f2bils inal\u00e1mbrics.&nbsp;<\/p>\n","protected":false},"excerpt":{"rendered":"<p>GAEMI desenvolupa la seva activiat en diversos \u00e1mbits que es caracteritzen per la seva orientaci\u00f3 industrial: Dispositius de Microones Els dipositius passius de microones han estat l&#8217;eix central de les activitats del grup en el camp de les microones. En aquest sentit s&#8217;ha realitzat un projecte nacional TEC2010 i actualment es participa en un projecte [&hellip;]<\/p>\n","protected":false},"author":20,"featured_media":0,"parent":0,"menu_order":0,"comment_status":"closed","ping_status":"closed","template":"","meta":{"footnotes":""},"class_list":["post-113","page","type-page","status-publish","hentry"],"_links":{"self":[{"href":"https:\/\/webs.uab.cat\/gaemi\/wp-json\/wp\/v2\/pages\/113","targetHints":{"allow":["GET"]}}],"collection":[{"href":"https:\/\/webs.uab.cat\/gaemi\/wp-json\/wp\/v2\/pages"}],"about":[{"href":"https:\/\/webs.uab.cat\/gaemi\/wp-json\/wp\/v2\/types\/page"}],"author":[{"embeddable":true,"href":"https:\/\/webs.uab.cat\/gaemi\/wp-json\/wp\/v2\/users\/20"}],"replies":[{"embeddable":true,"href":"https:\/\/webs.uab.cat\/gaemi\/wp-json\/wp\/v2\/comments?post=113"}],"version-history":[{"count":1,"href":"https:\/\/webs.uab.cat\/gaemi\/wp-json\/wp\/v2\/pages\/113\/revisions"}],"predecessor-version":[{"id":372,"href":"https:\/\/webs.uab.cat\/gaemi\/wp-json\/wp\/v2\/pages\/113\/revisions\/372"}],"wp:attachment":[{"href":"https:\/\/webs.uab.cat\/gaemi\/wp-json\/wp\/v2\/media?parent=113"}],"curies":[{"name":"wp","href":"https:\/\/api.w.org\/{rel}","templated":true}]}}