{"id":114,"date":"2009-05-25T13:22:03","date_gmt":"2009-05-25T11:22:03","guid":{"rendered":"https:\/\/webs.uab.cat\/gaemi\/projectes-rd\/"},"modified":"2022-11-24T16:20:34","modified_gmt":"2022-11-24T14:20:34","slug":"projectes-rd","status":"publish","type":"page","link":"https:\/\/webs.uab.cat\/gaemi\/projectes-rd\/","title":{"rendered":"Projectes R+D"},"content":{"rendered":"\n<h3 class=\"wp-block-heading\"><strong>Projectes<\/strong><\/h3>\n\n\n\n<h5 class=\"wp-block-heading\"><u><strong>Grup d&#8217;Enginyeria de Microones i Mil\u00b7lim\u00e8triques Aplicat (GEMMA) (2014SGR_157)<\/strong><\/u><\/h5>\n\n\n\n<ul class=\"wp-block-list\"><li class=\"rtejustify\"><strong>Entitat de realitzaci\u00f3: <\/strong>Universitat Aut\u00f2noma de Barcelona<\/li><li class=\"rtejustify\"><strong>Investigador\/s responsable\/s: <\/strong>Joan Ferran Mart\u00edn Antol\u00edn<\/li><li class=\"rtejustify\"><strong>Nombre d&#8217;investigadors\/es: <\/strong>18<\/li><li class=\"rtejustify\"><strong>Entitat\/s financiadora\/es: <\/strong>Departament d&#8217;Universitats, Recerca i Societat de la Informaci\u00f3<\/li><li class=\"rtejustify\"><strong>Data d&#8217;inici: <\/strong>2014, duraci\u00f3 4 anys.<\/li><li class=\"rtejustify\"><strong>Quantia total: <\/strong>36000<\/li><\/ul>\n\n\n\n<h5 class=\"wp-block-heading\"><u><strong>Tecnologies basades en Antenes i Ressonadors Diel\u00e8ctrics Serigrafiats per la innovaci\u00f3 en Components i sub-sistemes de RF (TARDIs-RF)<\/strong><\/u><\/h5>\n\n\n\n<ul class=\"wp-block-list\"><li class=\"rtejustify\"><strong>Entitat de realitzaci\u00f3: <\/strong>Universitat Aut\u00f2noma de Barcelona<\/li><li class=\"rtejustify\"><strong>Investigador\/s responsable\/s: <\/strong>Juan Jos\u00e9 Garc\u00eda Garc\u00eda<\/li><li class=\"rtejustify\"><strong>Nombre d&#8217;investigadors\/es: <\/strong>1<\/li><li class=\"rtejustify\"><strong>Entitat\/s financiadora\/es: <\/strong>Ministeri de Ci\u00e8ncia i Innovaci\u00f3<\/li><li class=\"rtejustify\"><strong>Data d&#8217;inici: <\/strong>01\/01\/2011, 3 anys<\/li><li class=\"rtejustify\"><strong>Quantia total: <\/strong>124.509<\/li><\/ul>\n\n\n\n<h5 class=\"wp-block-heading\"><u><strong>Ingenionautas<\/strong><\/u><\/h5>\n\n\n\n<ul class=\"wp-block-list\"><li class=\"rtejustify\"><strong>Entitat de realitzaci\u00f3: <\/strong>Universitat Aut\u00f2noma de Barcelona<\/li><li class=\"rtejustify\"><strong>Investigador\/s responsable\/s: <\/strong>Joan Sorribes Gomis<\/li><li class=\"rtejustify\"><strong>Nombre d&#8217;investigadors\/es: <\/strong>17<\/li><li class=\"rtejustify\"><strong>Entitat\/s financiadora\/es: <\/strong>FUNDACI\u00d3 ESPANYOLA PER LA CI\u00c8NCIA I LA TECNOLOGIA (FECYT)<\/li><li class=\"rtejustify\"><strong>Data d&#8217;inici: <\/strong>06\/04\/2010, 1 any &#8211; 3 mesos &#8211; 25 dies<\/li><li class=\"rtejustify\"><strong>Quantia total: <\/strong>20.000<\/li><\/ul>\n\n\n\n<h5 class=\"wp-block-heading\"><strong><u>Desarrollo y optimizaci\u00f3n de procesos de electroperforaci\u00f3n de materialesporosos para aplicaciones industriales<\/u><\/strong><\/h5>\n\n\n\n<ul class=\"wp-block-list\"><li class=\"rtejustify\"><strong>Entitat de realitzaci\u00f3: <\/strong>Universitat Aut\u00f2noma de Barcelona<\/li><li class=\"rtejustify\"><strong>Investigador\/s responsable\/s: <\/strong>Juan Jos\u00e9 Garc\u00eda Garc\u00eda<\/li><li class=\"rtejustify\"><strong>Nombre d&#8217;investigadors\/es: <\/strong>5<\/li><li class=\"rtejustify\"><strong>Entitat\/s financiadora\/es: <\/strong>Ministeri de Ci\u00e8ncia i Innovaci\u00f3<\/li><li class=\"rtejustify\"><strong>Data d&#8217;inici: <\/strong>01\/03\/2010, 2 anys<\/li><li class=\"rtejustify\"><strong>Quantia total: <\/strong>124.388<strong>&nbsp;<\/strong><\/li><\/ul>\n\n\n\n<h5 class=\"wp-block-heading\"><u><strong>Grup d&#8217;Enginyeria de Microones i Mil\u00b7lim\u00e8triques Aplicat (GEMMA)<\/strong><\/u><\/h5>\n\n\n\n<ul class=\"wp-block-list\"><li class=\"rtejustify\"><strong>Entitat de realitzaci\u00f3: <\/strong>Universitat Aut\u00f2noma de Barcelona.<\/li><li class=\"rtejustify\"><strong>Investigador\/s responsable\/s: <\/strong>Joan Ferran Mart\u00edn Antol\u00edn.<\/li><li class=\"rtejustify\"><strong>Nombre d&#8217;investigadors\/es: <\/strong>18<\/li><li class=\"rtejustify\"><strong>Entitat\/s financiadora\/es: <\/strong>Departament d&#8217;Universitats, Recerca i Societat de la Informaci\u00f3<\/li><li class=\"rtejustify\"><strong>Data d&#8217;inici: <\/strong>03\/08\/2009, 4 anys &#8211; 4 mesos &#8211; 29 dies<\/li><li class=\"rtejustify\"><strong>Quantia total: <\/strong>41.600<\/li><\/ul>\n\n\n\n<h5 class=\"wp-block-heading\"><u><strong>Enginyeria a l&#8217;abast<\/strong><\/u><\/h5>\n\n\n\n<ul class=\"wp-block-list\"><li class=\"rtejustify\"><strong>Entitat de realitzaci\u00f3: <\/strong>Universitat Aut\u00f2noma de Barcelona<\/li><li class=\"rtejustify\"><strong>Investigador\/s responsable\/s: <\/strong>Joan Sorribes Gomis<\/li><li class=\"rtejustify\"><strong>Nombre d&#8217;investigadors\/es: <\/strong>11<\/li><li class=\"rtejustify\"><strong>Entitat\/s financiadora\/es: <\/strong>Vicerectorat de Transfer\u00e8ncia Social i Cultural de la UAB<\/li><li class=\"rtejustify\"><strong>Data d&#8217;inici: <\/strong>01\/01\/2009, 11 mesos &#8211; 18 dies<\/li><li class=\"rtejustify\"><strong>Quantia total: <\/strong>1.800<\/li><\/ul>\n\n\n\n<h5 class=\"wp-block-heading\"><u><strong>Tecnologies basades en meta-materials i la seva aplicaci\u00f3 a la innovaci\u00f3 en components i sub-sistemes de RF, microones i mil\u00b7lim\u00e8triques: circuits de radiocomunicaci\u00f3 (META-INNOVA 2)<\/strong><\/u><\/h5>\n\n\n\n<ul class=\"wp-block-list\"><li class=\"rtejustify\"><strong>Entitat de realitzaci\u00f3: <\/strong>Universitat Aut\u00f2noma de Barcelona. <strong>Investigador\/s responsable\/s: <\/strong>Joan Ferran Mart\u00edn Antol\u00edn.<\/li><li class=\"rtejustify\"><strong>Nombre d&#8217;investigadors\/es: <\/strong>9<\/li><li class=\"rtejustify\"><strong>Entitat\/s financiadora\/es: <\/strong>Ministeri d&#8217;Educaci\u00f3 i Ci\u00e8ncia<\/li><li class=\"rtejustify\"><strong>Data d&#8217;inici: <\/strong>01\/10\/2007, 3 anys.<\/li><li class=\"rtejustify\"><strong>Quantia total: <\/strong>206.910<\/li><\/ul>\n\n\n\n<hr class=\"wp-block-separator has-alpha-channel-opacity\"\/>\n\n\n\n<h3 class=\"wp-block-heading\"><strong>Contractes<\/strong><\/h3>\n\n\n\n<h5 class=\"wp-block-heading\"><u><strong>Millora de sistemes de ventilaci\u00f3 per electro-perforat dins el projecte<\/strong><\/u><strong><u> CDTI IDI-20140521<\/u><\/strong><\/h5>\n\n\n\n<ul class=\"wp-block-list\"><li class=\"rtejustify\"><strong>Qualitat en la que s&#8217;ha participat:&nbsp;<\/strong>Investigador Principal<\/li><li class=\"rtejustify\"><strong>Investigador\/a responsable:&nbsp;<\/strong>Juan Jos\u00e9 Garc\u00eda Garc\u00eda.&nbsp;<\/li><li class=\"rtejustify\"><strong>Nombre d&#8217;investigadors\/es:&nbsp;<\/strong>3.&nbsp;<\/li><li class=\"rtejustify\"><strong>Entitat\/s financiadora\/es:&nbsp;<\/strong>Miquel y Costas &amp; Miquel, S.A.<\/li><li class=\"rtejustify\"><strong>Data d&#8217;inici:&nbsp;<\/strong>01\/01\/2013, 2 anys.&nbsp;<\/li><li class=\"rtejustify\"><strong>Quantia total:&nbsp;<\/strong>60.000<\/li><\/ul>\n\n\n\n<h5 class=\"wp-block-heading\"><u><strong>Electrodes circulars per perforaci\u00f3 electrost\u00e1tica<\/strong><\/u><\/h5>\n\n\n\n<ul class=\"wp-block-list\"><li class=\"rtejustify\"><strong>Qualitat en la que s&#8217;ha participat:&nbsp;<\/strong>Investigador Principal. &nbsp;<\/li><li class=\"rtejustify\"><strong>Nombre d&#8217;investigadors\/es:&nbsp;<\/strong>2.&nbsp;<\/li><li class=\"rtejustify\"><strong>Entitat\/s financiadora\/es:&nbsp;<\/strong>Miquel y Costas &amp; Miquel, S.A.&nbsp;<\/li><li class=\"rtejustify\"><strong>Data d&#8217;inici:&nbsp;<\/strong>01\/01\/2013, 1 any.&nbsp;<\/li><li class=\"rtejustify\"><strong>Quantia total:&nbsp;<\/strong>10.000.<\/li><\/ul>\n\n\n\n<h5 class=\"wp-block-heading\"><strong><u>Millora de les prestacions d&#8217;un sistema de perforaci\u00f3 electrost\u00e0tica de paper II<\/u><\/strong><u><strong> (vinculat a un projecte TRACE)<\/strong><\/u><\/h5>\n\n\n\n<ul class=\"wp-block-list\"><li class=\"rtejustify\"><strong>Qualitat en la que s&#8217;ha participat:&nbsp;<\/strong>Investigador Principal.&nbsp;<\/li><li class=\"rtejustify\"><strong>Nombre d&#8217;investigadors\/es:&nbsp;<\/strong>2.&nbsp;<\/li><li class=\"rtejustify\"><strong>Entitat\/s financiadora\/es:&nbsp;<\/strong>Miquel y Costas &amp; Miquel, S.A.&nbsp;<\/li><li class=\"rtejustify\"><strong>Data d&#8217;inici:&nbsp;<\/strong>01\/10\/2010, 2 anys.&nbsp;<\/li><li class=\"rtejustify\"><strong>Quantia total:&nbsp;<\/strong>10.000<\/li><\/ul>\n\n\n\n<h5 class=\"wp-block-heading\"><u><strong>Millora de les prestacions d&#8217;un sistema de perforaci\u00f3 electrost\u00e0tica de paper<\/strong><\/u><\/h5>\n\n\n\n<ul class=\"wp-block-list\"><li class=\"rtejustify\"><strong>Qualitat en la que s&#8217;ha participat:&nbsp;<\/strong>Investigador Principal.&nbsp;<\/li><li class=\"rtejustify\"><strong>Nombre d&#8217;investigadors\/es:&nbsp;<\/strong>2.&nbsp;<\/li><li class=\"rtejustify\"><strong>Entitat\/s financiadora\/es:&nbsp;<\/strong>Miquel y Costas &amp; Miquel, S.A.&nbsp;<\/li><li class=\"rtejustify\"><strong>Data d&#8217;inici:&nbsp;<\/strong>01\/01\/2009, 6 mesos &#8211; 1 d\u00eda.&nbsp;<\/li><li class=\"rtejustify\"><strong>Quantia total:&nbsp;<\/strong>10.000<\/li><\/ul>\n\n\n\n<h5 class=\"wp-block-heading\"><u><strong>Establiment de les condicions necess\u00e0ries per aconseguir la millora de prestacions d&#8217;un sistema de performaci\u00f3 electrost\u00e0tica de paper<\/strong><\/u><\/h5>\n\n\n\n<ul class=\"wp-block-list\"><li class=\"rtejustify\"><strong>Qualitat en la que s&#8217;ha participat:&nbsp;<\/strong>Investigador Principal.&nbsp;<\/li><li class=\"rtejustify\"><strong>Investigador\/a responsable:&nbsp;<\/strong>Juan Jos\u00e9 Garc\u00eda Garc\u00eda&nbsp;<\/li><li class=\"rtejustify\"><strong>Nombre d&#8217;investigadors\/es:&nbsp;<\/strong>1.<\/li><li class=\"rtejustify\">&nbsp;<strong>Entitat\/s financiadora\/es:&nbsp;<\/strong>Miquel y Costas &amp; Miquel, S.A.&nbsp;<\/li><li class=\"rtejustify\"><strong>Data d&#8217;inici:&nbsp;<\/strong>01\/09\/2007, 5 mesos &#8211; 1 d\u00eda.&nbsp;<\/li><li class=\"rtejustify\"><strong>Quantia total:&nbsp;<\/strong>10.000<\/li><\/ul>\n\n\n\n<h5 class=\"wp-block-heading\"><u><strong>Disseny i implementaci\u00f3 de sistemes d&#8217;instrumentaci\u00f3 per a l&#8217;accelerador de part\u00edcules Alba-Cells &#8221;Multiwire Proportional Chamber&#8221; <\/strong><\/u><\/h5>\n\n\n\n<ul class=\"wp-block-list\"><li class=\"rtejustify\"><strong>Qualitat en la que s&#8217;ha participat:&nbsp;<\/strong>Investigador Principal&nbsp;<\/li><li class=\"rtejustify\"><strong>Investigador\/a responsable:&nbsp;<\/strong>Juan Jos\u00e9 Garc\u00eda Garc\u00eda&nbsp;<\/li><li class=\"rtejustify\"><strong>Nombre d&#8217;investigadors\/es:&nbsp;<\/strong>1&nbsp;<\/li><li class=\"rtejustify\"><strong>Entitat\/s financiadora\/es:&nbsp;<\/strong>Laboratori de Llum de Sincrotr\u00f3&nbsp;<\/li><li class=\"rtejustify\"><strong>Data d&#8217;inici:&nbsp;<\/strong>01\/07\/2007, 3 mesos &#8211; 30 dies.&nbsp;<\/li><li class=\"rtejustify\"><strong>Quantia total:&nbsp;<\/strong>6.000<\/li><\/ul>\n\n\n\n<h5 class=\"wp-block-heading\"><u><strong>Assessorament en el disseny del detector &#8221;Multiwire Proportional Chamber&#8221;<\/strong><\/u><\/h5>\n\n\n\n<ul class=\"wp-block-list\"><li class=\"rtejustify\"><strong>Qualitat en la que s&#8217;ha participat:&nbsp;<\/strong>Investigador Principal&nbsp;<\/li><li class=\"rtejustify\"><strong>Investigador\/a responsable:&nbsp;<\/strong>Juan Jos\u00e9 Garc\u00eda Garc\u00eda&nbsp;<\/li><li class=\"rtejustify\"><strong>Nombre d&#8217;investigadors\/es:&nbsp;<\/strong>1&nbsp;<\/li><li class=\"rtejustify\"><strong>Entitat\/s financiadora\/es:&nbsp;<\/strong>Laboratori de Llum de Sincrotr\u00f3<\/li><li class=\"rtejustify\"><strong>Data d&#8217;inici:&nbsp;<\/strong>12\/02\/2007, 1 mes &#8211; 12 dies.&nbsp;<\/li><li class=\"rtejustify\"><strong>Quantia total:&nbsp;<\/strong>4.500<\/li><\/ul>\n","protected":false},"excerpt":{"rendered":"<p>Projectes Grup d&#8217;Enginyeria de Microones i Mil\u00b7lim\u00e8triques Aplicat (GEMMA) (2014SGR_157) Entitat de realitzaci\u00f3: Universitat Aut\u00f2noma de Barcelona Investigador\/s responsable\/s: Joan Ferran Mart\u00edn Antol\u00edn Nombre d&#8217;investigadors\/es: 18 Entitat\/s financiadora\/es: Departament d&#8217;Universitats, Recerca i Societat de la Informaci\u00f3 Data d&#8217;inici: 2014, duraci\u00f3 4 anys. Quantia total: 36000 Tecnologies basades en Antenes i Ressonadors Diel\u00e8ctrics Serigrafiats per la [&hellip;]<\/p>\n","protected":false},"author":20,"featured_media":0,"parent":0,"menu_order":0,"comment_status":"closed","ping_status":"closed","template":"","meta":{"footnotes":""},"class_list":["post-114","page","type-page","status-publish","hentry"],"_links":{"self":[{"href":"https:\/\/webs.uab.cat\/gaemi\/wp-json\/wp\/v2\/pages\/114","targetHints":{"allow":["GET"]}}],"collection":[{"href":"https:\/\/webs.uab.cat\/gaemi\/wp-json\/wp\/v2\/pages"}],"about":[{"href":"https:\/\/webs.uab.cat\/gaemi\/wp-json\/wp\/v2\/types\/page"}],"author":[{"embeddable":true,"href":"https:\/\/webs.uab.cat\/gaemi\/wp-json\/wp\/v2\/users\/20"}],"replies":[{"embeddable":true,"href":"https:\/\/webs.uab.cat\/gaemi\/wp-json\/wp\/v2\/comments?post=114"}],"version-history":[{"count":1,"href":"https:\/\/webs.uab.cat\/gaemi\/wp-json\/wp\/v2\/pages\/114\/revisions"}],"predecessor-version":[{"id":373,"href":"https:\/\/webs.uab.cat\/gaemi\/wp-json\/wp\/v2\/pages\/114\/revisions\/373"}],"wp:attachment":[{"href":"https:\/\/webs.uab.cat\/gaemi\/wp-json\/wp\/v2\/media?parent=114"}],"curies":[{"name":"wp","href":"https:\/\/api.w.org\/{rel}","templated":true}]}}