{"id":128,"date":"2009-05-25T13:30:47","date_gmt":"2009-05-25T11:30:47","guid":{"rendered":"https:\/\/webs.uab.cat\/gaemi\/qui-som\/"},"modified":"2022-11-24T16:19:40","modified_gmt":"2022-11-24T14:19:40","slug":"qui-som","status":"publish","type":"page","link":"https:\/\/webs.uab.cat\/gaemi\/qui-som\/","title":{"rendered":"Qui som?"},"content":{"rendered":"\n<p>El grupo GAEMI es composat per:<\/p>\n\n\n\n<div class=\"wp-block-media-text is-stacked-on-mobile\" style=\"grid-template-columns:30% auto\"><figure class=\"wp-block-media-text__media\"><img loading=\"lazy\" decoding=\"async\" width=\"450\" height=\"600\" src=\"https:\/\/webs.uab.cat\/gaemi\/wp-content\/uploads\/sites\/288\/2009\/05\/1_0.jpg\" alt=\"1_0.jpg\" class=\"wp-image-119 size-full\" srcset=\"https:\/\/webs.uab.cat\/gaemi\/wp-content\/uploads\/sites\/288\/2009\/05\/1_0.jpg 450w, https:\/\/webs.uab.cat\/gaemi\/wp-content\/uploads\/sites\/288\/2009\/05\/1_0-225x300.jpg 225w\" sizes=\"auto, (max-width: 450px) 100vw, 450px\" \/><\/figure><div class=\"wp-block-media-text__content\">\n<h4 class=\"wp-block-heading\"><strong>Joan Garc\u00eda Garc\u00eda<\/strong><\/h4>\n\n\n\n<p><em>Cap de Grup<\/em><\/p>\n<\/div><\/div>\n\n\n\n<p>Titulat en F\u00edsica a la Universitat Aut\u00f2noma de Barcelona (UAB) en el 1994 i Doctorat en Enginyeria Electrica treballant en el model de transport quantic en d\u00edodes de tunelitzaci\u00f3 resonant III-V en el 2001. Va ser investigador en el<em> Institute of Microwaves and Photonics<\/em> en <em>Leeds Univeristy<\/em> (Regne Unit) pel disseny de micromaquinaci\u00e7o de reflexos en klystrons per la generaci\u00f3 de radiaci\u00f3 THz aix\u00ed com en el disseny de transmissi\u00f3 carregada periodicament amb varactors. Durant m\u00e9s de 15 anys ha estat treballant en metamaterials i dispositius passius de freq\u00fc\u00e8ncies de microones.<\/p>\n\n\n\n<div class=\"wp-block-media-text is-stacked-on-mobile\" style=\"grid-template-columns:30% auto\"><figure class=\"wp-block-media-text__media\"><img loading=\"lazy\" decoding=\"async\" width=\"450\" height=\"600\" src=\"https:\/\/webs.uab.cat\/gaemi\/wp-content\/uploads\/sites\/288\/2009\/05\/img_20181115_1315491.jpg\" alt=\"\" class=\"wp-image-122 size-full\" srcset=\"https:\/\/webs.uab.cat\/gaemi\/wp-content\/uploads\/sites\/288\/2009\/05\/img_20181115_1315491.jpg 450w, https:\/\/webs.uab.cat\/gaemi\/wp-content\/uploads\/sites\/288\/2009\/05\/img_20181115_1315491-225x300.jpg 225w\" sizes=\"auto, (max-width: 450px) 100vw, 450px\" \/><\/figure><div class=\"wp-block-media-text__content\">\n<p><strong>Ariadna Sendra i Munita<\/strong><\/p>\n\n\n\n<p><em>Estudiant de M\u00e0ster<\/em><br>\u2709 E-mail: ariadna.sendra@e-campus.uab.cat<\/p>\n<\/div><\/div>\n\n\n\n<p><span style=\"font-family: arial,helvetica,sans-serif;\">Titulat del Grau en Enginyeria Electr\u00f2nica de Telecomunicaci\u00f3 (2018) i actualment cursant el M\u00e0ster en Enginyeria de Telecomunicaci\u00f3 a la Universitat Aut\u00f2noma de Barcelona (UAB).<\/span><\/p>\n\n\n\n<p>&nbsp;<\/p>\n\n\n\n<div class=\"wp-block-media-text is-stacked-on-mobile\" style=\"grid-template-columns:30% auto\"><figure class=\"wp-block-media-text__media\"><img loading=\"lazy\" decoding=\"async\" width=\"450\" height=\"600\" src=\"https:\/\/webs.uab.cat\/gaemi\/wp-content\/uploads\/sites\/288\/2009\/05\/img_20181115_1223221.jpg\" alt=\"\" class=\"wp-image-125 size-full\" srcset=\"https:\/\/webs.uab.cat\/gaemi\/wp-content\/uploads\/sites\/288\/2009\/05\/img_20181115_1223221.jpg 450w, https:\/\/webs.uab.cat\/gaemi\/wp-content\/uploads\/sites\/288\/2009\/05\/img_20181115_1223221-225x300.jpg 225w\" sizes=\"auto, (max-width: 450px) 100vw, 450px\" \/><\/figure><div class=\"wp-block-media-text__content\">\n<h4 class=\"wp-block-heading\"><strong>Carles Nasarre Campo<\/strong><\/h4>\n\n\n\n<p><em>Estudiant de M\u00e0ster<\/em><br>\u2709 E-mail: carles.nasarre@e-campus.uab.cat<\/p>\n<\/div><\/div>\n\n\n\n<p><span style=\"font-family: arial,helvetica,sans-serif;\">Titulat del Grau en Enginyeria Electr\u00f2nica de Telecomunicaci\u00f3 (2018) i actualment cursant el M\u00e0ster en Enginyeria de Telecomunicaci\u00f3 a la Universitat Aut\u00f2noma de Barcelona (UAB).<\/span><\/p>\n","protected":false},"excerpt":{"rendered":"<p>El grupo GAEMI es composat per: Joan Garc\u00eda Garc\u00eda Cap de Grup Titulat en F\u00edsica a la Universitat Aut\u00f2noma de Barcelona (UAB) en el 1994 i Doctorat en Enginyeria Electrica treballant en el model de transport quantic en d\u00edodes de tunelitzaci\u00f3 resonant III-V en el 2001. Va ser investigador en el Institute of Microwaves and [&hellip;]<\/p>\n","protected":false},"author":20,"featured_media":0,"parent":0,"menu_order":0,"comment_status":"closed","ping_status":"closed","template":"","meta":{"footnotes":""},"class_list":["post-128","page","type-page","status-publish","hentry"],"_links":{"self":[{"href":"https:\/\/webs.uab.cat\/gaemi\/wp-json\/wp\/v2\/pages\/128","targetHints":{"allow":["GET"]}}],"collection":[{"href":"https:\/\/webs.uab.cat\/gaemi\/wp-json\/wp\/v2\/pages"}],"about":[{"href":"https:\/\/webs.uab.cat\/gaemi\/wp-json\/wp\/v2\/types\/page"}],"author":[{"embeddable":true,"href":"https:\/\/webs.uab.cat\/gaemi\/wp-json\/wp\/v2\/users\/20"}],"replies":[{"embeddable":true,"href":"https:\/\/webs.uab.cat\/gaemi\/wp-json\/wp\/v2\/comments?post=128"}],"version-history":[{"count":1,"href":"https:\/\/webs.uab.cat\/gaemi\/wp-json\/wp\/v2\/pages\/128\/revisions"}],"predecessor-version":[{"id":371,"href":"https:\/\/webs.uab.cat\/gaemi\/wp-json\/wp\/v2\/pages\/128\/revisions\/371"}],"wp:attachment":[{"href":"https:\/\/webs.uab.cat\/gaemi\/wp-json\/wp\/v2\/media?parent=128"}],"curies":[{"name":"wp","href":"https:\/\/api.w.org\/{rel}","templated":true}]}}