{"id":162,"date":"2015-12-31T10:26:59","date_gmt":"2015-12-31T08:26:59","guid":{"rendered":"https:\/\/webs.uab.cat\/gaemi\/colaboracionesc\/"},"modified":"2015-12-31T10:26:59","modified_gmt":"2015-12-31T08:26:59","slug":"colaboracionesc","status":"publish","type":"page","link":"https:\/\/webs.uab.cat\/gaemi\/colaboracionesc\/","title":{"rendered":"Col\u00b7laboracions"},"content":{"rendered":"<h3><strong>Grup de Sensors i Biosensors de la UAB&nbsp;(<a href=\"https:\/\/sensorsbiosensors.wordpress.com\">GSB-UAB<\/a>)<\/strong><\/h3>\n<p class=\"rtejustify\">GAEMI col\u00b7labora en el desenvolupament de sistemes d&#8217;instrumentaci\u00f3 per a sensors qu\u00edmics amb el grup GSB de la Universitat Aut\u00f2noma de Barcelona. Dins del marc d&#8217;aquesta col\u00b7laborac\u00f3 s&#8217;han realitzat nombrosos projectes de final de carrera relacionats amb les telecomunicacions i la electr\u00f2nica.<\/p>\n<p>&nbsp;<\/p>\n<h3><strong>Grup Miquel y Costas &amp; Miquel (<a href=\"http:\/\/www.miquelycostas.com\/index.htm\">MCM<\/a>)<\/strong><\/h3>\n<p class=\"rtejustify\">MCM \u00e9s una de les empreses l\u00edder a la ind\u00fastria paperera a nivell internacional. GAEMI ha col\u00b7laborat intensament amb aquest grup en els \u00e0mbits de la electroportaci\u00f3, la electroperforaci\u00f3 i els sistemes de ventilaci\u00f3 i refrigeraci\u00f3 d&#8217;electrodes. Aquesta activitat a propiciat un projecte TRACE, tres projectes CDTI i cinc convenis de col\u00b7laboraci\u00f3 empresa-universitat.<\/p>\n<p>&nbsp;<\/p>\n<h3><strong>Universitat Polit\u00e9cnica de Val\u00e9ncia (<a href=\"https:\/\/www.upv.es\">UPV<\/a>)<\/strong><\/h3>\n<p class=\"rtejustify\">GAEMI participa en un projecte nacional TEC2015 amb la UPV liderat pel catedr\u00e0tic Jos\u00e9 Sanchez-Dehesa, destinat a desenvolupar sistemes de c\u00e0rrega inalambrics. Dintre d&#8217;aquesta col\u00b7laboraci\u00f3, GAEMI s&#8217;encarrega de generar sistemes electr\u00f2nics per a la gesti\u00f3 energ\u00e8tica d&#8217;alta eficiencia (harvesting) i a la caracteritzaci\u00f3 de resonadors diel\u00e8ctrics d&#8217;altes prestaci\u00f3ns.<\/p>\n<p>&nbsp;<\/p>\n","protected":false},"excerpt":{"rendered":"<p>Grup de Sensors i Biosensors de la UAB&nbsp;(GSB-UAB) GAEMI col\u00b7labora en el desenvolupament de sistemes d&#8217;instrumentaci\u00f3 per a sensors qu\u00edmics amb el grup GSB de la Universitat Aut\u00f2noma de Barcelona. Dins del marc d&#8217;aquesta col\u00b7laborac\u00f3 s&#8217;han realitzat nombrosos projectes de final de carrera relacionats amb les telecomunicacions i la electr\u00f2nica. &nbsp; Grup Miquel y Costas [&hellip;]<\/p>\n","protected":false},"author":20,"featured_media":0,"parent":0,"menu_order":0,"comment_status":"closed","ping_status":"closed","template":"","meta":{"footnotes":""},"class_list":["post-162","page","type-page","status-publish","hentry"],"_links":{"self":[{"href":"https:\/\/webs.uab.cat\/gaemi\/wp-json\/wp\/v2\/pages\/162","targetHints":{"allow":["GET"]}}],"collection":[{"href":"https:\/\/webs.uab.cat\/gaemi\/wp-json\/wp\/v2\/pages"}],"about":[{"href":"https:\/\/webs.uab.cat\/gaemi\/wp-json\/wp\/v2\/types\/page"}],"author":[{"embeddable":true,"href":"https:\/\/webs.uab.cat\/gaemi\/wp-json\/wp\/v2\/users\/20"}],"replies":[{"embeddable":true,"href":"https:\/\/webs.uab.cat\/gaemi\/wp-json\/wp\/v2\/comments?post=162"}],"version-history":[{"count":0,"href":"https:\/\/webs.uab.cat\/gaemi\/wp-json\/wp\/v2\/pages\/162\/revisions"}],"wp:attachment":[{"href":"https:\/\/webs.uab.cat\/gaemi\/wp-json\/wp\/v2\/media?parent=162"}],"curies":[{"name":"wp","href":"https:\/\/api.w.org\/{rel}","templated":true}]}}