{"id":18,"date":"2025-02-17T13:31:43","date_gmt":"2025-02-17T11:31:43","guid":{"rendered":"https:\/\/webs.uab.cat\/garraf-en-mar\/?page_id=18"},"modified":"2025-02-20T15:08:28","modified_gmt":"2025-02-20T13:08:28","slug":"que-fem","status":"publish","type":"page","link":"https:\/\/webs.uab.cat\/garraf-en-mar\/que-fem\/","title":{"rendered":"Qu\u00e8 fem?"},"content":{"rendered":"\n<figure class=\"wp-block-image size-large\"><img loading=\"lazy\" decoding=\"async\" width=\"1024\" height=\"576\" src=\"https:\/\/webs.uab.cat\/garraf-en-mar\/wp-content\/uploads\/sites\/593\/2025\/02\/Diapositiva3-1024x576.jpg\" alt=\"\" class=\"wp-image-56\" srcset=\"https:\/\/webs.uab.cat\/garraf-en-mar\/wp-content\/uploads\/sites\/593\/2025\/02\/Diapositiva3-1024x576.jpg 1024w, https:\/\/webs.uab.cat\/garraf-en-mar\/wp-content\/uploads\/sites\/593\/2025\/02\/Diapositiva3-300x169.jpg 300w, https:\/\/webs.uab.cat\/garraf-en-mar\/wp-content\/uploads\/sites\/593\/2025\/02\/Diapositiva3-768x432.jpg 768w, https:\/\/webs.uab.cat\/garraf-en-mar\/wp-content\/uploads\/sites\/593\/2025\/02\/Diapositiva3-1200x675.jpg 1200w, https:\/\/webs.uab.cat\/garraf-en-mar\/wp-content\/uploads\/sites\/593\/2025\/02\/Diapositiva3.jpg 1280w\" sizes=\"auto, (max-width: 1024px) 100vw, 1024px\" \/><\/figure>\n\n\n\n<h2 class=\"wp-block-heading has-normal-font-size\"><strong>Objectius<\/strong><\/h2>\n\n\n\n<p>L&#8217;objectiu principal del projecte \u00e9s avaluar l&#8217;estat de salut dels recursos pesquers i caracteritzar ecol\u00f2gicament l&#8217;Espai Mar\u00ed (EM) de les Costes del Garraf i la Plana del Foix, tant a la zona litoral com a la plataforma i els canyons, amb la finalitat d&#8217;elaborar un Pla Estrat\u00e8gic per a la Pesca Sostenible (PEPS) conjuntament entre els sectors pesquer i cient\u00edfic. Els resultats serviran per impulsar l&#8217;economia blava i dissenyar indicadors per al treball en cogesti\u00f3 pesquera, que tamb\u00e9 puguin ser aplicats a altres zones.<\/p>\n\n\n\n<p>Per aconseguir-ho, s&#8217;han establert cinc objectius espec\u00edfics:<\/p>\n\n\n\n<ul class=\"wp-block-list\">\n<li><strong>OE1:<\/strong> Establir un marc de treball (comit\u00e8 de treball). En aquest projecte \u00e9s essencial treballar colze a colze amb el sector pesquer. Per aix\u00f2, es crear\u00e0 un comit\u00e8 de treball amb els agents implicats (administracions i confraries).<\/li>\n\n\n\n<li><strong>OE2:<\/strong> Realitzar un estudi diagn\u00f2stic de l&#8217;estat de salut dels recursos pesquers del litoral mar\u00ed (30-50 m) (pesca artesanal i d&#8217;encerclament), aix\u00ed com la caracteritzaci\u00f3 dels h\u00e0bitats de la zona litoral.<\/li>\n\n\n\n<li><strong>OE3:<\/strong> Avaluar l&#8217;estat de salut dels recursos pesquers de l&#8217;EM de la zona de la Plana del Foix i els canyons, aix\u00ed com l&#8217;estat ecol\u00f2gic dels seus fons marins.<\/li>\n\n\n\n<li><strong>OE4:<\/strong> Avaluar de manera integrada la zona d&#8217;estudi i dissenyar el Pla Estrat\u00e8gic per a la Pesca Sostenible (PEPS) de l&#8217;EM de les Costes del Garraf i la Plana del Foix. S&#8217;integraran els resultats de la zona litoral i profunda, i es debatran les conclusions generals amb el comit\u00e8 de treball. Finalment, amb aquest comit\u00e8, es dissenyar\u00e0 el PEPS.<\/li>\n\n\n\n<li><strong>OE5:<\/strong> Transferir els resultats a tots els agents implicats en el territori i difondre&#8217;ls al p\u00fablic general a trav\u00e9s d&#8217;un pla de divulgaci\u00f3, incloent-hi activitats de sensibilitzaci\u00f3 i difusi\u00f3 del PEPS elaborat.<\/li>\n<\/ul>\n","protected":false},"excerpt":{"rendered":"<p>Objectius L&#8217;objectiu principal del projecte \u00e9s avaluar l&#8217;estat de salut dels recursos pesquers i caracteritzar ecol\u00f2gicament l&#8217;Espai Mar\u00ed (EM) de les Costes del Garraf i la Plana del Foix, tant a la zona litoral com a la plataforma i els canyons, amb la finalitat d&#8217;elaborar un Pla Estrat\u00e8gic per a la Pesca Sostenible (PEPS) conjuntament [&hellip;]<\/p>\n","protected":false},"author":149,"featured_media":0,"parent":0,"menu_order":2,"comment_status":"closed","ping_status":"closed","template":"","meta":{"footnotes":""},"class_list":["post-18","page","type-page","status-publish","hentry"],"_links":{"self":[{"href":"https:\/\/webs.uab.cat\/garraf-en-mar\/wp-json\/wp\/v2\/pages\/18","targetHints":{"allow":["GET"]}}],"collection":[{"href":"https:\/\/webs.uab.cat\/garraf-en-mar\/wp-json\/wp\/v2\/pages"}],"about":[{"href":"https:\/\/webs.uab.cat\/garraf-en-mar\/wp-json\/wp\/v2\/types\/page"}],"author":[{"embeddable":true,"href":"https:\/\/webs.uab.cat\/garraf-en-mar\/wp-json\/wp\/v2\/users\/149"}],"replies":[{"embeddable":true,"href":"https:\/\/webs.uab.cat\/garraf-en-mar\/wp-json\/wp\/v2\/comments?post=18"}],"version-history":[{"count":7,"href":"https:\/\/webs.uab.cat\/garraf-en-mar\/wp-json\/wp\/v2\/pages\/18\/revisions"}],"predecessor-version":[{"id":119,"href":"https:\/\/webs.uab.cat\/garraf-en-mar\/wp-json\/wp\/v2\/pages\/18\/revisions\/119"}],"wp:attachment":[{"href":"https:\/\/webs.uab.cat\/garraf-en-mar\/wp-json\/wp\/v2\/media?parent=18"}],"curies":[{"name":"wp","href":"https:\/\/api.w.org\/{rel}","templated":true}]}}