{"id":20,"date":"2025-02-17T13:32:15","date_gmt":"2025-02-17T11:32:15","guid":{"rendered":"https:\/\/webs.uab.cat\/garraf-en-mar\/?page_id=20"},"modified":"2025-02-24T15:13:23","modified_gmt":"2025-02-24T13:13:23","slug":"com-ho-fem","status":"publish","type":"page","link":"https:\/\/webs.uab.cat\/garraf-en-mar\/com-ho-fem\/","title":{"rendered":"Com ho fem?"},"content":{"rendered":"\n<p class=\"has-text-align-center\">El projecte pret\u00e9n avaluar l&#8217;estat de salut de les principals esp\u00e8cies d&#8217;inter\u00e8s per al sector pesquer (<strong>artesanal, encerclament i arrossegament<\/strong>), analitzant els nivells dels principals impactes (<strong>micropl\u00e0stics i metalls<\/strong>), el seu potencial efecte en la salut de les esp\u00e8cies i les possibles implicacions per a la <strong>seguretat aliment\u00e0ria<\/strong> (per exemple, par\u00e0sits zoon\u00f2tics).<\/p>\n\n\n\n<p class=\"has-text-align-center\">A m\u00e9s, es realitzar\u00e0 la <strong>caracteritzaci\u00f3 ecol\u00f2gica<\/strong> de l&#8217;espai, tant a la <strong>zona litoral<\/strong> de l&#8217;<strong>Espai Mar\u00ed de les Costes del Garraf<\/strong> (30-50 m), on es duu a terme la pesca artesanal i d&#8217;encerclament, com a la <strong>plataforma i els canyons de l&#8217;Espai Mar\u00ed del Baix Llobregat-Garraf,<\/strong> on es desenvolupa la pesca d&#8217;arrossegament. Aix\u00f2 permetr\u00e0 fer un diagn\u00f2stic de salut d&#8217;aquests ecosistemes.<\/p>\n\n\n\n<p class=\"has-text-align-center\">Aquesta informaci\u00f3 es complementar\u00e0 amb l&#8217;elaboraci\u00f3 de <strong>mapes d&#8217;h\u00e0bitats i usos<\/strong>, que seran \u00fatils per planificar mesures destinades a reduir l&#8217;impacte negatiu de les activitats pesqueres i minimitzar les captures accidentals d&#8217;esp\u00e8cies marines.<\/p>\n\n\n\n<div class=\"wp-block-group alignwide\"><div class=\"wp-block-group__inner-container is-layout-constrained wp-block-group-is-layout-constrained\">\n<div class=\"wp-block-columns is-layout-flex wp-container-core-columns-is-layout-9d6595d7 wp-block-columns-is-layout-flex\">\n<div class=\"wp-block-column is-layout-flow wp-block-column-is-layout-flow\" style=\"flex-basis:100%\">\n<div class=\"wp-block-buttons is-layout-flex wp-block-buttons-is-layout-flex\">\n<div class=\"wp-block-button\"><a class=\"wp-block-button__link wp-element-button\" href=\"#marc-de-treball\">Marc de treball<\/a><\/div>\n\n\n\n<div class=\"wp-block-button\"><a class=\"wp-block-button__link wp-element-button\" href=\"#mostreig-bord\">mostrejos a bord<\/a><\/div>\n\n\n\n<div class=\"wp-block-button\"><a class=\"wp-block-button__link wp-element-button\">al laboratori<\/a><\/div>\n<\/div>\n<\/div>\n<\/div>\n<\/div><\/div>\n\n\n\n<h2 class=\"wp-block-heading\" id=\"marc-de-treball\"><strong>Establiment d\u2019un marc de treball <\/strong><\/h2>\n\n\n\n<div class=\"wp-block-group is-nowrap is-layout-flex wp-container-core-group-is-layout-ad2f72ca wp-block-group-is-layout-flex\">\n<div class=\"wp-block-columns is-layout-flex wp-container-core-columns-is-layout-9d6595d7 wp-block-columns-is-layout-flex\">\n<div class=\"wp-block-column is-vertically-aligned-center is-layout-flow wp-block-column-is-layout-flow\" style=\"flex-basis:50%\">\n<p>\u00c9s essencial treballar conjuntament amb el sector pesquer.<\/p>\n\n\n\n<p>Es crear\u00e0 un <strong>comit\u00e8 de treball<\/strong> amb administracions i confraries de pescadors.<\/p>\n<\/div>\n\n\n\n<div class=\"wp-block-column is-layout-flow wp-block-column-is-layout-flow\" style=\"flex-basis:50%\"><div class=\"wp-block-image is-style-rounded\">\n<figure class=\"aligncenter\"><img loading=\"lazy\" decoding=\"async\" width=\"1024\" height=\"768\" src=\"https:\/\/webs.uab.cat\/garraf-en-mar\/wp-content\/uploads\/sites\/593\/2025\/02\/Foto_reunion_20241112-1024x768.jpeg\" alt=\"\" class=\"wp-image-141\" srcset=\"https:\/\/webs.uab.cat\/garraf-en-mar\/wp-content\/uploads\/sites\/593\/2025\/02\/Foto_reunion_20241112-1024x768.jpeg 1024w, https:\/\/webs.uab.cat\/garraf-en-mar\/wp-content\/uploads\/sites\/593\/2025\/02\/Foto_reunion_20241112-300x225.jpeg 300w, https:\/\/webs.uab.cat\/garraf-en-mar\/wp-content\/uploads\/sites\/593\/2025\/02\/Foto_reunion_20241112-768x576.jpeg 768w, https:\/\/webs.uab.cat\/garraf-en-mar\/wp-content\/uploads\/sites\/593\/2025\/02\/Foto_reunion_20241112-1536x1153.jpeg 1536w, https:\/\/webs.uab.cat\/garraf-en-mar\/wp-content\/uploads\/sites\/593\/2025\/02\/Foto_reunion_20241112-1200x901.jpeg 1200w, https:\/\/webs.uab.cat\/garraf-en-mar\/wp-content\/uploads\/sites\/593\/2025\/02\/Foto_reunion_20241112.jpeg 1599w\" sizes=\"auto, (max-width: 1024px) 100vw, 1024px\" \/><figcaption class=\"wp-element-caption\">Reuni\u00f3 amb membres de la Confraria de Vilanova i la Geltr\u00fa<\/figcaption><\/figure>\n<\/div><\/div>\n<\/div>\n<\/div>\n\n\n\n<h2 class=\"wp-block-heading\" id=\"mostreig-bord\"><strong>Mostreig a bord d&#8217;embarcacions de pesca artesanal<\/strong><\/h2>\n\n\n\n<ul class=\"wp-block-list\">\n<li>Disseny de la zona d\u2019exploraci\u00f3 amb el sector pesquer artesanal.<\/li>\n\n\n\n<li>Selecci\u00f3 de <strong>15 punts de mostreig<\/strong> i de <strong>dues esp\u00e8cies objectiu<\/strong> (A2.1).<\/li>\n\n\n\n<li><strong>Identificaci\u00f3 i quantificaci\u00f3<\/strong> <em>in situ<\/em> de la pesca comercial (A3.1).<\/li>\n\n\n\n<li><strong>Recollida de mostres<\/strong> no comercials per a an\u00e0lisi en laboratori (A3.1).<\/li>\n\n\n\n<li><strong>Mostreig ambiental<\/strong> (temperatura, salinitat, profunditat) amb CTD (A3.3).<\/li>\n\n\n\n<li><strong>Recollida de sediments<\/strong> (5L) amb draga Van-Veen per estudiar macrofauna (A3.2).<\/li>\n<\/ul>\n\n\n\n<p><\/p>\n\n\n\n<ul class=\"wp-block-list\">\n<li><\/li>\n<\/ul>\n","protected":false},"excerpt":{"rendered":"<p>El projecte pret\u00e9n avaluar l&#8217;estat de salut de les principals esp\u00e8cies d&#8217;inter\u00e8s per al sector pesquer (artesanal, encerclament i arrossegament), analitzant els nivells dels principals impactes (micropl\u00e0stics i metalls), el seu potencial efecte en la salut de les esp\u00e8cies i les possibles implicacions per a la seguretat aliment\u00e0ria (per exemple, par\u00e0sits zoon\u00f2tics). A m\u00e9s, es [&hellip;]<\/p>\n","protected":false},"author":149,"featured_media":0,"parent":0,"menu_order":3,"comment_status":"closed","ping_status":"closed","template":"","meta":{"footnotes":""},"class_list":["post-20","page","type-page","status-publish","hentry"],"_links":{"self":[{"href":"https:\/\/webs.uab.cat\/garraf-en-mar\/wp-json\/wp\/v2\/pages\/20","targetHints":{"allow":["GET"]}}],"collection":[{"href":"https:\/\/webs.uab.cat\/garraf-en-mar\/wp-json\/wp\/v2\/pages"}],"about":[{"href":"https:\/\/webs.uab.cat\/garraf-en-mar\/wp-json\/wp\/v2\/types\/page"}],"author":[{"embeddable":true,"href":"https:\/\/webs.uab.cat\/garraf-en-mar\/wp-json\/wp\/v2\/users\/149"}],"replies":[{"embeddable":true,"href":"https:\/\/webs.uab.cat\/garraf-en-mar\/wp-json\/wp\/v2\/comments?post=20"}],"version-history":[{"count":9,"href":"https:\/\/webs.uab.cat\/garraf-en-mar\/wp-json\/wp\/v2\/pages\/20\/revisions"}],"predecessor-version":[{"id":179,"href":"https:\/\/webs.uab.cat\/garraf-en-mar\/wp-json\/wp\/v2\/pages\/20\/revisions\/179"}],"wp:attachment":[{"href":"https:\/\/webs.uab.cat\/garraf-en-mar\/wp-json\/wp\/v2\/media?parent=20"}],"curies":[{"name":"wp","href":"https:\/\/api.w.org\/{rel}","templated":true}]}}