{"id":77,"date":"2025-02-17T15:11:17","date_gmt":"2025-02-17T13:11:17","guid":{"rendered":"https:\/\/webs.uab.cat\/garraf-en-mar\/?page_id=77"},"modified":"2025-02-24T14:57:04","modified_gmt":"2025-02-24T12:57:04","slug":"noticies","status":"publish","type":"page","link":"https:\/\/webs.uab.cat\/garraf-en-mar\/divulgacio\/noticies\/","title":{"rendered":"Not\u00edcies"},"content":{"rendered":"\n<div class=\"wp-block-group\"><div class=\"wp-block-group__inner-container is-layout-constrained wp-block-group-is-layout-constrained\">\n<div class=\"wp-block-columns is-layout-flex wp-container-core-columns-is-layout-9d6595d7 wp-block-columns-is-layout-flex\">\n<div class=\"wp-block-column is-layout-flow wp-block-column-is-layout-flow\" style=\"flex-basis:100%\"><ul class=\"wp-block-latest-posts__list has-dates aligncenter wp-block-latest-posts\"><li><div class=\"wp-block-latest-posts__featured-image aligncenter\"><img loading=\"lazy\" decoding=\"async\" width=\"300\" height=\"104\" src=\"https:\/\/webs.uab.cat\/garraf-en-mar\/wp-content\/uploads\/sites\/593\/2025\/02\/IMG_6957_20250124-1-scaled-e1740399877955-300x104.jpg\" class=\"attachment-medium size-medium wp-post-image\" alt=\"\" style=\"\" srcset=\"https:\/\/webs.uab.cat\/garraf-en-mar\/wp-content\/uploads\/sites\/593\/2025\/02\/IMG_6957_20250124-1-scaled-e1740399877955-300x104.jpg 300w, https:\/\/webs.uab.cat\/garraf-en-mar\/wp-content\/uploads\/sites\/593\/2025\/02\/IMG_6957_20250124-1-scaled-e1740399877955-1024x356.jpg 1024w, https:\/\/webs.uab.cat\/garraf-en-mar\/wp-content\/uploads\/sites\/593\/2025\/02\/IMG_6957_20250124-1-scaled-e1740399877955-768x267.jpg 768w, https:\/\/webs.uab.cat\/garraf-en-mar\/wp-content\/uploads\/sites\/593\/2025\/02\/IMG_6957_20250124-1-scaled-e1740399877955-1536x534.jpg 1536w, https:\/\/webs.uab.cat\/garraf-en-mar\/wp-content\/uploads\/sites\/593\/2025\/02\/IMG_6957_20250124-1-scaled-e1740399877955-2048x712.jpg 2048w, https:\/\/webs.uab.cat\/garraf-en-mar\/wp-content\/uploads\/sites\/593\/2025\/02\/IMG_6957_20250124-1-scaled-e1740399877955-1200x417.jpg 1200w, https:\/\/webs.uab.cat\/garraf-en-mar\/wp-content\/uploads\/sites\/593\/2025\/02\/IMG_6957_20250124-1-scaled-e1740399877955-1980x689.jpg 1980w\" sizes=\"auto, (max-width: 300px) 100vw, 300px\" \/><\/div><a class=\"wp-block-latest-posts__post-title\" href=\"https:\/\/webs.uab.cat\/garraf-en-mar\/2025\/01\/25\/quimera\/\">Quimera!<\/a><time datetime=\"2025-01-25T14:56:51+02:00\" class=\"wp-block-latest-posts__post-date\">25 de gener de 2025<\/time><div class=\"wp-block-latest-posts__post-excerpt\">Hem trobat una quimera espectacular! S\u00f3n uns dinosaures vivents de les profunditats, un condricti molt primiu anterior evolutivament als taurons. Us presentem la Chimaera monstrosa<\/div><\/li>\n<li><div class=\"wp-block-latest-posts__featured-image aligncenter\"><img loading=\"lazy\" decoding=\"async\" width=\"300\" height=\"225\" src=\"https:\/\/webs.uab.cat\/garraf-en-mar\/wp-content\/uploads\/sites\/593\/2025\/02\/IMG-20250122-WA0059-1-300x225.jpg\" class=\"attachment-medium size-medium wp-post-image\" alt=\"\" style=\"\" srcset=\"https:\/\/webs.uab.cat\/garraf-en-mar\/wp-content\/uploads\/sites\/593\/2025\/02\/IMG-20250122-WA0059-1-300x225.jpg 300w, https:\/\/webs.uab.cat\/garraf-en-mar\/wp-content\/uploads\/sites\/593\/2025\/02\/IMG-20250122-WA0059-1-1024x768.jpg 1024w, https:\/\/webs.uab.cat\/garraf-en-mar\/wp-content\/uploads\/sites\/593\/2025\/02\/IMG-20250122-WA0059-1-768x576.jpg 768w, https:\/\/webs.uab.cat\/garraf-en-mar\/wp-content\/uploads\/sites\/593\/2025\/02\/IMG-20250122-WA0059-1-1536x1152.jpg 1536w, https:\/\/webs.uab.cat\/garraf-en-mar\/wp-content\/uploads\/sites\/593\/2025\/02\/IMG-20250122-WA0059-1-1200x900.jpg 1200w, https:\/\/webs.uab.cat\/garraf-en-mar\/wp-content\/uploads\/sites\/593\/2025\/02\/IMG-20250122-WA0059-1.jpg 1600w\" sizes=\"auto, (max-width: 300px) 100vw, 300px\" \/><\/div><a class=\"wp-block-latest-posts__post-title\" href=\"https:\/\/webs.uab.cat\/garraf-en-mar\/2025\/01\/21\/comenca-el-mostreig-amb-bous\/\">Comen\u00e7a el mostreig amb bous<\/a><time datetime=\"2025-01-21T14:33:27+02:00\" class=\"wp-block-latest-posts__post-date\">21 de gener de 2025<\/time><div class=\"wp-block-latest-posts__post-excerpt\">La setmana del 21 de gener vam estar mostrejant gr\u00e0cies a l&#8217;amabilitat dels pescadors de la barca Toni 2, de Vilanova i la Geltr\u00fa. En Rub\u00e9n, l&#8217;Abel, en Txiqui i en Carlos es van cuidar molt!<\/div><\/li>\n<li><div class=\"wp-block-latest-posts__featured-image aligncenter\"><img loading=\"lazy\" decoding=\"async\" width=\"225\" height=\"300\" src=\"https:\/\/webs.uab.cat\/garraf-en-mar\/wp-content\/uploads\/sites\/593\/2025\/02\/L02M1_Oriol_20241217-225x300.jpeg\" class=\"attachment-medium size-medium wp-post-image\" alt=\"\" style=\"\" srcset=\"https:\/\/webs.uab.cat\/garraf-en-mar\/wp-content\/uploads\/sites\/593\/2025\/02\/L02M1_Oriol_20241217-225x300.jpeg 225w, https:\/\/webs.uab.cat\/garraf-en-mar\/wp-content\/uploads\/sites\/593\/2025\/02\/L02M1_Oriol_20241217-768x1023.jpeg 768w, https:\/\/webs.uab.cat\/garraf-en-mar\/wp-content\/uploads\/sites\/593\/2025\/02\/L02M1_Oriol_20241217-1153x1536.jpeg 1153w, https:\/\/webs.uab.cat\/garraf-en-mar\/wp-content\/uploads\/sites\/593\/2025\/02\/L02M1_Oriol_20241217.jpeg 1200w\" sizes=\"auto, (max-width: 225px) 100vw, 225px\" \/><\/div><a class=\"wp-block-latest-posts__post-title\" href=\"https:\/\/webs.uab.cat\/garraf-en-mar\/2024\/12\/20\/comenca-el-mostreig-amb-pescadors-artesanals\/\">Comen\u00e7a el mostreig amb pescadors artesanals<\/a><time datetime=\"2024-12-20T14:30:51+02:00\" class=\"wp-block-latest-posts__post-date\">20 de desembre de 2024<\/time><div class=\"wp-block-latest-posts__post-excerpt\">El passat XX ens vam embarcar amb l&#8217;Andreu, el patr\u00f3 major de la barca Avi Barrineta, del port de Vilanova i la Geltr\u00fa. Gr\u00e0cies Andreu!<\/div><\/li>\n<li><div class=\"wp-block-latest-posts__featured-image aligncenter\"><img loading=\"lazy\" decoding=\"async\" width=\"300\" height=\"300\" src=\"https:\/\/webs.uab.cat\/garraf-en-mar\/wp-content\/uploads\/sites\/593\/2025\/02\/cropped-logo_Garraf_v2-03-2-300x300.png\" class=\"attachment-medium size-medium wp-post-image\" alt=\"\" style=\"\" srcset=\"https:\/\/webs.uab.cat\/garraf-en-mar\/wp-content\/uploads\/sites\/593\/2025\/02\/cropped-logo_Garraf_v2-03-2-300x300.png 300w, https:\/\/webs.uab.cat\/garraf-en-mar\/wp-content\/uploads\/sites\/593\/2025\/02\/cropped-logo_Garraf_v2-03-2-150x150.png 150w, https:\/\/webs.uab.cat\/garraf-en-mar\/wp-content\/uploads\/sites\/593\/2025\/02\/cropped-logo_Garraf_v2-03-2-270x270.png 270w, https:\/\/webs.uab.cat\/garraf-en-mar\/wp-content\/uploads\/sites\/593\/2025\/02\/cropped-logo_Garraf_v2-03-2-192x192.png 192w, https:\/\/webs.uab.cat\/garraf-en-mar\/wp-content\/uploads\/sites\/593\/2025\/02\/cropped-logo_Garraf_v2-03-2-180x180.png 180w, https:\/\/webs.uab.cat\/garraf-en-mar\/wp-content\/uploads\/sites\/593\/2025\/02\/cropped-logo_Garraf_v2-03-2-32x32.png 32w, https:\/\/webs.uab.cat\/garraf-en-mar\/wp-content\/uploads\/sites\/593\/2025\/02\/cropped-logo_Garraf_v2-03-2.png 512w\" sizes=\"auto, (max-width: 300px) 100vw, 300px\" \/><\/div><a class=\"wp-block-latest-posts__post-title\" href=\"https:\/\/webs.uab.cat\/garraf-en-mar\/2024\/10\/09\/hola-mon\/\">Benvinguts\/des al projecte Garraf en Mar<\/a><time datetime=\"2024-10-09T13:02:46+02:00\" class=\"wp-block-latest-posts__post-date\">9 d&#8217;octubre de 2024<\/time><div class=\"wp-block-latest-posts__post-excerpt\">Avaluaci\u00f3 de l&#8217;estat de salut dels recursos pesquers i caracteritzaci\u00f3 ecol\u00f2gica de l&#8217;Espai Mar\u00ed de les Costes del Garraf i Plana del Foix, per a la creaci\u00f3 del Pla Estrat\u00e8gic de Pesca Sostenible de la zona.<\/div><\/li>\n<\/ul><\/div>\n<\/div>\n<\/div><\/div>\n","protected":false},"excerpt":{"rendered":"","protected":false},"author":149,"featured_media":0,"parent":27,"menu_order":1,"comment_status":"closed","ping_status":"closed","template":"","meta":{"footnotes":""},"class_list":["post-77","page","type-page","status-publish","hentry"],"_links":{"self":[{"href":"https:\/\/webs.uab.cat\/garraf-en-mar\/wp-json\/wp\/v2\/pages\/77","targetHints":{"allow":["GET"]}}],"collection":[{"href":"https:\/\/webs.uab.cat\/garraf-en-mar\/wp-json\/wp\/v2\/pages"}],"about":[{"href":"https:\/\/webs.uab.cat\/garraf-en-mar\/wp-json\/wp\/v2\/types\/page"}],"author":[{"embeddable":true,"href":"https:\/\/webs.uab.cat\/garraf-en-mar\/wp-json\/wp\/v2\/users\/149"}],"replies":[{"embeddable":true,"href":"https:\/\/webs.uab.cat\/garraf-en-mar\/wp-json\/wp\/v2\/comments?post=77"}],"version-history":[{"count":9,"href":"https:\/\/webs.uab.cat\/garraf-en-mar\/wp-json\/wp\/v2\/pages\/77\/revisions"}],"predecessor-version":[{"id":167,"href":"https:\/\/webs.uab.cat\/garraf-en-mar\/wp-json\/wp\/v2\/pages\/77\/revisions\/167"}],"up":[{"embeddable":true,"href":"https:\/\/webs.uab.cat\/garraf-en-mar\/wp-json\/wp\/v2\/pages\/27"}],"wp:attachment":[{"href":"https:\/\/webs.uab.cat\/garraf-en-mar\/wp-json\/wp\/v2\/media?parent=77"}],"curies":[{"name":"wp","href":"https:\/\/api.w.org\/{rel}","templated":true}]}}