{"id":13,"date":"2026-03-04T11:47:18","date_gmt":"2026-03-04T09:47:18","guid":{"rendered":"https:\/\/webs.uab.cat\/gbbe\/?page_id=13"},"modified":"2026-03-04T12:40:02","modified_gmt":"2026-03-04T10:40:02","slug":"digital-infrastructures","status":"publish","type":"page","link":"https:\/\/webs.uab.cat\/gbbe\/digital-infrastructures\/","title":{"rendered":"Digital infrastructures"},"content":{"rendered":"\n<h2 class=\"wp-block-heading\">PopLife \u2013 the Population Genomics Browser<\/h2>\n\n\n\n<p><a href=\"https:\/\/poplife.pic.es\" target=\"_blank\" rel=\"noreferrer noopener\">PopLife<\/a> is an open digital research infrastructure for the visualization and analysis of population genomic data across species. Hosted within the <a href=\"https:\/\/www.res.es\/\" target=\"_blank\" rel=\"noreferrer noopener\">Spanish Supercomputing Network<\/a> (RES) through collaboration with the <a href=\"https:\/\/www.pic.es\/\" target=\"_blank\" rel=\"noreferrer noopener\">Port d\u2019Informaci\u00f3 Cient\u00edfica<\/a> (PIC), it ensures scalability, interoperability and long-term data preservation.<\/p>\n\n\n\n<blockquote class=\"wp-block-quote is-layout-flow wp-block-quote-is-layout-flow\">\n<p>S\u00f2nia Casillas<\/p>\n<cite>ORCID: <a href=\"https:\/\/orcid.org\/0000-0001-8191-0062\">0000-0001-8191-0062<\/a> | EGRETA: <a href=\"https:\/\/portalrecerca.uab.cat\/en\/persons\/s%C3%B2nia-casillas\/\">link<\/a><\/cite><\/blockquote>\n\n\n\n<blockquote class=\"wp-block-quote is-layout-flow wp-block-quote-is-layout-flow\">\n<p>Antonio Barbadilla<\/p>\n<cite>ORCID: <a href=\"https:\/\/orcid.org\/0000-0002-0374-1475\">0000-0002-0374-1475<\/a> | EGRETA: <a href=\"https:\/\/portalrecerca.uab.cat\/en\/persons\/antoni-barbadilla-prados-4\/\">link<\/a><\/cite><\/blockquote>\n\n\n\n<div class=\"wp-block-buttons is-layout-flex wp-block-buttons-is-layout-flex\">\n<div class=\"wp-block-button\"><a class=\"wp-block-button__link wp-element-button\" href=\"https:\/\/poplife.pic.es\" target=\"_blank\" rel=\"noreferrer noopener\">POPLIFE<\/a><\/div>\n<\/div>\n\n\n\n<h2 class=\"wp-block-heading\">Other community resources<\/h2>\n\n\n\n<p>GBBE has developed and maintains multiple open-access genomic resources support researchers worldwide and reinforce FAIR and open science principles:<\/p>\n\n\n\n<blockquote class=\"wp-block-quote is-layout-flow wp-block-quote-is-layout-flow\">\n<p>S\u00f2nia Casillas<\/p>\n<cite>ORCID: <a href=\"https:\/\/orcid.org\/0000-0001-8191-0062\">0000-0001-8191-0062<\/a> | EGRETA: <a href=\"https:\/\/portalrecerca.uab.cat\/en\/persons\/s%C3%B2nia-casillas\/\">link<\/a><\/cite><\/blockquote>\n\n\n\n<blockquote class=\"wp-block-quote is-layout-flow wp-block-quote-is-layout-flow\">\n<p>Antonio Barbadilla<\/p>\n<cite>ORCID: <a href=\"https:\/\/orcid.org\/0000-0002-0374-1475\">0000-0002-0374-1475<\/a> | EGRETA: <a href=\"https:\/\/portalrecerca.uab.cat\/en\/persons\/antoni-barbadilla-prados-4\/\">link<\/a><\/cite><\/blockquote>\n\n\n\n<div class=\"wp-block-buttons is-layout-flex wp-block-buttons-is-layout-flex\">\n<div class=\"wp-block-button\"><a class=\"wp-block-button__link wp-element-button\" href=\"https:\/\/popfly.uab.cat\">POPFLY<\/a><\/div>\n\n\n\n<div class=\"wp-block-button\"><a class=\"wp-block-button__link wp-element-button\">POPHUMAN<\/a><\/div>\n\n\n\n<div class=\"wp-block-button\"><a class=\"wp-block-button__link wp-element-button\" href=\"https:\/\/pophumanscan.uab.cat\">POPHUMANSCAN<\/a><\/div>\n\n\n\n<div class=\"wp-block-button\"><a class=\"wp-block-button__link wp-element-button\" href=\"https:\/\/pophumanvar.uab.cat\">POPHUMANVAR<\/a><\/div>\n\n\n\n<div class=\"wp-block-button\"><a class=\"wp-block-button__link wp-element-button\" href=\"https:\/\/imkt.uab.cat\">iMKT<\/a><\/div>\n\n\n\n<div class=\"wp-block-button\"><a class=\"wp-block-button__link wp-element-button\" href=\"https:\/\/dest-bio2.uab.cat\">DEST2<\/a><\/div>\n<\/div>\n\n\n\n<h2 class=\"wp-block-heading\">Multi-Omics Bioinformatics Core (MBC)<\/h2>\n\n\n\n<p>Through the MBC, we provide advanced bioinformatics analysis, custom pipelines and specialized training to academic, clinical and governmental partners.<\/p>\n\n\n\n<blockquote class=\"wp-block-quote is-layout-flow wp-block-quote-is-layout-flow\">\n<p>Antonio Barbadilla<\/p>\n<cite>ORCID: <a href=\"https:\/\/orcid.org\/0000-0002-0374-1475\">0000-0002-0374-1475<\/a> | EGRETA: <a href=\"https:\/\/portalrecerca.uab.cat\/en\/persons\/antoni-barbadilla-prados-4\/\">link<\/a><\/cite><\/blockquote>\n\n\n\n<blockquote class=\"wp-block-quote is-layout-flow wp-block-quote-is-layout-flow\">\n<p>Jaime Mart\u00ednez-Urtaza<\/p>\n<cite>ORCID: <a href=\"https:\/\/orcid.org\/0000-0001-6219-0418\">0000-0001-6219-0418<\/a> | EGRETA: <a href=\"https:\/\/portalrecerca.uab.cat\/en\/persons\/jaime-luis-martinez-urtaza\/\">link<\/a><\/cite><\/blockquote>\n\n\n\n<div class=\"wp-block-buttons is-layout-flex wp-block-buttons-is-layout-flex\">\n<div class=\"wp-block-button\"><a class=\"wp-block-button__link wp-element-button\" href=\"https:\/\/webs.uab.cat\/gbbe\/multi-omics-bioinformatics-core-facility\/\">MBC<\/a><\/div>\n<\/div>\n","protected":false},"excerpt":{"rendered":"<p>PopLife \u2013 the Population Genomics Browser PopLife is an open digital research infrastructure for the visualization and analysis of population genomic data across species. Hosted within the Spanish Supercomputing Network (RES) through collaboration with the Port d\u2019Informaci\u00f3 Cient\u00edfica (PIC), it ensures scalability, interoperability and long-term data preservation. S\u00f2nia Casillas ORCID: 0000-0001-8191-0062 | EGRETA: link Antonio [&hellip;]<\/p>\n","protected":false},"author":563,"featured_media":0,"parent":0,"menu_order":0,"comment_status":"closed","ping_status":"closed","template":"","meta":{"footnotes":""},"class_list":["post-13","page","type-page","status-publish","hentry"],"_links":{"self":[{"href":"https:\/\/webs.uab.cat\/gbbe\/wp-json\/wp\/v2\/pages\/13","targetHints":{"allow":["GET"]}}],"collection":[{"href":"https:\/\/webs.uab.cat\/gbbe\/wp-json\/wp\/v2\/pages"}],"about":[{"href":"https:\/\/webs.uab.cat\/gbbe\/wp-json\/wp\/v2\/types\/page"}],"author":[{"embeddable":true,"href":"https:\/\/webs.uab.cat\/gbbe\/wp-json\/wp\/v2\/users\/563"}],"replies":[{"embeddable":true,"href":"https:\/\/webs.uab.cat\/gbbe\/wp-json\/wp\/v2\/comments?post=13"}],"version-history":[{"count":5,"href":"https:\/\/webs.uab.cat\/gbbe\/wp-json\/wp\/v2\/pages\/13\/revisions"}],"predecessor-version":[{"id":48,"href":"https:\/\/webs.uab.cat\/gbbe\/wp-json\/wp\/v2\/pages\/13\/revisions\/48"}],"wp:attachment":[{"href":"https:\/\/webs.uab.cat\/gbbe\/wp-json\/wp\/v2\/media?parent=13"}],"curies":[{"name":"wp","href":"https:\/\/api.w.org\/{rel}","templated":true}]}}