{"id":15,"date":"2026-03-04T11:55:54","date_gmt":"2026-03-04T09:55:54","guid":{"rendered":"https:\/\/webs.uab.cat\/gbbe\/?page_id=15"},"modified":"2026-03-04T12:39:26","modified_gmt":"2026-03-04T10:39:26","slug":"impact-society","status":"publish","type":"page","link":"https:\/\/webs.uab.cat\/gbbe\/impact-society\/","title":{"rendered":"Impact &amp; Society"},"content":{"rendered":"\n<h2 class=\"wp-block-heading\">Global health and climate governance<\/h2>\n\n\n\n<p>A central impact pathway is the continued scientific contribution to the <a href=\"https:\/\/lancetcountdown.org\/\" target=\"_blank\" rel=\"noreferrer noopener\">Lancet Countdown on Health and Climate Change<\/a> annually since 2018. By assessing climate suitability for <a href=\"https:\/\/lancetcountdown.org\/explore-our-data\/\" target=\"_blank\" rel=\"noreferrer noopener\">Vibrio transmission<\/a>, the group provides genomic and epidemiological evidence incorporated into a major global health policy report.<\/p>\n\n\n\n<blockquote class=\"wp-block-quote is-layout-flow wp-block-quote-is-layout-flow\">\n<p>Jaime Mart\u00ednez-Urtaza<\/p>\n<cite>ORCID: <a href=\"https:\/\/orcid.org\/0000-0001-6219-0418\" target=\"_blank\" rel=\"noreferrer noopener\">0000-0001-6219-0418<\/a> | EGRETA: <a href=\"https:\/\/portalrecerca.uab.cat\/en\/persons\/jaime-luis-martinez-urtaza\/\" target=\"_blank\" rel=\"noreferrer noopener\">link<\/a><\/cite><\/blockquote>\n\n\n\n<h2 class=\"wp-block-heading\">Biodiversity conservation and marine ecosystem resilience<\/h2>\n\n\n\n<p>Research on temperature-dependent sex determination (TSD) in the loggerhead turtle will generate a genomic baseline and minimally invasive epigenetic biomarkers for sex and age determination, supporting conservation programs, nesting beach monitoring and wildlife recovery centers. Collaboration with <a href=\"https:\/\/fundacionoceanografic.org\/\" target=\"_blank\" rel=\"noreferrer noopener\">Fundaci\u00f3 Oceanogr\u00e0fic de Val\u00e8ncia<\/a> and <a href=\"https:\/\/cram.org\/\" target=\"_blank\" rel=\"noreferrer noopener\">Fundaci\u00f3 Centre de Recuperaci\u00f3 d\u2019Animals Marins<\/a> (CRAM) will facilitate sampling and knowledge transfer. In parallel, research on non-model keystone organisms with reference genomes will advance understanding on population genomics, genome architecture and adaptation.<\/p>\n\n\n\n<blockquote class=\"wp-block-quote is-layout-flow wp-block-quote-is-layout-flow\">\n<p>Cinta Pegueroles<\/p>\n<cite>ORCID: <a href=\"https:\/\/orcid.org\/0000-0003-0701-9866\" target=\"_blank\" rel=\"noreferrer noopener\">0000-0003-0701-9866<\/a> | EGRETA: <a href=\"https:\/\/portalrecerca.uab.cat\/en\/persons\/maria-cinta-pegueroles-queralt\/\" target=\"_blank\" rel=\"noreferrer noopener\">link<\/a><\/cite><\/blockquote>\n\n\n\n<h2 class=\"wp-block-heading\">Precision medicine and rare disease diagnosis<\/h2>\n\n\n\n<p>The implementation of long-read\u2013based structural variant analysis will increase diagnostic yield in patients with neuromuscular disorders lacking molecular diagnosis, in collaboration with the <a href=\"https:\/\/www.recercasantpau.cat\/\" target=\"_blank\" rel=\"noreferrer noopener\">Hospital Sant Pau Research Institute<\/a>. By improving detection of complex structural variants, underdiagnosed in standard clinical workflows, this strategy enhances diagnostic resolution, prognosis, eligibility for targeted therapies and genetic counselling. In the long term, the approach is transferable to other genetic diseases.<\/p>\n\n\n\n<blockquote class=\"wp-block-quote is-layout-flow wp-block-quote-is-layout-flow\">\n<p>Marta Puig<\/p>\n<cite>ORCID: <a href=\"https:\/\/orcid.org\/0000-0002-4439-6372\" target=\"_blank\" rel=\"noreferrer noopener\">0000-0002-4439-6372<\/a> | EGRETA: <a href=\"https:\/\/portalrecerca.uab.cat\/en\/persons\/marta-puig-font-7\/\" target=\"_blank\" rel=\"noreferrer noopener\">link<\/a><\/cite><\/blockquote>\n\n\n\n<h2 class=\"wp-block-heading\">Open digital genomic infrastructure<\/h2>\n\n\n\n<p>The development and long-term deployment of the <a href=\"https:\/\/poplife.pic.es\" target=\"_blank\" rel=\"noreferrer noopener\">PopLife<\/a> population genomics browser constitutes a structural impact for the scientific community. In strategic collaboration with the <a href=\"https:\/\/pic.es\" target=\"_blank\" rel=\"noreferrer noopener\">Port d\u2019Informaci\u00f3 Cient\u00edfica<\/a> (PIC, RES node), and supported by a competitive five-year data allocation, PopLife is hosted within national high-performance computing facilities, ensuring scalability, interoperability and long-term preservation. By integrating multiple genomic resources into a unified FAIR-compliant platform, PopLife strengthens open science practices and provides sustainable bioinformatic infrastructure beyond individual projects.<\/p>\n\n\n\n<blockquote class=\"wp-block-quote is-layout-flow wp-block-quote-is-layout-flow\">\n<p>S\u00f2nia Casillas<\/p>\n<cite>ORCID: <a href=\"https:\/\/orcid.org\/0000-0001-8191-0062\" target=\"_blank\" rel=\"noreferrer noopener\">0000-0001-8191-0062<\/a> | EGRETA: <a href=\"https:\/\/portalrecerca.uab.cat\/en\/persons\/s%C3%B2nia-casillas\/\" target=\"_blank\" rel=\"noreferrer noopener\">link<\/a><\/cite><\/blockquote>\n\n\n\n<blockquote class=\"wp-block-quote is-layout-flow wp-block-quote-is-layout-flow\">\n<p>Antonio Barbadilla<\/p>\n<cite>ORCID: <a href=\"https:\/\/orcid.org\/0000-0002-0374-1475\" target=\"_blank\" rel=\"noreferrer noopener\">0000-0002-0374-1475<\/a> | EGRETA: <a href=\"https:\/\/portalrecerca.uab.cat\/en\/persons\/antoni-barbadilla-prados-4\/\" target=\"_blank\" rel=\"noreferrer noopener\">link<\/a><\/cite><\/blockquote>\n\n\n\n<h2 class=\"wp-block-heading\">Citizen science and co-production of research<\/h2>\n\n\n\n<p>Through FECYT-funded citizen science projects (2019\u20132026), particularly \u201c<a href=\"https:\/\/melanogaster.eu\/\" target=\"_blank\" rel=\"noreferrer noopener\">Melanogaster: Catch the Fly<\/a>\u201d, secondary school students contribute directly to international population genomics research (DrosEU), from field sampling to genomic annotation and AI-based tools. This model moves beyond outreach toward genuine co-production of scientific knowledge, fostering scientific literacy early engagement in research.<\/p>\n\n\n\n<blockquote class=\"wp-block-quote is-layout-flow wp-block-quote-is-layout-flow\">\n<p>S\u00f2nia Casillas<\/p>\n<cite>ORCID: <a href=\"https:\/\/orcid.org\/0000-0001-8191-0062\" target=\"_blank\" rel=\"noreferrer noopener\">0000-0001-8191-0062<\/a> | EGRETA: <a href=\"https:\/\/portalrecerca.uab.cat\/en\/persons\/s%C3%B2nia-casillas\/\" target=\"_blank\" rel=\"noreferrer noopener\">link<\/a><\/cite><\/blockquote>\n\n\n\n<h2 class=\"wp-block-heading\">Educational innovation and global engagement<\/h2>\n\n\n\n<p>Through <a href=\"https:\/\/phylogenome.omicsuab.org\/phylogenomecoil\/\" target=\"_blank\" rel=\"noreferrer noopener\">PhyloGenomeCOIL<\/a> and <a href=\"https:\/\/webs.uab.cat\/coil\/\" target=\"_blank\" rel=\"noreferrer noopener\">COIL@UAB<\/a> (UAB-funded, 2025\u20132028), biodiversity conservation and evolutionary genomics are integrated into Collaborative Online International Learning with universities in the Global South. Based on the co-creation model of <a href=\"https:\/\/phylogenome.omicsuab.org\/\" target=\"_blank\" rel=\"noreferrer noopener\">PhyloGenome<\/a> (UAB-funded 2024-2025), these initiatives aim to consolidate a sustainable, research-based international educational network over the next decade.<\/p>\n\n\n\n<blockquote class=\"wp-block-quote is-layout-flow wp-block-quote-is-layout-flow\">\n<p>S\u00f2nia Casillas<\/p>\n<cite>ORCID: <a href=\"https:\/\/orcid.org\/0000-0001-8191-0062\" target=\"_blank\" rel=\"noreferrer noopener\">0000-0001-8191-0062<\/a> | EGRETA: <a href=\"https:\/\/portalrecerca.uab.cat\/en\/persons\/s%C3%B2nia-casillas\/\" target=\"_blank\" rel=\"noreferrer noopener\">link<\/a><\/cite><\/blockquote>\n","protected":false},"excerpt":{"rendered":"<p>Global health and climate governance A central impact pathway is the continued scientific contribution to the Lancet Countdown on Health and Climate Change annually since 2018. By assessing climate suitability for Vibrio transmission, the group provides genomic and epidemiological evidence incorporated into a major global health policy report. Jaime Mart\u00ednez-Urtaza ORCID: 0000-0001-6219-0418 | EGRETA: link [&hellip;]<\/p>\n","protected":false},"author":563,"featured_media":0,"parent":0,"menu_order":0,"comment_status":"closed","ping_status":"closed","template":"","meta":{"footnotes":""},"class_list":["post-15","page","type-page","status-publish","hentry"],"_links":{"self":[{"href":"https:\/\/webs.uab.cat\/gbbe\/wp-json\/wp\/v2\/pages\/15","targetHints":{"allow":["GET"]}}],"collection":[{"href":"https:\/\/webs.uab.cat\/gbbe\/wp-json\/wp\/v2\/pages"}],"about":[{"href":"https:\/\/webs.uab.cat\/gbbe\/wp-json\/wp\/v2\/types\/page"}],"author":[{"embeddable":true,"href":"https:\/\/webs.uab.cat\/gbbe\/wp-json\/wp\/v2\/users\/563"}],"replies":[{"embeddable":true,"href":"https:\/\/webs.uab.cat\/gbbe\/wp-json\/wp\/v2\/comments?post=15"}],"version-history":[{"count":4,"href":"https:\/\/webs.uab.cat\/gbbe\/wp-json\/wp\/v2\/pages\/15\/revisions"}],"predecessor-version":[{"id":46,"href":"https:\/\/webs.uab.cat\/gbbe\/wp-json\/wp\/v2\/pages\/15\/revisions\/46"}],"wp:attachment":[{"href":"https:\/\/webs.uab.cat\/gbbe\/wp-json\/wp\/v2\/media?parent=15"}],"curies":[{"name":"wp","href":"https:\/\/api.w.org\/{rel}","templated":true}]}}