{"id":158,"date":"2009-05-25T13:07:54","date_gmt":"2009-05-25T11:07:54","guid":{"rendered":"https:\/\/webs.uab.cat\/gbml\/inici\/"},"modified":"2025-02-09T19:42:18","modified_gmt":"2025-02-09T17:42:18","slug":"inici","status":"publish","type":"page","link":"https:\/\/webs.uab.cat\/gbml\/ca\/","title":{"rendered":"Inici"},"content":{"rendered":"\n<p>El nostre grup est\u00e0 interessat en diversos temes relacionats amb la bioqu\u00edmica, la biologia molecular i la gen\u00f2mica de llevats, principalment\u00a0Saccharomyces cerevisiae\u00a0i\u00a0Komagataella phaffii\u00a0(abans coneguda com\u00a0Pichia\u00a0pastoris), concretament aquells que estan relacionats amb la senyalitzaci\u00f3 cel\u00b7lular mitjan\u00e7ant esdeveniments de fosfo-desfosforilaci\u00f3 de prote\u00efnes. Amb aquesta finalitat, investiguem els mecanismes moleculars subjacents a les respostes a l&#8217;estr\u00e8s, tant a nivell transcripcional com traduccional, i com es poden aprofitar aquests mecanismes per desenvolupar noves plataformes d&#8217;expressi\u00f3 de prote\u00efnes d&#8217;inter\u00e8s industrial o biom\u00e8dic.<\/p>\n\n\n<div class=\"wp-block-image\">\n<figure class=\"aligncenter\"><img loading=\"lazy\" decoding=\"async\" width=\"305\" height=\"255\" src=\"https:\/\/webs.uab.cat\/gbml\/wp-content\/uploads\/sites\/285\/2009\/05\/fotos-poster-IBB-1.png\" alt=\"fotos poster IBB 1.png\" class=\"wp-image-155\" srcset=\"https:\/\/webs.uab.cat\/gbml\/wp-content\/uploads\/sites\/285\/2009\/05\/fotos-poster-IBB-1.png 305w, https:\/\/webs.uab.cat\/gbml\/wp-content\/uploads\/sites\/285\/2009\/05\/fotos-poster-IBB-1-300x251.png 300w\" sizes=\"auto, (max-width: 305px) 100vw, 305px\" \/><\/figure>\n<\/div>\n\n\n<hr class=\"wp-block-separator has-alpha-channel-opacity\" \/>\n","protected":false},"excerpt":{"rendered":"<p>El nostre grup est\u00e0 interessat en diversos temes relacionats amb la bioqu\u00edmica, la biologia molecular i la gen\u00f2mica de llevats, principalment\u00a0Saccharomyces cerevisiae\u00a0i\u00a0Komagataella phaffii\u00a0(abans coneguda com\u00a0Pichia\u00a0pastoris), concretament aquells que estan relacionats amb la senyalitzaci\u00f3 cel\u00b7lular mitjan\u00e7ant esdeveniments de fosfo-desfosforilaci\u00f3 de prote\u00efnes. Amb aquesta finalitat, investiguem els mecanismes moleculars subjacents a les respostes a l&#8217;estr\u00e8s, tant a [&hellip;]<\/p>\n","protected":false},"author":20,"featured_media":0,"parent":0,"menu_order":0,"comment_status":"closed","ping_status":"closed","template":"","meta":{"footnotes":""},"class_list":["post-158","page","type-page","status-publish","hentry"],"_links":{"self":[{"href":"https:\/\/webs.uab.cat\/gbml\/ca\/wp-json\/wp\/v2\/pages\/158","targetHints":{"allow":["GET"]}}],"collection":[{"href":"https:\/\/webs.uab.cat\/gbml\/ca\/wp-json\/wp\/v2\/pages"}],"about":[{"href":"https:\/\/webs.uab.cat\/gbml\/ca\/wp-json\/wp\/v2\/types\/page"}],"author":[{"embeddable":true,"href":"https:\/\/webs.uab.cat\/gbml\/ca\/wp-json\/wp\/v2\/users\/20"}],"replies":[{"embeddable":true,"href":"https:\/\/webs.uab.cat\/gbml\/ca\/wp-json\/wp\/v2\/comments?post=158"}],"version-history":[{"count":2,"href":"https:\/\/webs.uab.cat\/gbml\/ca\/wp-json\/wp\/v2\/pages\/158\/revisions"}],"predecessor-version":[{"id":1324,"href":"https:\/\/webs.uab.cat\/gbml\/ca\/wp-json\/wp\/v2\/pages\/158\/revisions\/1324"}],"wp:attachment":[{"href":"https:\/\/webs.uab.cat\/gbml\/ca\/wp-json\/wp\/v2\/media?parent=158"}],"curies":[{"name":"wp","href":"https:\/\/api.w.org\/{rel}","templated":true}]}}