{"id":161,"date":"2009-05-25T13:22:59","date_gmt":"2009-05-25T11:22:59","guid":{"rendered":"https:\/\/webs.uab.cat\/gbml\/serveis\/"},"modified":"2009-05-25T13:22:59","modified_gmt":"2009-05-25T11:22:59","slug":"serveis","status":"publish","type":"page","link":"https:\/\/webs.uab.cat\/gbml\/ca\/serveis\/","title":{"rendered":"Serveis"},"content":{"rendered":"<p>El nostre grup t\u00e9 la responsabilitat cient\u00edfica del <a href=\"http:\/\/serveis.uab.cat\/genomica\/\" target=\"_blank\" rel=\"noopener\"><strong>Servei de Gen\u00f2mica (SG)<\/strong><\/a> de la UAB. Com podreu veure al seu web, els serveis principals s\u00f3n:<\/p>\n<ol>\n<li>Seq\u00fcenciaci\u00f3 de DNA<\/li>\n<li>Fabricaci\u00f3 i an\u00e0lisi de microarrays<\/li>\n<li>Real-Time PCR<\/li>\n<li>Quantificaci\u00f3 amb el Nanodrop<\/li>\n<li>Lab-chip 2100 Bioanalyzer (Agilent)<\/li>\n<\/ol>\n","protected":false},"excerpt":{"rendered":"<p>El nostre grup t\u00e9 la responsabilitat cient\u00edfica del Servei de Gen\u00f2mica (SG) de la UAB. Com podreu veure al seu web, els serveis principals s\u00f3n: Seq\u00fcenciaci\u00f3 de DNA Fabricaci\u00f3 i an\u00e0lisi de microarrays Real-Time PCR Quantificaci\u00f3 amb el Nanodrop Lab-chip 2100 Bioanalyzer (Agilent)<\/p>\n","protected":false},"author":20,"featured_media":0,"parent":0,"menu_order":0,"comment_status":"closed","ping_status":"closed","template":"","meta":{"footnotes":""},"class_list":["post-161","page","type-page","status-publish","hentry"],"_links":{"self":[{"href":"https:\/\/webs.uab.cat\/gbml\/ca\/wp-json\/wp\/v2\/pages\/161","targetHints":{"allow":["GET"]}}],"collection":[{"href":"https:\/\/webs.uab.cat\/gbml\/ca\/wp-json\/wp\/v2\/pages"}],"about":[{"href":"https:\/\/webs.uab.cat\/gbml\/ca\/wp-json\/wp\/v2\/types\/page"}],"author":[{"embeddable":true,"href":"https:\/\/webs.uab.cat\/gbml\/ca\/wp-json\/wp\/v2\/users\/20"}],"replies":[{"embeddable":true,"href":"https:\/\/webs.uab.cat\/gbml\/ca\/wp-json\/wp\/v2\/comments?post=161"}],"version-history":[{"count":0,"href":"https:\/\/webs.uab.cat\/gbml\/ca\/wp-json\/wp\/v2\/pages\/161\/revisions"}],"wp:attachment":[{"href":"https:\/\/webs.uab.cat\/gbml\/ca\/wp-json\/wp\/v2\/media?parent=161"}],"curies":[{"name":"wp","href":"https:\/\/api.w.org\/{rel}","templated":true}]}}