{"id":164,"date":"2009-05-25T13:30:47","date_gmt":"2009-05-25T11:30:47","guid":{"rendered":"https:\/\/webs.uab.cat\/gbml\/qui-som\/"},"modified":"2022-11-24T10:02:04","modified_gmt":"2022-11-24T08:02:04","slug":"qui-som","status":"publish","type":"page","link":"https:\/\/webs.uab.cat\/gbml\/ca\/qui-som\/","title":{"rendered":"Qui som?"},"content":{"rendered":"\n<p>A data de Maig de&nbsp;2022, els membres del grup s\u00f3n:<\/p>\n\n\n\n<h2 class=\"wp-block-heading\"><strong>Investigadors <em>Seniors<\/em><\/strong><\/h2>\n\n\n\n<ul class=\"wp-block-list\"><li>Joaqu\u00edn Ari\u00f1o (Cap del grup) &#8211; joaquin.arino at uab.cat. Pitgeu per a consultar un resum del seu <a href=\"file\/formulario_cva_english_2021_ja.pdf\" target=\"_blank\" rel=\"noopener\">CV<\/a>.<\/li><li>Antonio Casamayor &#8211; antonio.casamayor at uab.cat<\/li><\/ul>\n\n\n\n<h2 class=\"wp-block-heading\"><strong>Investigadors post-doctorals<\/strong><\/h2>\n\n\n\n<ul class=\"wp-block-list\"><li>Marcel Albacar &#8211; Marcel.albacar at uab.cat<\/li><li>Jorge P\u00e9rez Valle Jorge.Perez.Valle at uab.cat<\/li><\/ul>\n\n\n\n<h2 class=\"wp-block-heading\"><strong>Estudiants de doctorat \/ M\u00e0ster<\/strong><\/h2>\n\n\n\n<ul class=\"wp-block-list\"><li>Abdelghani Zekhnini &#8211; Abdelghani.Zekhnini at e-campus.uab.cat<\/li><li>Carlos Santolaria &#8211; carlos.santolaria at uab.cat<\/li><li>Ant\u00f2nia Maria Bauz\u00e1 Torrens &lt;AntoniaMaria.Bauza at autonoma.cat&gt;<\/li><\/ul>\n\n\n\n<h2 class=\"wp-block-heading\"><strong>T\u00e8cnic de laboratori<\/strong><\/h2>\n\n\n\n<ul class=\"wp-block-list\"><li>Montse Robledo &#8211; montserrat.robledo at uab.cat<\/li><\/ul>\n","protected":false},"excerpt":{"rendered":"<p>A data de Maig de&nbsp;2022, els membres del grup s\u00f3n: Investigadors Seniors Joaqu\u00edn Ari\u00f1o (Cap del grup) &#8211; joaquin.arino at uab.cat. Pitgeu per a consultar un resum del seu CV. Antonio Casamayor &#8211; antonio.casamayor at uab.cat Investigadors post-doctorals Marcel Albacar &#8211; Marcel.albacar at uab.cat Jorge P\u00e9rez Valle Jorge.Perez.Valle at uab.cat Estudiants de doctorat \/ M\u00e0ster [&hellip;]<\/p>\n","protected":false},"author":20,"featured_media":0,"parent":0,"menu_order":0,"comment_status":"closed","ping_status":"closed","template":"","meta":{"footnotes":""},"class_list":["post-164","page","type-page","status-publish","hentry"],"_links":{"self":[{"href":"https:\/\/webs.uab.cat\/gbml\/ca\/wp-json\/wp\/v2\/pages\/164","targetHints":{"allow":["GET"]}}],"collection":[{"href":"https:\/\/webs.uab.cat\/gbml\/ca\/wp-json\/wp\/v2\/pages"}],"about":[{"href":"https:\/\/webs.uab.cat\/gbml\/ca\/wp-json\/wp\/v2\/types\/page"}],"author":[{"embeddable":true,"href":"https:\/\/webs.uab.cat\/gbml\/ca\/wp-json\/wp\/v2\/users\/20"}],"replies":[{"embeddable":true,"href":"https:\/\/webs.uab.cat\/gbml\/ca\/wp-json\/wp\/v2\/comments?post=164"}],"version-history":[{"count":2,"href":"https:\/\/webs.uab.cat\/gbml\/ca\/wp-json\/wp\/v2\/pages\/164\/revisions"}],"predecessor-version":[{"id":1210,"href":"https:\/\/webs.uab.cat\/gbml\/ca\/wp-json\/wp\/v2\/pages\/164\/revisions\/1210"}],"wp:attachment":[{"href":"https:\/\/webs.uab.cat\/gbml\/ca\/wp-json\/wp\/v2\/media?parent=164"}],"curies":[{"name":"wp","href":"https:\/\/api.w.org\/{rel}","templated":true}]}}