{"id":165,"date":"2009-05-25T13:31:33","date_gmt":"2009-05-25T11:31:33","guid":{"rendered":"https:\/\/webs.uab.cat\/gbml\/que-fem\/"},"modified":"2009-05-25T13:31:33","modified_gmt":"2009-05-25T11:31:33","slug":"que-fem","status":"publish","type":"page","link":"https:\/\/webs.uab.cat\/gbml\/ca\/que-fem\/","title":{"rendered":"Qu\u00e8 fem?"},"content":{"rendered":"<p>El nostre grup est\u00e0 interessat en diverses facetes de la&nbsp; bioqu\u00edmica, biologia molecular i gen\u00f2mica del llevat <em>Saccharomyces cerevisiae<\/em>,  particularment aquelles que impliquen senyalitzaci\u00f3 cel.lular  mitjan\u00e7ant processos de fosfo-desfosforilaci\u00f3. Aix\u00ed, investiguem  aspectes com l\u2019home\u00f2stasi i\u00f2nica, la resposta a diverses formes d&#8217;estr\u00e8s  o la regulaci\u00f3 del cicle cel.lular. L&#8217;objectiu final \u00e9s obtenir una  visi\u00f3 integral de la resposta del llevat a pertorbacions del seu entorn  que pugui portar tant a aprofundir en la biologia d&#8217;aquest organisme com  conduir-nos cap a noves aplicacions biotecnol\u00f2giques.<\/p>\n","protected":false},"excerpt":{"rendered":"<p>El nostre grup est\u00e0 interessat en diverses facetes de la&nbsp; bioqu\u00edmica, biologia molecular i gen\u00f2mica del llevat Saccharomyces cerevisiae, particularment aquelles que impliquen senyalitzaci\u00f3 cel.lular mitjan\u00e7ant processos de fosfo-desfosforilaci\u00f3. Aix\u00ed, investiguem aspectes com l\u2019home\u00f2stasi i\u00f2nica, la resposta a diverses formes d&#8217;estr\u00e8s o la regulaci\u00f3 del cicle cel.lular. L&#8217;objectiu final \u00e9s obtenir una visi\u00f3 integral de [&hellip;]<\/p>\n","protected":false},"author":20,"featured_media":0,"parent":0,"menu_order":0,"comment_status":"closed","ping_status":"closed","template":"","meta":{"footnotes":""},"class_list":["post-165","page","type-page","status-publish","hentry"],"_links":{"self":[{"href":"https:\/\/webs.uab.cat\/gbml\/ca\/wp-json\/wp\/v2\/pages\/165","targetHints":{"allow":["GET"]}}],"collection":[{"href":"https:\/\/webs.uab.cat\/gbml\/ca\/wp-json\/wp\/v2\/pages"}],"about":[{"href":"https:\/\/webs.uab.cat\/gbml\/ca\/wp-json\/wp\/v2\/types\/page"}],"author":[{"embeddable":true,"href":"https:\/\/webs.uab.cat\/gbml\/ca\/wp-json\/wp\/v2\/users\/20"}],"replies":[{"embeddable":true,"href":"https:\/\/webs.uab.cat\/gbml\/ca\/wp-json\/wp\/v2\/comments?post=165"}],"version-history":[{"count":0,"href":"https:\/\/webs.uab.cat\/gbml\/ca\/wp-json\/wp\/v2\/pages\/165\/revisions"}],"wp:attachment":[{"href":"https:\/\/webs.uab.cat\/gbml\/ca\/wp-json\/wp\/v2\/media?parent=165"}],"curies":[{"name":"wp","href":"https:\/\/api.w.org\/{rel}","templated":true}]}}