{"id":166,"date":"2009-05-25T13:33:55","date_gmt":"2009-05-25T11:33:55","guid":{"rendered":"https:\/\/webs.uab.cat\/gbml\/historia-del-grup\/"},"modified":"2009-05-25T13:33:55","modified_gmt":"2009-05-25T11:33:55","slug":"historia-del-grup","status":"publish","type":"page","link":"https:\/\/webs.uab.cat\/gbml\/ca\/historia-del-grup\/","title":{"rendered":"Hist\u00f2ria del grup"},"content":{"rendered":"<p>El grup es va iniciar al comen\u00e7ament dels anys 90, amb l\u2019objectiu d\u2019estudiar el control del metabolisme del glicogen en llevat per les prote\u00efnes fosfatases. Durant la primera meitat del 90 es van identificar i caracteritzar un gran nombre de Ser\/Thr fosfatases de diversos or\u00edgens (llevats, plantes, etc.), com ara Ppz1, Ppg1, diverses isoformes de PP1 i PPX,&nbsp; a m\u00e9s a m\u00e9s de participar en la seq\u00fcenciaci\u00f3 del genoma de <em>S. cerevisiae<\/em>. Degut al descobriment del paper de les&nbsp; fosfatases Ppz en la toler\u00e0ncia salina v\u00e0rem obrir una l\u00ednia de recerca en aquesta direcci\u00f3, encara activa. Des de 2000 investiguem els mecanismes de senyalitzaci\u00f3 en resposta al pH alcal\u00ed. L\u2019arribada al grup d&#8217;A.Casamayor el 2004 ha propiciat l\u2019estudi del paper de les m\u00faltiples isoformes de les fosfatases de tipus 2C en llevat i de les diverses subunitats reguladores de la fosfatasa de tipus1 en <em>S. cerevisiae<\/em>. En els \u00faltims anys portem a terme l\u2019estudi de l\u2019home\u00f2stasi de cations alcalins en llevats des de enfocaments relacionats amb la Biologia de Sistemes.<\/p>\n","protected":false},"excerpt":{"rendered":"<p>El grup es va iniciar al comen\u00e7ament dels anys 90, amb l\u2019objectiu d\u2019estudiar el control del metabolisme del glicogen en llevat per les prote\u00efnes fosfatases. Durant la primera meitat del 90 es van identificar i caracteritzar un gran nombre de Ser\/Thr fosfatases de diversos or\u00edgens (llevats, plantes, etc.), com ara Ppz1, Ppg1, diverses isoformes de [&hellip;]<\/p>\n","protected":false},"author":20,"featured_media":0,"parent":0,"menu_order":0,"comment_status":"closed","ping_status":"closed","template":"","meta":{"footnotes":""},"class_list":["post-166","page","type-page","status-publish","hentry"],"_links":{"self":[{"href":"https:\/\/webs.uab.cat\/gbml\/ca\/wp-json\/wp\/v2\/pages\/166","targetHints":{"allow":["GET"]}}],"collection":[{"href":"https:\/\/webs.uab.cat\/gbml\/ca\/wp-json\/wp\/v2\/pages"}],"about":[{"href":"https:\/\/webs.uab.cat\/gbml\/ca\/wp-json\/wp\/v2\/types\/page"}],"author":[{"embeddable":true,"href":"https:\/\/webs.uab.cat\/gbml\/ca\/wp-json\/wp\/v2\/users\/20"}],"replies":[{"embeddable":true,"href":"https:\/\/webs.uab.cat\/gbml\/ca\/wp-json\/wp\/v2\/comments?post=166"}],"version-history":[{"count":0,"href":"https:\/\/webs.uab.cat\/gbml\/ca\/wp-json\/wp\/v2\/pages\/166\/revisions"}],"wp:attachment":[{"href":"https:\/\/webs.uab.cat\/gbml\/ca\/wp-json\/wp\/v2\/media?parent=166"}],"curies":[{"name":"wp","href":"https:\/\/api.w.org\/{rel}","templated":true}]}}