{"id":172,"date":"2009-05-25T14:05:25","date_gmt":"2009-05-25T12:05:25","guid":{"rendered":"https:\/\/webs.uab.cat\/gbml\/on-som\/"},"modified":"2009-05-25T14:05:25","modified_gmt":"2009-05-25T12:05:25","slug":"on-som","status":"publish","type":"page","link":"https:\/\/webs.uab.cat\/gbml\/ca\/on-som\/","title":{"rendered":"On som?"},"content":{"rendered":"<p><strong>El nostre grup es troba al Institut de Biotecnologia i  Biomedicina (IBB), al Campus de la Universitat Aut\u00f2noma de  Barcelona.<\/strong><\/p>\n<p><strong>&nbsp;<\/strong><span class=\"inline  inline-left\"><img loading=\"lazy\" decoding=\"async\" class=\"image image-_original \" src=\"http:\/\/grupsderecerca.uab.cat\/gbml\/sites\/grupsderecerca.uab.cat.gbml\/files\/images\/IBB1_0.jpg\" alt=\"\" width=\"489\" height=\"211\" \/><\/span><\/p>\n<p>&nbsp;<\/p>\n<p><span class=\"inline inline-left\"><img loading=\"lazy\" decoding=\"async\" class=\"image image-_original \" title=\"ModulB\" src=\"http:\/\/grupsderecerca.uab.cat\/gbml\/sites\/grupsderecerca.uab.cat.gbml\/files\/images\/index.jpg\" alt=\"ModulB\" width=\"489\" height=\"300\" \/><\/span><\/p>\n<p>&nbsp;<\/p>\n<p><strong>Com arribar-hi?<\/strong><\/p>\n<ol>\n<li>En  tren:\n<ul>\n<li>La parada <em>Universitat Aut\u00f2noma<\/em> de la l\u00ednia <span style=\"color: blue;\">S55<\/span> o <span style=\"color: green;\">S2<\/span> dels  <a href=\"http:\/\/www.fgc.es\/cat\/index.asp\">Ferrocarrils de la Generalitat de  Catalunya (FGC).<\/a>.<\/li>\n<li>La parada <em>Cerdanyola Universitat<\/em> de  la l\u00ednia <span style=\"color: purple;\">R7<\/span> de <a href=\"http:\/\/www20.gencat.cat\/portal\/site\/msi-dgac\/menuitem.fd21ac1c9aa9e73484276c10b0c0e1a0\/?vgnextoid=aaa19279cba66210VgnVCM1000008d0c1e0aRCRD&amp;vgnextchannel=aaa19279cba66210VgnVCM1000008d0c1e0aRCRD&amp;vgnextfmt=default\">RENFE<\/a>.<\/li>\n<\/ul>\n<\/li>\n<li>En vehicle propi\n<ul>\n<li>Sortida <em>Universitat  Aut\u00f2noma<\/em> de la B-30.<\/li>\n<li>Carretera BV-1414 des de Bellaterra i  Sabadell.<\/li>\n<li> Carretera de Serragalliners des de Cerdanyola del  Vall\u00e8s.<\/li>\n<\/ul>\n<\/li>\n<\/ol>\n<p><strong>L&#8217;ubicaci\u00f3 del IBB dins del Campus  la podeu veure al pl\u00e0nol seg\u00fcent i al seu enlla\u00e7 associat:<br \/><\/strong><\/p>\n<p><span class=\"inline inline-center\"><a href=\"http:\/\/maps.google.com\/maps?f=q&amp;source=s_q&amp;hl=en&amp;geocode=&amp;q=Institut+de+Biotecnologia+i+de+Biomedicina,+Cerdanyola+del+Vall%C3%A8s,+Espa%C3%B1a&amp;sll=41.499192,2.107294&amp;sspn=0.004018,0.009645&amp;ie=UTF8&amp;hq=Institut+de+Biotecnologia+i+de+Biomedicina,&amp;hnear=Cerdanyola+del+Vall%C3%A8s,+Province+of+Barcelona,+Catalonia,+Spain&amp;ll=41.499233,2.106843&amp;spn=0.004018,0.009645&amp;t=h&amp;z=17&amp;iwloc=A\" target=\"_blank\" rel=\"noopener\"><img loading=\"lazy\" decoding=\"async\" class=\"image image-original \" title=\"Planol\" src=\"http:\/\/grupsderecerca.uab.cat\/gbml\/sites\/grupsderecerca.uab.cat.gbml\/files\/images\/mapa uab.jpg\" alt=\"Planol\" width=\"1000\" height=\"500\" \/><\/a><\/span><\/p>\n","protected":false},"excerpt":{"rendered":"<p>El nostre grup es troba al Institut de Biotecnologia i Biomedicina (IBB), al Campus de la Universitat Aut\u00f2noma de Barcelona. &nbsp; &nbsp; &nbsp; Com arribar-hi? En tren: La parada Universitat Aut\u00f2noma de la l\u00ednia S55 o S2 dels Ferrocarrils de la Generalitat de Catalunya (FGC).. La parada Cerdanyola Universitat de la l\u00ednia R7 de RENFE. [&hellip;]<\/p>\n","protected":false},"author":20,"featured_media":0,"parent":0,"menu_order":0,"comment_status":"closed","ping_status":"closed","template":"","meta":{"footnotes":""},"class_list":["post-172","page","type-page","status-publish","hentry"],"_links":{"self":[{"href":"https:\/\/webs.uab.cat\/gbml\/ca\/wp-json\/wp\/v2\/pages\/172","targetHints":{"allow":["GET"]}}],"collection":[{"href":"https:\/\/webs.uab.cat\/gbml\/ca\/wp-json\/wp\/v2\/pages"}],"about":[{"href":"https:\/\/webs.uab.cat\/gbml\/ca\/wp-json\/wp\/v2\/types\/page"}],"author":[{"embeddable":true,"href":"https:\/\/webs.uab.cat\/gbml\/ca\/wp-json\/wp\/v2\/users\/20"}],"replies":[{"embeddable":true,"href":"https:\/\/webs.uab.cat\/gbml\/ca\/wp-json\/wp\/v2\/comments?post=172"}],"version-history":[{"count":0,"href":"https:\/\/webs.uab.cat\/gbml\/ca\/wp-json\/wp\/v2\/pages\/172\/revisions"}],"wp:attachment":[{"href":"https:\/\/webs.uab.cat\/gbml\/ca\/wp-json\/wp\/v2\/media?parent=172"}],"curies":[{"name":"wp","href":"https:\/\/api.w.org\/{rel}","templated":true}]}}