{"id":261,"date":"2016-10-21T14:44:13","date_gmt":"2016-10-21T12:44:13","guid":{"rendered":"https:\/\/webs.uab.cat\/gbml\/col%c2%b7laboracions\/"},"modified":"2025-02-09T20:10:29","modified_gmt":"2025-02-09T18:10:29","slug":"col%c2%b7laboracions","status":"publish","type":"page","link":"https:\/\/webs.uab.cat\/gbml\/ca\/col%c2%b7laboracions\/","title":{"rendered":"Col\u00b7laboracions"},"content":{"rendered":"\n<p><\/p>\n\n\n\n<p><\/p>\n\n\n\n<p><strong>PLAN NACIONAL DE I+D+i (BFU2017-82574-P) &#8211;<\/strong> 2018-2020<\/p>\n\n\n\n<ul class=\"wp-block-list\">\n<li>Department of Medical Chemistry University of Debrecen, Hungary.<\/li>\n\n\n\n<li>National Centre for Microbiology, Instituto de Salud Carlos III, Madrid, Spain.<\/li>\n\n\n\n<li>Instituto de Biolog\u00eda Funcional y Gen\u00f3mica (CSIC), Salamanca, Spain.<\/li>\n\n\n\n<li>Instituto de Biomedicina de Sevilla,  Seville, Spain.<\/li>\n\n\n\n<li>Institut de Biochimie et G\u00e9n\u00e9tique Cellulaires, Universit\u00e9 de Bordeaux, France.<\/li>\n\n\n\n<li>Dept. of Biochemistry and Molecular Biology, Univ. of Southern Denmark, Odense, Denmark.<\/li>\n<\/ul>\n\n\n\n<p><strong>ERA-NET Industrial Biotehcnology (PIM2010EEI-00610)<\/strong>&#8211; 2011-2013<\/p>\n\n\n\n<ul class=\"wp-block-list\">\n<li>Institute for Biotechnology and Bioengineering, Technical University of Lisbon<\/li>\n\n\n\n<li>Department of Biotechnology,  Delft University of Technology, The Netherlands<\/li>\n\n\n\n<li>School of Engineering and Science, Jacobs University Bremen, Germany<\/li>\n<\/ul>\n\n\n\n<p><strong>Project \u201cTranslucent2\u201d (ERA-NET SysMo2)<\/strong><\/p>\n\n\n\n<p>2010-2013<\/p>\n\n\n\n<ul class=\"wp-block-list\">\n<li>Humboldt-Universit\u00e4t zu Berlin, Institut f\u00fcr Biologie, Germany<\/li>\n\n\n\n<li>University of Bonn, Germany<\/li>\n\n\n\n<li>University of Applied Science Koblenz, Germany<\/li>\n\n\n\n<li>Universidad de C\u00f3rdoba, Dept. Microbiology, Spain<\/li>\n\n\n\n<li>University of Leiden, Holland<\/li>\n\n\n\n<li>London Metropolitan University, Institute for Health Research and Policy, England<\/li>\n<\/ul>\n\n\n\n<p><strong>Plan Nacional BFU2008-04188-C03-01<\/strong><\/p>\n\n\n\n<p>2008-2010<\/p>\n\n\n\n<ul class=\"wp-block-list\">\n<li>Universidad de C\u00f3rdoba, Dept. Microbiology<\/li>\n\n\n\n<li>Universitat Polit\u00e8cnica de Val\u00e8ncia, Dept. Biotechnology<\/li>\n<\/ul>\n\n\n\n<p><strong>Collaboration University of Debrecen<\/strong><\/p>\n\n\n\n<p>Acci\u00f3n Integrada HH2008-0026<br>University of Debrecen, Dept. Medical Chemistry, Hungary<\/p>\n\n\n\n<p><strong>Collaboration University of Debrecen<\/strong><\/p>\n\n\n\n<p>Acci\u00f3n Integrada HH2008-0026<br>University of Debrecen, Dept. Medical Chemistry, Hungary<\/p>\n\n\n\n<p><strong>Collaboration Sfax Biotechnology Center<\/strong><\/p>\n\n\n\n<p>AECID Mediterr\u00e1neo Ref. A\/016028\/08<br>Sfax Biotechnology Center, Sfax, Tunisia<\/p>\n\n\n\n<p><strong>Collaboration Sfax Biotechnology Center<\/strong><\/p>\n\n\n\n<p>AECID Mediterr\u00e1neo Ref. A\/016028\/08<br>Sfax Biotechnology Center, Sfax, Tunisia<\/p>\n\n\n\n<p><strong>Collaboration Stellenbosch University<\/strong><\/p>\n\n\n\n<p>Acci\u00f3n Integrada HS2007-0008<br>Stellenbosch University, Dept. Biochemistry, South Africa<\/p>\n\n\n\n<p><strong>Collaboration Stellenbosch University<\/strong><\/p>\n\n\n\n<p>Acci\u00f3n Integrada HS2007-0008<br>Stellenbosch University, Dept. Biochemistry, South Africa<\/p>\n","protected":false},"excerpt":{"rendered":"<p>PLAN NACIONAL DE I+D+i (BFU2017-82574-P) &#8211; 2018-2020 ERA-NET Industrial Biotehcnology (PIM2010EEI-00610)&#8211; 2011-2013 Project \u201cTranslucent2\u201d (ERA-NET SysMo2) 2010-2013 Plan Nacional BFU2008-04188-C03-01 2008-2010 Collaboration University of Debrecen Acci\u00f3n Integrada HH2008-0026University of Debrecen, Dept. Medical Chemistry, Hungary Collaboration University of Debrecen Acci\u00f3n Integrada HH2008-0026University of Debrecen, Dept. Medical Chemistry, Hungary Collaboration Sfax Biotechnology Center AECID Mediterr\u00e1neo Ref. A\/016028\/08Sfax [&hellip;]<\/p>\n","protected":false},"author":20,"featured_media":0,"parent":0,"menu_order":0,"comment_status":"closed","ping_status":"closed","template":"","meta":{"footnotes":""},"class_list":["post-261","page","type-page","status-publish","hentry"],"_links":{"self":[{"href":"https:\/\/webs.uab.cat\/gbml\/ca\/wp-json\/wp\/v2\/pages\/261","targetHints":{"allow":["GET"]}}],"collection":[{"href":"https:\/\/webs.uab.cat\/gbml\/ca\/wp-json\/wp\/v2\/pages"}],"about":[{"href":"https:\/\/webs.uab.cat\/gbml\/ca\/wp-json\/wp\/v2\/types\/page"}],"author":[{"embeddable":true,"href":"https:\/\/webs.uab.cat\/gbml\/ca\/wp-json\/wp\/v2\/users\/20"}],"replies":[{"embeddable":true,"href":"https:\/\/webs.uab.cat\/gbml\/ca\/wp-json\/wp\/v2\/comments?post=261"}],"version-history":[{"count":3,"href":"https:\/\/webs.uab.cat\/gbml\/ca\/wp-json\/wp\/v2\/pages\/261\/revisions"}],"predecessor-version":[{"id":1330,"href":"https:\/\/webs.uab.cat\/gbml\/ca\/wp-json\/wp\/v2\/pages\/261\/revisions\/1330"}],"wp:attachment":[{"href":"https:\/\/webs.uab.cat\/gbml\/ca\/wp-json\/wp\/v2\/media?parent=261"}],"curies":[{"name":"wp","href":"https:\/\/api.w.org\/{rel}","templated":true}]}}