{"id":178,"date":"2010-01-21T13:41:41","date_gmt":"2010-01-21T11:41:41","guid":{"rendered":"https:\/\/webs.uab.cat\/gbml\/que-hacemos\/"},"modified":"2010-01-21T13:41:41","modified_gmt":"2010-01-21T11:41:41","slug":"que-hacemos","status":"publish","type":"page","link":"https:\/\/webs.uab.cat\/gbml\/es\/que-hacemos\/","title":{"rendered":"Qu\u00e9 hacemos"},"content":{"rendered":"<p>Nuestro grupo est\u00e1 interesado en diversas facetas de la bioqu\u00edmica, la biolog\u00eda molecular i la gen\u00f3mica de la levadura <em>Saccharomyces cerevisiae<\/em>,  particularmente aquellas que implican se\u00f1alizaci\u00f3n mediante procesos de  fosfo-defosforilaci\u00f3n. As\u00ed, investigamos aspectos como la homeostasis  i\u00f3nica, la respuesta a diversas formas de estr\u00e9s o la regulaci\u00f3n del  ciclo celular. El objetivo final es obtener una visi\u00f3n integral de la  respuesta de la levadura a perturbaciones de su entorno que puedan  llevar tanto a profundizar en la biolgia de este organismo como  conducirnos hacia nuevas aplicaciones biotecnol\u00f3gicas.<\/p>\n","protected":false},"excerpt":{"rendered":"<p>Nuestro grupo est\u00e1 interesado en diversas facetas de la bioqu\u00edmica, la biolog\u00eda molecular i la gen\u00f3mica de la levadura Saccharomyces cerevisiae, particularmente aquellas que implican se\u00f1alizaci\u00f3n mediante procesos de fosfo-defosforilaci\u00f3n. As\u00ed, investigamos aspectos como la homeostasis i\u00f3nica, la respuesta a diversas formas de estr\u00e9s o la regulaci\u00f3n del ciclo celular. El objetivo final es obtener [&hellip;]<\/p>\n","protected":false},"author":20,"featured_media":0,"parent":0,"menu_order":0,"comment_status":"closed","ping_status":"closed","template":"","meta":{"footnotes":""},"class_list":["post-178","page","type-page","status-publish","hentry"],"_links":{"self":[{"href":"https:\/\/webs.uab.cat\/gbml\/es\/wp-json\/wp\/v2\/pages\/178","targetHints":{"allow":["GET"]}}],"collection":[{"href":"https:\/\/webs.uab.cat\/gbml\/es\/wp-json\/wp\/v2\/pages"}],"about":[{"href":"https:\/\/webs.uab.cat\/gbml\/es\/wp-json\/wp\/v2\/types\/page"}],"author":[{"embeddable":true,"href":"https:\/\/webs.uab.cat\/gbml\/es\/wp-json\/wp\/v2\/users\/20"}],"replies":[{"embeddable":true,"href":"https:\/\/webs.uab.cat\/gbml\/es\/wp-json\/wp\/v2\/comments?post=178"}],"version-history":[{"count":0,"href":"https:\/\/webs.uab.cat\/gbml\/es\/wp-json\/wp\/v2\/pages\/178\/revisions"}],"wp:attachment":[{"href":"https:\/\/webs.uab.cat\/gbml\/es\/wp-json\/wp\/v2\/media?parent=178"}],"curies":[{"name":"wp","href":"https:\/\/api.w.org\/{rel}","templated":true}]}}