{"id":180,"date":"2010-01-21T13:42:30","date_gmt":"2010-01-21T11:42:30","guid":{"rendered":"https:\/\/webs.uab.cat\/gbml\/donde-encontrarnos\/"},"modified":"2010-01-21T13:42:30","modified_gmt":"2010-01-21T11:42:30","slug":"donde-encontrarnos","status":"publish","type":"page","link":"https:\/\/webs.uab.cat\/gbml\/es\/donde-encontrarnos\/","title":{"rendered":"D\u00f3nde encontrarnos"},"content":{"rendered":"<p><strong>Nuestro grupo se encuentra en el Institut de Biotecnologia i Biomedicina (IBB), en el Campus de la Universitat Aut\u00f2noma de Barcelona.<\/strong><\/p>\n<p><strong>&nbsp;<\/strong><span class=\"inline inline-left\"><img loading=\"lazy\" decoding=\"async\" class=\"image image-_original \" src=\"http:\/\/grupsderecerca.uab.cat\/gbml\/sites\/grupsderecerca.uab.cat.gbml\/files\/images\/IBB1_0.jpg\" alt=\"\" width=\"489\" height=\"211\" \/><\/span><\/p>\n<p>&nbsp;<\/p>\n<p><span class=\"inline inline-left\"><img loading=\"lazy\" decoding=\"async\" class=\"image image-_original \" title=\"ModulB\" src=\"http:\/\/grupsderecerca.uab.cat\/gbml\/sites\/grupsderecerca.uab.cat.gbml\/files\/images\/index.jpg\" alt=\"ModulB\" width=\"489\" height=\"300\" \/><\/span><\/p>\n<p>&nbsp;<\/p>\n<p><strong>Com llegar?<\/strong><\/p>\n<ol>\n<li>En tren:\n<ul>\n<li>La parada <em>Universitat Aut\u00f2noma<\/em> de la l\u00ednea <span style=\"color: blue;\">S55<\/span> o <span style=\"color: green;\">S2<\/span> de los <a href=\"http:\/\/www.fgc.es\/cat\/index.asp\">Ferrocarrils de la Generalitat de Catalunya (FGC).<\/a>.<\/li>\n<li>La parada <em>Cerdanyola Universitat<\/em> de la l\u00ednea <span style=\"color: purple;\">R7<\/span> de <a href=\"http:\/\/www20.gencat.cat\/portal\/site\/msi-dgac\/menuitem.fd21ac1c9aa9e73484276c10b0c0e1a0\/?vgnextoid=aaa19279cba66210VgnVCM1000008d0c1e0aRCRD&amp;vgnextchannel=aaa19279cba66210VgnVCM1000008d0c1e0aRCRD&amp;vgnextfmt=default\">RENFE<\/a>.<\/li>\n<\/ul>\n<\/li>\n<li>En veh\u00edculo propio\n<ul>\n<li>Salida <em>Universitat Aut\u00f2noma<\/em> de la B-30.<\/li>\n<li>Carretera BV-1414 desde Bellaterra y Sabadell.<\/li>\n<li> Carretera de Serragalliners desde Cerdanyola del Vall\u00e8s.<\/li>\n<\/ul>\n<\/li>\n<\/ol>\n<p><strong>La ubicaci\u00f3n del IBB dentro del Campus la podeis ver en el mapa siguiente i su enlace associado:<br \/><\/strong><\/p>\n<p><span class=\"inline inline-center\"><a href=\"http:\/\/maps.google.com\/maps?f=q&amp;source=s_q&amp;hl=en&amp;geocode=&amp;q=Institut+de+Biotecnologia+i+de+Biomedicina,+Cerdanyola+del+Vall%C3%A8s,+Espa%C3%B1a&amp;sll=41.499192,2.107294&amp;sspn=0.004018,0.009645&amp;ie=UTF8&amp;hq=Institut+de+Biotecnologia+i+de+Biomedicina,&amp;hnear=Cerdanyola+del+Vall%C3%A8s,+Province+of+Barcelona,+Catalonia,+Spain&amp;ll=41.499233,2.106843&amp;spn=0.004018,0.009645&amp;t=h&amp;z=17&amp;iwloc=A\" target=\"_blank\" rel=\"noopener\"><img loading=\"lazy\" decoding=\"async\" class=\"image image-original \" title=\"Planol\" src=\"http:\/\/grupsderecerca.uab.cat\/gbml\/sites\/grupsderecerca.uab.cat.gbml\/files\/images\/mapa uab.jpg\" alt=\"Planol\" width=\"1000\" height=\"500\" \/><\/a><\/span><\/p>\n","protected":false},"excerpt":{"rendered":"<p>Nuestro grupo se encuentra en el Institut de Biotecnologia i Biomedicina (IBB), en el Campus de la Universitat Aut\u00f2noma de Barcelona. &nbsp; &nbsp; &nbsp; Com llegar? En tren: La parada Universitat Aut\u00f2noma de la l\u00ednea S55 o S2 de los Ferrocarrils de la Generalitat de Catalunya (FGC).. La parada Cerdanyola Universitat de la l\u00ednea R7 [&hellip;]<\/p>\n","protected":false},"author":20,"featured_media":0,"parent":0,"menu_order":0,"comment_status":"closed","ping_status":"closed","template":"","meta":{"footnotes":""},"class_list":["post-180","page","type-page","status-publish","hentry"],"_links":{"self":[{"href":"https:\/\/webs.uab.cat\/gbml\/es\/wp-json\/wp\/v2\/pages\/180","targetHints":{"allow":["GET"]}}],"collection":[{"href":"https:\/\/webs.uab.cat\/gbml\/es\/wp-json\/wp\/v2\/pages"}],"about":[{"href":"https:\/\/webs.uab.cat\/gbml\/es\/wp-json\/wp\/v2\/types\/page"}],"author":[{"embeddable":true,"href":"https:\/\/webs.uab.cat\/gbml\/es\/wp-json\/wp\/v2\/users\/20"}],"replies":[{"embeddable":true,"href":"https:\/\/webs.uab.cat\/gbml\/es\/wp-json\/wp\/v2\/comments?post=180"}],"version-history":[{"count":0,"href":"https:\/\/webs.uab.cat\/gbml\/es\/wp-json\/wp\/v2\/pages\/180\/revisions"}],"wp:attachment":[{"href":"https:\/\/webs.uab.cat\/gbml\/es\/wp-json\/wp\/v2\/media?parent=180"}],"curies":[{"name":"wp","href":"https:\/\/api.w.org\/{rel}","templated":true}]}}