{"id":182,"date":"2009-05-25T13:07:54","date_gmt":"2009-05-25T11:07:54","guid":{"rendered":"https:\/\/webs.uab.cat\/gbml\/inici-2\/"},"modified":"2025-02-09T19:46:11","modified_gmt":"2025-02-09T17:46:11","slug":"inici-2","status":"publish","type":"page","link":"https:\/\/webs.uab.cat\/gbml\/es\/","title":{"rendered":"Inicio"},"content":{"rendered":"\n<p>Nuestro grupo est\u00e1 interesado en diversos temas relacionados con la bioqu\u00edmica, la biolog\u00eda molecular y la gen\u00f3mica de levaduras, principalmente\u00a0Saccharomyces cerevisiae\u00a0y\u00a0Komagataella phaffii\u00a0(antes conocida como\u00a0Pichia\u00a0pastorios), concretamente aquellos que est\u00e1n relacionados con la se\u00f1alizaci\u00f3n celulares mediante eventos. Con este fin, investigamos los mecanismos moleculares subyacentes a las respuestas al estr\u00e9s, tanto a nivel transcripcional como traduccional, y c\u00f3mo se pueden aprovechar estos mecanismos para desarrollar nuevas plataformas de expresi\u00f3n de prote\u00ednas de inter\u00e9s industrial o biom\u00e9dico.<\/p>\n\n\n<div class=\"wp-block-image\">\n<figure class=\"aligncenter size-full\"><img loading=\"lazy\" decoding=\"async\" width=\"305\" height=\"255\" src=\"https:\/\/webs.uab.cat\/gbml\/wp-content\/uploads\/sites\/285\/2009\/05\/fotos-poster-IBB-1.png\" alt=\"\" class=\"wp-image-157\" title=\"Microscopia\" srcset=\"https:\/\/webs.uab.cat\/gbml\/wp-content\/uploads\/sites\/285\/2009\/05\/fotos-poster-IBB-1.png 305w, https:\/\/webs.uab.cat\/gbml\/wp-content\/uploads\/sites\/285\/2009\/05\/fotos-poster-IBB-1-300x251.png 300w\" sizes=\"auto, (max-width: 305px) 100vw, 305px\" \/><\/figure>\n<\/div>\n\n\n<p><\/p>\n","protected":false},"excerpt":{"rendered":"<p>Nuestro grupo est\u00e1 interesado en diversos temas relacionados con la bioqu\u00edmica, la biolog\u00eda molecular y la gen\u00f3mica de levaduras, principalmente\u00a0Saccharomyces cerevisiae\u00a0y\u00a0Komagataella phaffii\u00a0(antes conocida como\u00a0Pichia\u00a0pastorios), concretamente aquellos que est\u00e1n relacionados con la se\u00f1alizaci\u00f3n celulares mediante eventos. Con este fin, investigamos los mecanismos moleculares subyacentes a las respuestas al estr\u00e9s, tanto a nivel transcripcional como traduccional, y [&hellip;]<\/p>\n","protected":false},"author":20,"featured_media":0,"parent":0,"menu_order":0,"comment_status":"closed","ping_status":"closed","template":"","meta":{"footnotes":""},"class_list":["post-182","page","type-page","status-publish","hentry"],"_links":{"self":[{"href":"https:\/\/webs.uab.cat\/gbml\/es\/wp-json\/wp\/v2\/pages\/182","targetHints":{"allow":["GET"]}}],"collection":[{"href":"https:\/\/webs.uab.cat\/gbml\/es\/wp-json\/wp\/v2\/pages"}],"about":[{"href":"https:\/\/webs.uab.cat\/gbml\/es\/wp-json\/wp\/v2\/types\/page"}],"author":[{"embeddable":true,"href":"https:\/\/webs.uab.cat\/gbml\/es\/wp-json\/wp\/v2\/users\/20"}],"replies":[{"embeddable":true,"href":"https:\/\/webs.uab.cat\/gbml\/es\/wp-json\/wp\/v2\/comments?post=182"}],"version-history":[{"count":3,"href":"https:\/\/webs.uab.cat\/gbml\/es\/wp-json\/wp\/v2\/pages\/182\/revisions"}],"predecessor-version":[{"id":1326,"href":"https:\/\/webs.uab.cat\/gbml\/es\/wp-json\/wp\/v2\/pages\/182\/revisions\/1326"}],"wp:attachment":[{"href":"https:\/\/webs.uab.cat\/gbml\/es\/wp-json\/wp\/v2\/media?parent=182"}],"curies":[{"name":"wp","href":"https:\/\/api.w.org\/{rel}","templated":true}]}}