{"id":184,"date":"2010-01-21T13:44:51","date_gmt":"2010-01-21T11:44:51","guid":{"rendered":"https:\/\/webs.uab.cat\/gbml\/investigacion\/"},"modified":"2010-01-21T13:44:51","modified_gmt":"2010-01-21T11:44:51","slug":"investigacion","status":"publish","type":"page","link":"https:\/\/webs.uab.cat\/gbml\/es\/investigacion\/","title":{"rendered":"Investigaci\u00f3n"},"content":{"rendered":"<p>P\u00e1gina destinada a la investigaci\u00f3n del grupo<\/p>\n","protected":false},"excerpt":{"rendered":"<p>P\u00e1gina destinada a la investigaci\u00f3n del grupo<\/p>\n","protected":false},"author":20,"featured_media":0,"parent":0,"menu_order":0,"comment_status":"closed","ping_status":"closed","template":"","meta":{"footnotes":""},"class_list":["post-184","page","type-page","status-publish","hentry"],"_links":{"self":[{"href":"https:\/\/webs.uab.cat\/gbml\/es\/wp-json\/wp\/v2\/pages\/184","targetHints":{"allow":["GET"]}}],"collection":[{"href":"https:\/\/webs.uab.cat\/gbml\/es\/wp-json\/wp\/v2\/pages"}],"about":[{"href":"https:\/\/webs.uab.cat\/gbml\/es\/wp-json\/wp\/v2\/types\/page"}],"author":[{"embeddable":true,"href":"https:\/\/webs.uab.cat\/gbml\/es\/wp-json\/wp\/v2\/users\/20"}],"replies":[{"embeddable":true,"href":"https:\/\/webs.uab.cat\/gbml\/es\/wp-json\/wp\/v2\/comments?post=184"}],"version-history":[{"count":0,"href":"https:\/\/webs.uab.cat\/gbml\/es\/wp-json\/wp\/v2\/pages\/184\/revisions"}],"wp:attachment":[{"href":"https:\/\/webs.uab.cat\/gbml\/es\/wp-json\/wp\/v2\/media?parent=184"}],"curies":[{"name":"wp","href":"https:\/\/api.w.org\/{rel}","templated":true}]}}