{"id":196,"date":"2010-01-21T14:07:13","date_gmt":"2010-01-21T12:07:13","guid":{"rendered":"https:\/\/webs.uab.cat\/gbml\/servicios\/"},"modified":"2010-01-21T14:07:13","modified_gmt":"2010-01-21T12:07:13","slug":"servicios","status":"publish","type":"page","link":"https:\/\/webs.uab.cat\/gbml\/es\/servicios\/","title":{"rendered":"Servicios"},"content":{"rendered":"<p>Nuestro grupo tiene la responsabilidad cient\u00edfica del <a href=\"http:\/\/serveis.uab.cat\/genomica\/\" target=\"_blank\" rel=\"noopener\"><strong>Servei de Gen\u00f2mica (SG)<\/strong><\/a> de la UAB. Como podreis ver en su web, los servicios principales son:<\/p>\n<ol>\n<li>Secuenciaci\u00f3n de DNA<\/li>\n<li>Fabricaci\u00f3n y an\u00e1lissi de microarrays<\/li>\n<li>Real-Time PCR<\/li>\n<li>Cuantificaci\u00f3n con el Nanodrop<\/li>\n<li>Lab-chip 2100 Bioanalyzer (Agilent)<\/li>\n<\/ol>\n","protected":false},"excerpt":{"rendered":"<p>Nuestro grupo tiene la responsabilidad cient\u00edfica del Servei de Gen\u00f2mica (SG) de la UAB. Como podreis ver en su web, los servicios principales son: Secuenciaci\u00f3n de DNA Fabricaci\u00f3n y an\u00e1lissi de microarrays Real-Time PCR Cuantificaci\u00f3n con el Nanodrop Lab-chip 2100 Bioanalyzer (Agilent)<\/p>\n","protected":false},"author":20,"featured_media":0,"parent":0,"menu_order":0,"comment_status":"closed","ping_status":"closed","template":"","meta":{"footnotes":""},"class_list":["post-196","page","type-page","status-publish","hentry"],"_links":{"self":[{"href":"https:\/\/webs.uab.cat\/gbml\/es\/wp-json\/wp\/v2\/pages\/196","targetHints":{"allow":["GET"]}}],"collection":[{"href":"https:\/\/webs.uab.cat\/gbml\/es\/wp-json\/wp\/v2\/pages"}],"about":[{"href":"https:\/\/webs.uab.cat\/gbml\/es\/wp-json\/wp\/v2\/types\/page"}],"author":[{"embeddable":true,"href":"https:\/\/webs.uab.cat\/gbml\/es\/wp-json\/wp\/v2\/users\/20"}],"replies":[{"embeddable":true,"href":"https:\/\/webs.uab.cat\/gbml\/es\/wp-json\/wp\/v2\/comments?post=196"}],"version-history":[{"count":0,"href":"https:\/\/webs.uab.cat\/gbml\/es\/wp-json\/wp\/v2\/pages\/196\/revisions"}],"wp:attachment":[{"href":"https:\/\/webs.uab.cat\/gbml\/es\/wp-json\/wp\/v2\/media?parent=196"}],"curies":[{"name":"wp","href":"https:\/\/api.w.org\/{rel}","templated":true}]}}