{"id":1339,"date":"2025-02-09T20:43:25","date_gmt":"2025-02-09T18:43:25","guid":{"rendered":"https:\/\/webs.uab.cat\/gbml\/?page_id=1339"},"modified":"2025-02-09T20:57:46","modified_gmt":"2025-02-09T18:57:46","slug":"funded-research-projects-2","status":"publish","type":"page","link":"https:\/\/webs.uab.cat\/gbml\/funded-research-projects-2\/","title":{"rendered":"Public Funded Research Projects"},"content":{"rendered":"\n<p><strong>Synthetic promoters for the expression of recombinant proteins induced by alkaline stress in S. cerevisiae and P. pastoris: design, construction, and testing.<\/strong>\u00a0<\/p>\n\n\n\n<p>PROYECTOS DE GENERACI\u00d3N DE CONOCIMIENTO 2023 (Ref. PID2023-150535OB-I00). Ministerio de Ciencia e Innovaci\u00f3n.<\/p>\n\n\n\n<p> 1\/9\/2024-31\/8\/2027. (PI: J. Ari\u00f1o. co-PI: A. Casamayor)<\/p>\n\n\n\n<p><strong>Novel methanol free, ph inducible alternatives to produce industrially relevant recombinant proteins in the yeast pichia pastoris<\/strong>. <\/p>\n\n\n\n<p>PRODUCTE (Ref. 2023 PROD 00006).\u00a0AGAUR, Generalitat de Catalunya. <\/p>\n\n\n\n<p>1\/2\/2024 &#8211; 31\/07\/2025 (PI: J. Ari\u00f1o)<\/p>\n\n\n\n<p><strong>DISE\u00d1O DE NUEVOS SISTEMAS SINTETICOS PARA LA EXPRESION DE PROTEINAS RECOMBINANTES INDUCIDA POR PH ALCALINO EN LEVADURAS<\/strong><\/p>\n\n\n\n<p>Proyectos de I+D+i \u2013 RTI Tipo B (PID2020-113319RB-I00)<\/p>\n\n\n\n<p><em>Partner<\/em>: UAB<\/p>\n\n\n\n<p>Setembre 2021- Setembre 2024&nbsp;&nbsp;&nbsp;&nbsp;&nbsp;&nbsp; &nbsp;<\/p>\n\n\n\n<p><em>IP<\/em>: Joaqu\u00edn Ari\u00f1o, Antonio Casamayor<\/p>\n\n\n\n<p><strong>EXPLORACION DE LOS MECANISMOS DE HOMEOSTASIS DE CATIONES MONOVALENTES COMO NUEVA DIANA ANTIFUNGICA<\/strong><\/p>\n\n\n\n<p><strong>&nbsp;<\/strong>PLAN NACIONAL DE I+D+i (<strong>BFU2014-54591-C2-1-P<\/strong>)<\/p>\n\n\n\n<p>Partner: UAB<\/p>\n\n\n\n<p>Gener 2015-Decembre 2017&nbsp;&nbsp;&nbsp;&nbsp;&nbsp;&nbsp;&nbsp;&nbsp;&nbsp;&nbsp;&nbsp;&nbsp;&nbsp;&nbsp;&nbsp;<\/p>\n\n\n\n<p>IP: Joaqu\u00edn Ari\u00f1o, , Antonio Casamayor<\/p>\n\n\n\n<hr class=\"wp-block-separator has-alpha-channel-opacity\" \/>\n\n\n\n<p><strong>&nbsp;EVALUACION DE LA HOMEOSTASIS IONICA Y DE NUTRIENTES: DIFERENTES ESTRATEGIAS PARA UN OBJETIVO COMUN<\/strong><\/p>\n\n\n\n<p><strong>&nbsp;<\/strong>PLAN NACIONAL DE I+D+i (BFU2011-30197-C03-01)<\/p>\n\n\n\n<p>Partner: UAB<\/p>\n\n\n\n<p>Gener 2012-Decembre 2014&nbsp;&nbsp;&nbsp;&nbsp;&nbsp;&nbsp;&nbsp;&nbsp;&nbsp;&nbsp;&nbsp;&nbsp;&nbsp;&nbsp;&nbsp;&nbsp;<\/p>\n\n\n\n<p>IP: Joaqu\u00edn Ari\u00f1o<\/p>\n\n\n\n<hr class=\"wp-block-separator has-alpha-channel-opacity\" \/>\n\n\n\n<p><strong>DISE\u00d1O INTEGRAL DE LEVADURAS TOLERANTES A \u00c1CIDO AC\u00c9TICO (INTACT) \u2013 ERA-IB<\/strong><\/p>\n\n\n\n<p>Programa Nacional de Internacionalizaci\u00f3n de la I+D (PIM2010EEI-00610)<\/p>\n\n\n\n<p>Entitats participants: UAB, Technical University of Lisbon, Delft University of Technology, Jacobs University Bremen<\/p>\n\n\n\n<p>Mar\u00e7 2011 \u2013 Febrer 2014&nbsp;&nbsp;<\/p>\n\n\n\n<p>IP:&nbsp; Joaqu\u00edn Ari\u00f1o<\/p>\n\n\n\n<p><strong>MODELADO DE REDES GENICAS Y DE PROTEINAS RELEVANTES EN LA HOMEOSTASIS DE CATIONES EN LEVADURA \u2013 TRANSLUCENT 2 (ERA-NET SysMO2)<\/strong><\/p>\n\n\n\n<p>Programa Nacional de Internacionalizaci\u00f3n de la I+D (EUROINVESTIGACI\u00d3N 2009)- EUI2009-04147<\/p>\n\n\n\n<p>Entitats participants: UAB, Maz Plank Inst., Univ. Bonn, U. C\u00f3rdoba, U. Leiden, London Met. Univ.<\/p>\n\n\n\n<p>Abril 2010 \u2013 Mar\u00e7 2013&nbsp;&nbsp;<\/p>\n\n\n\n<p>IP: Joaqu\u00edn Ari\u00f1o (coordinador del Consorci)<\/p>\n\n\n\n<p><strong>FUNCTIONAL ANALYSIS OF KEY ENZYMES IN THE SIGNAL TRANSDUCTION OF PATHOGENIC FUNGI<\/strong><\/p>\n\n\n\n<p>Acci\u00f3n Integrada Hispano-H\u00fangara (Ref. HH2008-0026)<\/p>\n\n\n\n<p>Entitats participants:&nbsp; UAB \u2013 Universidad de Debrecen<\/p>\n\n\n\n<p>Gener 2009 \u2013 Desembre 2010&nbsp;<\/p>\n\n\n\n<p>IP: Joaqu\u00edn Ari\u00f1o<\/p>\n\n\n\n<p><strong>TOLERANCIA SALINA EN TRIGO: DISECCION DEL PAPEL DE UNA MAP QUINASA FOSFATASA INVOLUCRADA EN STRESS MEDIANTE SU EXPRESI\u00d3N EN LEVADURAS<\/strong><\/p>\n\n\n\n<p>AECID (Mediterr\u00e1neo, Ref. A\/016028\/08)<\/p>\n\n\n\n<p>Entitats participants:&nbsp; UAB \u2013&nbsp; Sfax Biotechnology Center (T\u00fanez)<\/p>\n\n\n\n<p>Gener 2009 \u2013 Desembre 2010&nbsp;&nbsp;&nbsp;&nbsp;&nbsp;<\/p>\n\n\n\n<p>IP: Joaqu\u00edn Ari\u00f1o \/ M. Hanin<\/p>\n\n\n\n<p><strong>VIAS DE TRANSDUCCION DE SE\u00d1AL QUE CONTROLAN LA HOMEOSTASIS DE IONES Y NUTRIENTES EN LEVADURAS<\/strong><\/p>\n\n\n\n<p>Plan Nacional I+D+I (MCIN) BFU2008-04188-C03-01<\/p>\n\n\n\n<p>Entitats participants:&nbsp; UAB (Coord. con U.P. Valencia y U. C\u00f3rdoba)<\/p>\n\n\n\n<p>Desembre 2009 \u2013&nbsp;Desembre: 2011<\/p>\n\n\n\n<p>IP: Joaqu\u00edn Ari\u00f1o (Coordinador del Proyecto)<\/p>\n\n\n\n<p><strong>Combining bioinformatics and experiments to identify the essential coenzyme A biosynthetic enzyme phosphopantothenoylcysteine decarboxylase in the yeast Saccharomyces cerevisiae<\/strong><\/p>\n\n\n\n<p>Entitat Finan\u00e7adora: MEC. Acciones Integradas de Investigaci\u00f3n Cient\u00edfica y Tecnol\u00f3gica entre Espa\u00f1a y Sud\u00e1frica (HS2007-0008)<\/p>\n\n\n\n<p>Entitats participants:&nbsp; UAB y Stellenbosch University.<\/p>\n\n\n\n<p>2008 \u2013 2009<\/p>\n\n\n\n<p>Total de la subvenci\u00f3: 15.000 \u20ac (Espec\u00edfica UAB)<\/p>\n\n\n\n<p>IP: Joaqu\u00edn Ari\u00f1o<\/p>\n\n\n\n<p><strong>Gene interaction networks and models of cation homeostasis in Saccharomyces cerevisiae \u2013TRANSLUCENT\u201d (ERA-NET System Biology of Microorganims)<\/strong><\/p>\n\n\n\n<p>Acci\u00f3n Especial Gen\u00f3mica y Prote\u00f3mica. GEN2006-27748-C2-1-E\/SYS<\/p>\n\n\n\n<p>Entitats participants:&nbsp; UAB, Maz Plank Inst., Univ. Bonn, U. C\u00f3rdoba, U. Leiden, U. Viena.<\/p>\n\n\n\n<p>Mar\u00e7 2007 \u2013 Febrer 2009&nbsp; &nbsp;&nbsp;&nbsp;<\/p>\n\n\n\n<p>IP: Joaqu\u00edn Ari\u00f1o (Coordinador del projecte)<\/p>\n\n\n\n<p><strong>Agent-based distributed decisi\u00f3n support system for brain tumour diagnosis and prognosis (HealthAgents)<\/strong><\/p>\n\n\n\n<p>Uni\u00f3 Europea&nbsp; (IST-2004-27214)<\/p>\n\n\n\n<p>1\/1\/2006 \u2013 31\/12\/2008&nbsp;<\/p>\n\n\n\n<p>IPs: Mag\u00ed Lluch (MicroArt), coordinador, Carles Ar\u00fas (UAB)<\/p>\n\n\n\n<p><strong>Fosforilaci\u00f3n de prote\u00ednas y regulaci\u00f3n de homeostasis i\u00f3nica en&nbsp;<em>S. cerevisiae<\/em><\/strong><\/p>\n\n\n\n<p>Plan Nacional I+D+I (MCyT) BFU2005_06388-C4-04_BMC&nbsp;<\/p>\n\n\n\n<p>Desembre 2006 \u2013 Desembre 2008&nbsp;&nbsp;&nbsp;&nbsp;&nbsp;&nbsp;&nbsp;&nbsp;&nbsp;&nbsp;&nbsp; &nbsp;&nbsp;&nbsp;&nbsp;&nbsp;<\/p>\n\n\n\n<p>IP: Joaqu\u00edn Ari\u00f1o<\/p>\n\n\n\n<p><strong>An\u00e1lisis transcripcional global durante el desarrollo de encefalopat\u00edas espongiformes transmisibles<\/strong><\/p>\n\n\n\n<p>Plan Nacional I+D+I (MCyT) EET2002-05168-C04-04<\/p>\n\n\n\n<p>Abril 2003&nbsp;\u2013 Abril 2006<\/p>\n\n\n\n<p>IP: Joaqu\u00edn Ari\u00f1o<\/p>\n\n\n\n<p><strong>An\u00e1lisis molecular de la respuesta de&nbsp;<em>S. cerevisiae<\/em>&nbsp;a stress salino y alcalino.<\/strong><\/p>\n\n\n\n<p>Plan Nacional I+D+I (MCyT) BMC2002-04011-C05-04&nbsp;<\/p>\n\n\n\n<p>Desembre 2002 \u2013 Desembre 2005&nbsp;&nbsp;&nbsp;&nbsp;&nbsp;&nbsp;&nbsp;&nbsp;&nbsp;&nbsp; &nbsp;&nbsp;&nbsp;&nbsp;&nbsp;&nbsp;<\/p>\n\n\n\n<p>IP: Joaqu\u00edn Ari\u00f1o<\/p>\n\n\n\n<p><strong>Fosforilaci\u00f3n de Prote\u00ednas y Se\u00f1alizaci\u00f3n de Stress<\/strong><\/p>\n\n\n\n<p>Acci\u00f3n Estrat\u00e9gica de Gen\u00f3mica y Prote\u00f3mica (MCyT), GEN2001-4707-C08-03<\/p>\n\n\n\n<p>Desembre 2002 \u2013 Desembre 2005&nbsp;&nbsp;&nbsp;&nbsp;&nbsp;&nbsp;&nbsp;&nbsp;&nbsp;&nbsp; &nbsp;&nbsp;&nbsp;&nbsp;&nbsp;&nbsp;<\/p>\n\n\n\n<p>IP: Joaqu\u00edn Ari\u00f1o<\/p>\n\n\n\n<p><strong>Creaci\u00f3n y distribuci\u00f3n de microchips de la levadura&nbsp;<em>S. cerevisiae<\/em><\/strong><\/p>\n\n\n\n<p>Acci\u00f3n Especial BIO2001-4357-E (MCyT)<\/p>\n\n\n\n<p>2002&nbsp;&nbsp;&nbsp;&nbsp;&nbsp;&nbsp;&nbsp;&nbsp;&nbsp;&nbsp; &nbsp;&nbsp;&nbsp;&nbsp;&nbsp;&nbsp;<\/p>\n\n\n\n<p>IP: Joaqu\u00edn Ari\u00f1o (coord. amb U. Valencia, U.C. Madrid i U. Salamanca)<\/p>\n\n\n\n<p><strong>Desarrollo de una Red Tem\u00e1tica sobre \u201cBiolog\u00eda Molecular de Levaduras\u201d<\/strong><\/p>\n\n\n\n<p>DURSI, Generalitat de Catalunya<\/p>\n\n\n\n<p>1999 \u2013 2004<\/p>\n\n\n\n<p>IP: Joaqu\u00edn Ari\u00f1o<\/p>\n\n\n\n<p><strong>Dise\u00f1o, construcci\u00f3n y desarrollo de vectores inducibles por pH para la expresi\u00f3n en levadura<\/strong><\/p>\n\n\n\n<p>Fundaci\u00f3n Areces<\/p>\n\n\n\n<p>1999 \u2013 2002<\/p>\n\n\n\n<p>IP: Joaqu\u00edn Ari\u00f1o<\/p>\n\n\n\n<p><strong>Estudio de la regulaci\u00f3n de las prote\u00edna fosfatasas Ppz e identificaci\u00f3n y caracterizaci\u00f3n de nuevas funciones biol\u00f3gicas<\/strong><\/p>\n\n\n\n<p>DGICYT (PB98-0565-C04-02)<\/p>\n\n\n\n<p>1\/12\/1999- 1\/12\/2002<\/p>\n\n\n\n<p>IP: Joaqu\u00edn Ari\u00f1o<\/p>\n","protected":false},"excerpt":{"rendered":"<p>Synthetic promoters for the expression of recombinant proteins induced by alkaline stress in S. cerevisiae and P. pastoris: design, construction, and testing.\u00a0 PROYECTOS DE GENERACI\u00d3N DE CONOCIMIENTO 2023 (Ref. PID2023-150535OB-I00). Ministerio de Ciencia e Innovaci\u00f3n. 1\/9\/2024-31\/8\/2027. (PI: J. Ari\u00f1o. co-PI: A. Casamayor) Novel methanol free, ph inducible alternatives to produce industrially relevant recombinant proteins in [&hellip;]<\/p>\n","protected":false},"author":1831,"featured_media":0,"parent":0,"menu_order":0,"comment_status":"closed","ping_status":"closed","template":"","meta":{"footnotes":""},"class_list":["post-1339","page","type-page","status-publish","hentry"],"_links":{"self":[{"href":"https:\/\/webs.uab.cat\/gbml\/wp-json\/wp\/v2\/pages\/1339","targetHints":{"allow":["GET"]}}],"collection":[{"href":"https:\/\/webs.uab.cat\/gbml\/wp-json\/wp\/v2\/pages"}],"about":[{"href":"https:\/\/webs.uab.cat\/gbml\/wp-json\/wp\/v2\/types\/page"}],"author":[{"embeddable":true,"href":"https:\/\/webs.uab.cat\/gbml\/wp-json\/wp\/v2\/users\/1831"}],"replies":[{"embeddable":true,"href":"https:\/\/webs.uab.cat\/gbml\/wp-json\/wp\/v2\/comments?post=1339"}],"version-history":[{"count":2,"href":"https:\/\/webs.uab.cat\/gbml\/wp-json\/wp\/v2\/pages\/1339\/revisions"}],"predecessor-version":[{"id":1346,"href":"https:\/\/webs.uab.cat\/gbml\/wp-json\/wp\/v2\/pages\/1339\/revisions\/1346"}],"wp:attachment":[{"href":"https:\/\/webs.uab.cat\/gbml\/wp-json\/wp\/v2\/media?parent=1339"}],"curies":[{"name":"wp","href":"https:\/\/api.w.org\/{rel}","templated":true}]}}